{"id":66,"date":"2014-10-26T21:11:40","date_gmt":"2014-10-26T20:11:40","guid":{"rendered":"http:\/\/pilau.fr\/wordpress\/?page_id=66"},"modified":"2023-12-25T17:56:05","modified_gmt":"2023-12-25T16:56:05","slug":"autour-des-bulles","status":"publish","type":"page","link":"https:\/\/pilau.fr\/wordpress\/?page_id=66","title":{"rendered":"Autour des bulles"},"content":{"rendered":"<p>La bande dessin\u00e9e est aussi un objet d&rsquo;\u00e9tude, d&rsquo;analyse, de critique, de pol\u00e9miques&#8230;<\/p>\n<p>Entre les cases\u00a0prend part au d\u00e9bat :<\/p>\n<ul>\n<li>en organisant, avec Stimuli et le LDAR le <a href=\"http:\/\/www.stimuli-asso.com\/tsds2\/\"><strong>colloque intergalactique <em>Telling Science Drawing Science <\/em><\/strong><\/a>\u00e0 la Cit\u00e9 internationale de la bande dessin\u00e9e et de l&rsquo;image &#8211;\u00a0(TSDS#1 en\u00a0novembre 2016 \u2013 TSDS#2 en\u00a0mai 2019 &#8211; TSDS#3 \u00e0 venir en d\u00e9c 2021)<\/li>\n<li>par des articles et des textes th\u00e9oriques de Pilau Daures <a title=\"du9.org\" href=\"http:\/\/pilau.fr\/wordpress\/?page_id=69\">ici<\/a> et <a href=\"http:\/\/neuviemeart.citebd.org\/spip.php?article804\" target=\"_blank\" rel=\"noopener noreferrer\">l\u00e0<\/a>, et aussi <a title=\"m\u00e9moire\" href=\"http:\/\/neuviemeart.citebd.org\/spip.php?page=memoire&amp;id_memoire=21\" target=\"_blank\" rel=\"noopener noreferrer\">l\u00e0<\/a>,<\/li>\n<li>par un chapitre dans \u00ab\u00a0<a href=\"http:\/\/numerique.editionsducercledelalibrairie.com\/product_details\/149\/9782765415688\/Bande%20dessinee%20en%20bibliotheque\/\"><em>bande dessin\u00e9e en biblioth\u00e8que<\/em><\/a>\u00a0\u00bb livre dirig\u00e9 par Ma\u00ebl Rannou et paru en 2018 aux \u00e9ditions du Cercle de la Librairie<\/li>\n<li>en participant au\u00a0projet de recherche\u00a0<a href=\"http:\/\/www.ldar.univ-paris-diderot.fr\/sarabandes\" target=\"_blank\" rel=\"noopener noreferrer\">SARABANDES<\/a> (Stimuler l\u2019Apprentissage et la R\u00e9flexion par des Ateliers de BANde-DESsin\u00e9e) associant le Laboratoire de didactique Andr\u00e9 Revuz (universit\u00e9 Paris Diderot), l&rsquo;association Stimuli et l\u2019Explorad\u00f4me&#8230; puis en participant \u00e0 la r\u00e9daction d&rsquo;articles dans des revues scientifiques : Trema, JCom, etc<\/li>\n<li>en organisant avec Vincent et Adrien le s\u00e9minaire <em><a title=\"Ecritures visuelles de l\u2019histoire\" href=\"http:\/\/pilau.fr\/wordpress\/?page_id=215\">Ecritures visuelles de l&rsquo;histoire<\/a><\/em><\/li>\n<li>en aidant l&rsquo;ami Alfonso Zapico \u00e0 organiser le s\u00e9minaire <em>Graphit<\/em> :\u00a0imaginer des pistes de reconversion pour une friche industrielle de Las Cuencas Mineras (Asturies, Espagne)<\/li>\n<li>et par <a title=\"Cours, conf\u00e9rences, colloques\" href=\"http:\/\/pilau.fr\/wordpress\/?page_id=83\">des cours, des conf\u00e9rences, des communications en colloque<\/a>, des animations de rencontres, de table rondes, etc<\/li>\n<\/ul>\n<p><a href=\"http:\/\/www.ceei.es\/vernoticia.asp?idNoticia=ye6tql8xrhw6iwrmc8\" target=\"_blank\" rel=\"noopener noreferrer\"><img loading=\"lazy\" decoding=\"async\" class=\"aligncenter wp-image-227 size-large\" src=\"http:\/\/pilau.fr\/wordpress\/wp-content\/uploads\/2014\/10\/afiche-738x1024.jpg\" alt=\"afiche\" width=\"593\" height=\"822\" srcset=\"https:\/\/pilau.fr\/wordpress\/wp-content\/uploads\/2014\/10\/afiche-738x1024.jpg 738w, https:\/\/pilau.fr\/wordpress\/wp-content\/uploads\/2014\/10\/afiche-216x300.jpg 216w, https:\/\/pilau.fr\/wordpress\/wp-content\/uploads\/2014\/10\/afiche.jpg 879w\" sizes=\"(max-width: 593px) 100vw, 593px\" \/><\/a><a href=\"https:\/\/tsds2019.sciencesconf.org\"><img loading=\"lazy\" decoding=\"async\" class=\"aligncenter size-large wp-image-1058\" src=\"http:\/\/pilau.fr\/wordpress\/wp-content\/uploads\/2014\/10\/afficheTSDS_maj8mai2019-724x1024.jpg\" alt=\"\" width=\"593\" height=\"839\" srcset=\"https:\/\/pilau.fr\/wordpress\/wp-content\/uploads\/2014\/10\/afficheTSDS_maj8mai2019-724x1024.jpg 724w, https:\/\/pilau.fr\/wordpress\/wp-content\/uploads\/2014\/10\/afficheTSDS_maj8mai2019-212x300.jpg 212w, https:\/\/pilau.fr\/wordpress\/wp-content\/uploads\/2014\/10\/afficheTSDS_maj8mai2019-768x1086.jpg 768w, https:\/\/pilau.fr\/wordpress\/wp-content\/uploads\/2014\/10\/afficheTSDS_maj8mai2019.jpg 1476w\" sizes=\"(max-width: 593px) 100vw, 593px\" \/><\/a><\/p>\n","protected":false},"excerpt":{"rendered":"<p>La bande dessin\u00e9e est aussi un objet d&rsquo;\u00e9tude, d&rsquo;analyse, de critique, de pol\u00e9miques&#8230; Entre les cases\u00a0prend part au d\u00e9bat : en organisant, avec Stimuli et le LDAR le colloque intergalactique Telling Science Drawing Science \u00e0 la Cit\u00e9 internationale de la&hellip;<\/p>\n<p class=\"more-link-p\"><a class=\"more-link\" href=\"https:\/\/pilau.fr\/wordpress\/?page_id=66\">Read more &rarr;<\/a><\/p>\n","protected":false},"author":1,"featured_media":0,"parent":0,"menu_order":0,"comment_status":"open","ping_status":"open","template":"","meta":{"footnotes":""},"_links":{"self":[{"href":"https:\/\/pilau.fr\/wordpress\/index.php?rest_route=\/wp\/v2\/pages\/66"}],"collection":[{"href":"https:\/\/pilau.fr\/wordpress\/index.php?rest_route=\/wp\/v2\/pages"}],"about":[{"href":"https:\/\/pilau.fr\/wordpress\/index.php?rest_route=\/wp\/v2\/types\/page"}],"author":[{"embeddable":true,"href":"https:\/\/pilau.fr\/wordpress\/index.php?rest_route=\/wp\/v2\/users\/1"}],"replies":[{"embeddable":true,"href":"https:\/\/pilau.fr\/wordpress\/index.php?rest_route=%2Fwp%2Fv2%2Fcomments&post=66"}],"version-history":[{"count":13,"href":"https:\/\/pilau.fr\/wordpress\/index.php?rest_route=\/wp\/v2\/pages\/66\/revisions"}],"predecessor-version":[{"id":1162,"href":"https:\/\/pilau.fr\/wordpress\/index.php?rest_route=\/wp\/v2\/pages\/66\/revisions\/1162"}],"wp:attachment":[{"href":"https:\/\/pilau.fr\/wordpress\/index.php?rest_route=%2Fwp%2Fv2%2Fmedia&parent=66"}],"curies":[{"name":"wp","href":"https:\/\/api.w.org\/{rel}","templated":true}]}}