{"id":53,"date":"2014-10-26T15:12:22","date_gmt":"2014-10-26T14:12:22","guid":{"rendered":"http:\/\/pilau.fr\/wordpress\/?page_id=53"},"modified":"2015-06-18T10:31:55","modified_gmt":"2015-06-18T09:31:55","slug":"latelier-bd-de-vincennes","status":"publish","type":"page","link":"https:\/\/pilau.fr\/wordpress\/?page_id=53","title":{"rendered":"L&rsquo;atelier BD de Vincennes"},"content":{"rendered":"<p><img loading=\"lazy\" decoding=\"async\" class=\" size-medium wp-image-54 alignleft\" src=\"http:\/\/pilau.fr\/wordpress\/wp-content\/uploads\/2014\/10\/affiche-atelier-sorano-2014-211x300.jpg\" alt=\"affiche atelier sorano 2014\" width=\"211\" height=\"300\" srcset=\"https:\/\/pilau.fr\/wordpress\/wp-content\/uploads\/2014\/10\/affiche-atelier-sorano-2014-211x300.jpg 211w, https:\/\/pilau.fr\/wordpress\/wp-content\/uploads\/2014\/10\/affiche-atelier-sorano-2014-721x1024.jpg 721w, https:\/\/pilau.fr\/wordpress\/wp-content\/uploads\/2014\/10\/affiche-atelier-sorano-2014-845x1198.jpg 845w, https:\/\/pilau.fr\/wordpress\/wp-content\/uploads\/2014\/10\/affiche-atelier-sorano-2014-33x48.jpg 33w, https:\/\/pilau.fr\/wordpress\/wp-content\/uploads\/2014\/10\/affiche-atelier-sorano-2014-570x808.jpg 570w, https:\/\/pilau.fr\/wordpress\/wp-content\/uploads\/2014\/10\/affiche-atelier-sorano-2014-200x283.jpg 200w, https:\/\/pilau.fr\/wordpress\/wp-content\/uploads\/2014\/10\/affiche-atelier-sorano-2014.jpg 1749w\" sizes=\"(max-width: 211px) 100vw, 211px\" \/>Toutes les semaines, ils se r\u00e9unissent pour faire des bandes dessin\u00e9es : Ecrire des sc\u00e9narios, cr\u00e9er des personnages, d\u00e9couper une histoire en images, crayonner, encrer&#8230; \u00a0et faire un livre \u00e0 la fin de l&rsquo;ann\u00e9e !<\/p>\n<p>Qui sont ils ? des coll\u00e9giens, des lyc\u00e9ens, des adultes, de Vincennes ou d&rsquo;ailleurs, qui ont envie de raconter des histoires en images, quel que soit leur niveau en dessin<\/p>\n<p>L&rsquo;atelier BD de Vincennes se propose\u00a0de\u00a0vous\u00a0faire d\u00e9couvrir la diversit\u00e9 narrative et graphique de la bande dessin\u00e9e, de vous donner les cl\u00e9s pour comprendre et s\u2019approprier son langage sp\u00e9cifique\u00a0et de vous accompagner dans la cr\u00e9ation d\u2019une bande dessin\u00e9e.<\/p>\n<p>Ensemble, nous d\u00e9couvrirons le storyboard et le sc\u00e9nario d\u00e9taill\u00e9 (construire un sc\u00e9nario, d\u00e9couper une s\u00e9quence en cases, composer l\u2019espace de la planche\u2026), les techniques de cr\u00e9ation d\u2019une bande dessin\u00e9e\u00a0(du sc\u00e9nario \u00e0 l\u2019encrage et \u00e0 l\u2019\u00e9dition, en passant par le crayonn\u00e9, le lettrage\u2026), l\u2019\u00e9quilibre entre texte et image, les signes de la bande dessin\u00e9e\u00a0(onomatop\u00e9es, pictogrammes, etc.).<\/p>\n<p>Au cours des s\u00e9ances, nous d\u00e9couvrirons ensemble de nouvelles bandes dessin\u00e9es, nous \u00e9tudierons les diff\u00e9rentes techniques et vous r\u00e9aliserez votre projet personnel de bande dessin\u00e9e.<\/p>\n<p>Il n\u2019est pas n\u00e9cessaire d\u2019\u00eatre un bon dessinateur pour participer \u00e0 cet atelier : il suffit d\u2019aimer dessiner (un peu) et d\u2019aimer lire des bandes dessin\u00e9es (beaucoup).<\/p>\n<p>Les travaux se trouvent sur <a title=\"L'atelier BD \u00e0 Vincennes\" href=\"http:\/\/atelierbdavincennes.wordpress.com\" target=\"_blank\">le blog de l&rsquo;atelier BD \u00e0 Vincennes<\/a> :<\/p>\n<table class=\"tableau\">\n<tbody>\n<tr>\n<td class=\"col-lg-3\"><strong>Mercredi<\/strong><\/td>\n<td class=\"col-lg-3 color\"><strong>17h30-19h<\/strong><\/td>\n<td class=\"col-lg-3\"><strong>\u00c0 partir de 12 ans<\/strong><\/td>\n<\/tr>\n<tr>\n<td class=\"col-lg-3\"><strong>Mercredi<\/strong><\/td>\n<td class=\"col-lg-3 color\"><strong>19h-20h30<\/strong><\/td>\n<td class=\"col-lg-3\"><strong>adultes<\/strong><\/td>\n<\/tr>\n<tr>\n<td class=\"col-lg-3\"><strong>Jeudi\u00a0<\/strong><\/td>\n<td class=\"col-lg-3 color\"><strong>17h30-19h<\/strong><\/td>\n<td class=\"col-lg-3\"><strong>\u00c0 partir de 12 ans<\/strong><\/td>\n<\/tr>\n<\/tbody>\n<\/table>\n<p>la fiche d&rsquo;inscriptionest ici :\u00a0<a href=\"http:\/\/pilau.fr\/wordpress\/wp-content\/uploads\/2014\/10\/Fiche-inscription-BD-2015.pdf\">Fiche inscription BD 2015<\/a><\/p>\n","protected":false},"excerpt":{"rendered":"<p>Toutes les semaines, ils se r\u00e9unissent pour faire des bandes dessin\u00e9es : Ecrire des sc\u00e9narios, cr\u00e9er des personnages, d\u00e9couper une histoire en images, crayonner, encrer&#8230; \u00a0et faire un livre \u00e0 la fin de l&rsquo;ann\u00e9e ! Qui sont ils ? des&hellip;<\/p>\n<p class=\"more-link-p\"><a class=\"more-link\" href=\"https:\/\/pilau.fr\/wordpress\/?page_id=53\">Read more &rarr;<\/a><\/p>\n","protected":false},"author":1,"featured_media":0,"parent":50,"menu_order":0,"comment_status":"open","ping_status":"open","template":"","meta":{"footnotes":""},"_links":{"self":[{"href":"https:\/\/pilau.fr\/wordpress\/index.php?rest_route=\/wp\/v2\/pages\/53"}],"collection":[{"href":"https:\/\/pilau.fr\/wordpress\/index.php?rest_route=\/wp\/v2\/pages"}],"about":[{"href":"https:\/\/pilau.fr\/wordpress\/index.php?rest_route=\/wp\/v2\/types\/page"}],"author":[{"embeddable":true,"href":"https:\/\/pilau.fr\/wordpress\/index.php?rest_route=\/wp\/v2\/users\/1"}],"replies":[{"embeddable":true,"href":"https:\/\/pilau.fr\/wordpress\/index.php?rest_route=%2Fwp%2Fv2%2Fcomments&post=53"}],"version-history":[{"count":3,"href":"https:\/\/pilau.fr\/wordpress\/index.php?rest_route=\/wp\/v2\/pages\/53\/revisions"}],"predecessor-version":[{"id":570,"href":"https:\/\/pilau.fr\/wordpress\/index.php?rest_route=\/wp\/v2\/pages\/53\/revisions\/570"}],"up":[{"embeddable":true,"href":"https:\/\/pilau.fr\/wordpress\/index.php?rest_route=\/wp\/v2\/pages\/50"}],"wp:attachment":[{"href":"https:\/\/pilau.fr\/wordpress\/index.php?rest_route=%2Fwp%2Fv2%2Fmedia&parent=53"}],"curies":[{"name":"wp","href":"https:\/\/api.w.org\/{rel}","templated":true}]}}