{"id":500,"date":"2015-03-21T19:12:16","date_gmt":"2015-03-21T18:12:16","guid":{"rendered":"http:\/\/pilau.fr\/wordpress\/?page_id=500"},"modified":"2015-03-21T19:51:28","modified_gmt":"2015-03-21T18:51:28","slug":"lart-nait-dans-les-carnets","status":"publish","type":"page","link":"https:\/\/pilau.fr\/wordpress\/?page_id=500","title":{"rendered":"L&rsquo;art na\u00eet dans les carnets"},"content":{"rendered":"<p><a href=\"http:\/\/pilau.fr\/wordpress\/wp-content\/uploads\/2014\/11\/Logo-carnets3.jpg\"><br \/>\n<img loading=\"lazy\" decoding=\"async\" class=\"aligncenter size-medium wp-image-496\" src=\"http:\/\/pilau.fr\/wordpress\/wp-content\/uploads\/2014\/11\/Logo-carnets3-300x98.jpg\" alt=\"Logo carnets3\" width=\"300\" height=\"98\" srcset=\"https:\/\/pilau.fr\/wordpress\/wp-content\/uploads\/2014\/11\/Logo-carnets3-300x98.jpg 300w, https:\/\/pilau.fr\/wordpress\/wp-content\/uploads\/2014\/11\/Logo-carnets3-1024x336.jpg 1024w\" sizes=\"(max-width: 300px) 100vw, 300px\" \/><\/a><\/p>\n<ul>\n<li>Une belle exposition de carnets de dessinateurs<\/li>\n<li>Angoul\u00eame, dans une boutique d\u00e9saffect\u00e9e de la rue Sainte Marie<\/li>\n<li>Durant le festival international de la bande dessin\u00e9e (FIBD) 2011<\/li>\n<li>Production : Association Argh !<\/li>\n<li>avec Wei Li, Alex Dantas, Nicolas Boucher, Emilie Fabre, Emma Vakarelova, Russlan, Jooa Chung, Samir Dahmani, Pilau,\u00a0Antoine Maillard, Guillaume Maroncle, Alvaro Nofuentes,\u00a0Jonathan Courteix,\u00a0Julie Michelin,\u00a0Junik Shin,\u00a0Mathilde Pignatelli,\u00a0Morgane Parisi,\u00a0Nicolas Courgeon,\u00a0Olivier Cr\u00e9pin,\u00a0Pierre-Louis Barge,\u00a0Paul Rey,\u00a0Romain Maill\u00e9,\u00a0Sarah Ayadi,\u00a0Valentin Szejnman<\/li>\n<li>et de belles visites de Baru (pr\u00e9sident du festival 2011), Bobby Chiu, Alberto Ruiz&#8230;<\/li>\n<\/ul>\n<p>Les artistes et auteurs de bande dessin\u00e9e de l\u2019Ecole Europ\u00e9enne Sup\u00e9rieure de l\u2019Image exposent leurs carnets de dessins. Carnets intimes, carnets \u2013 laboratoires, carnets \u2013 livres, carnets \u2013 passe temps\u2026 Compagnons quotidiens des dessinateurs, les carnets se donnent pour la premi\u00e8re fois \u00e0 lire et \u00e0 regarder.<\/p>\n<p><strong>L\u2019exposition CARTNETS <\/strong>met en lumi\u00e8re le processus de cr\u00e9ation \u00e0 travers ce que les artistes et auteurs ont de plus personnel\u00a0: leurs carnets de dessin.<\/p>\n<p>Le carnet est le lieu o\u00f9 la main et l\u2019\u0153il se retrouvent pour engendrer une image neuve qui doit autant \u00e0 l\u2019empreinte que le r\u00e9el a laiss\u00e9e sur le dessinateur qu\u2019\u00e0 son imaginaire personnel.<\/p>\n<p>Le carnet est le lieu o\u00f9 les images sont produites, l\u2019usine d\u2019o\u00f9 sortent les prototypes qui seront op\u00e9r\u00e9s dans les \u0153uvres futures. Lorsque l\u2019image prend forme, dans l\u2019alchimie de la main, de l\u2019\u0153il et du carnet, il se joue quelque chose de plus important qu\u2019une tentative hasardeuse. Le carnet n\u2019est pas un laboratoire, c\u2019est d\u00e9j\u00e0 un livre.<\/p>\n<p>En suspension, accroch\u00e9s aux murs, pos\u00e9s sur des tables, \u00e9parpill\u00e9s \u00e0 m\u00eame le sol, expos\u00e9s sur pr\u00e9sentoirs\u2026 l\u2019installation de ces carnets invite le visiteur vers une lecture curieuse, d\u00e9routante, amus\u00e9e, intime pour le conduire \u00e0 reconsid\u00e9rer un travail jusque-l\u00e0 inconnu et ignor\u00e9.<\/p>\n<p><a href=\"http:\/\/pilau.fr\/wordpress\/wp-content\/uploads\/2015\/03\/carnets-vitrine-73.jpg\"><img loading=\"lazy\" decoding=\"async\" class=\"aligncenter size-medium wp-image-512\" src=\"http:\/\/pilau.fr\/wordpress\/wp-content\/uploads\/2015\/03\/carnets-vitrine5-300x224.jpg\" alt=\"carnets vitrine5\" width=\"300\" height=\"224\" srcset=\"https:\/\/pilau.fr\/wordpress\/wp-content\/uploads\/2015\/03\/carnets-vitrine5-300x224.jpg 300w, https:\/\/pilau.fr\/wordpress\/wp-content\/uploads\/2015\/03\/carnets-vitrine5-1024x768.jpg 1024w, https:\/\/pilau.fr\/wordpress\/wp-content\/uploads\/2015\/03\/carnets-vitrine5.jpg 1792w\" sizes=\"(max-width: 300px) 100vw, 300px\" \/><img loading=\"lazy\" decoding=\"async\" class=\"aligncenter size-medium wp-image-511\" src=\"http:\/\/pilau.fr\/wordpress\/wp-content\/uploads\/2015\/03\/carnets-vitrine-73-300x225.jpg\" alt=\"carnets  vitrine 73\" width=\"300\" height=\"225\" srcset=\"https:\/\/pilau.fr\/wordpress\/wp-content\/uploads\/2015\/03\/carnets-vitrine-73-300x225.jpg 300w, https:\/\/pilau.fr\/wordpress\/wp-content\/uploads\/2015\/03\/carnets-vitrine-73.jpg 1024w\" sizes=\"(max-width: 300px) 100vw, 300px\" \/><\/a><a href=\"http:\/\/pilau.fr\/wordpress\/wp-content\/uploads\/2015\/03\/ext\u00e9rieur-nuit-28.jpg\"><img loading=\"lazy\" decoding=\"async\" class=\"aligncenter size-medium wp-image-513\" src=\"http:\/\/pilau.fr\/wordpress\/wp-content\/uploads\/2015\/03\/ext\u00e9rieur-nuit-28-300x225.jpg\" alt=\"ext\u00e9rieur nuit 28\" width=\"300\" height=\"225\" srcset=\"https:\/\/pilau.fr\/wordpress\/wp-content\/uploads\/2015\/03\/ext\u00e9rieur-nuit-28-300x225.jpg 300w, https:\/\/pilau.fr\/wordpress\/wp-content\/uploads\/2015\/03\/ext\u00e9rieur-nuit-28-1024x768.jpg 1024w, https:\/\/pilau.fr\/wordpress\/wp-content\/uploads\/2015\/03\/ext\u00e9rieur-nuit-28.jpg 2048w\" sizes=\"(max-width: 300px) 100vw, 300px\" \/><img loading=\"lazy\" decoding=\"async\" class=\"aligncenter size-medium wp-image-514\" src=\"http:\/\/pilau.fr\/wordpress\/wp-content\/uploads\/2015\/03\/ext\u00e9rieur-nuit-29-300x242.jpg\" alt=\"ext\u00e9rieur nuit 29\" width=\"300\" height=\"242\" srcset=\"https:\/\/pilau.fr\/wordpress\/wp-content\/uploads\/2015\/03\/ext\u00e9rieur-nuit-29-300x242.jpg 300w, https:\/\/pilau.fr\/wordpress\/wp-content\/uploads\/2015\/03\/ext\u00e9rieur-nuit-29-1024x827.jpg 1024w, https:\/\/pilau.fr\/wordpress\/wp-content\/uploads\/2015\/03\/ext\u00e9rieur-nuit-29.jpg 1896w\" sizes=\"(max-width: 300px) 100vw, 300px\" \/><img loading=\"lazy\" decoding=\"async\" class=\"aligncenter size-medium wp-image-510\" src=\"http:\/\/pilau.fr\/wordpress\/wp-content\/uploads\/2015\/03\/carnet_alvaro-300x216.jpg\" alt=\"carnet_alvaro\" width=\"300\" height=\"216\" srcset=\"https:\/\/pilau.fr\/wordpress\/wp-content\/uploads\/2015\/03\/carnet_alvaro-300x216.jpg 300w, https:\/\/pilau.fr\/wordpress\/wp-content\/uploads\/2015\/03\/carnet_alvaro.jpg 825w\" sizes=\"(max-width: 300px) 100vw, 300px\" \/><img loading=\"lazy\" decoding=\"async\" class=\"aligncenter size-medium wp-image-515\" src=\"http:\/\/pilau.fr\/wordpress\/wp-content\/uploads\/2015\/03\/int\u00e9rieur-29-300x225.jpg\" alt=\"int\u00e9rieur 29\" width=\"300\" height=\"225\" srcset=\"https:\/\/pilau.fr\/wordpress\/wp-content\/uploads\/2015\/03\/int\u00e9rieur-29-300x225.jpg 300w, https:\/\/pilau.fr\/wordpress\/wp-content\/uploads\/2015\/03\/int\u00e9rieur-29-1024x768.jpg 1024w, https:\/\/pilau.fr\/wordpress\/wp-content\/uploads\/2015\/03\/int\u00e9rieur-29.jpg 1600w\" sizes=\"(max-width: 300px) 100vw, 300px\" \/><img loading=\"lazy\" decoding=\"async\" class=\"aligncenter size-medium wp-image-509\" src=\"http:\/\/pilau.fr\/wordpress\/wp-content\/uploads\/2015\/03\/Carnet-AlexDantas-224x300.jpg\" alt=\"Carnet - AlexDantas\" width=\"224\" height=\"300\" srcset=\"https:\/\/pilau.fr\/wordpress\/wp-content\/uploads\/2015\/03\/Carnet-AlexDantas-224x300.jpg 224w, https:\/\/pilau.fr\/wordpress\/wp-content\/uploads\/2015\/03\/Carnet-AlexDantas-767x1024.jpg 767w, https:\/\/pilau.fr\/wordpress\/wp-content\/uploads\/2015\/03\/Carnet-AlexDantas.jpg 800w\" sizes=\"(max-width: 224px) 100vw, 224px\" \/><\/a><a href=\"http:\/\/pilau.fr\/wordpress\/wp-content\/uploads\/2015\/03\/int\u00e9rieur-30.jpg\"><img loading=\"lazy\" decoding=\"async\" class=\"aligncenter size-medium wp-image-516\" src=\"http:\/\/pilau.fr\/wordpress\/wp-content\/uploads\/2015\/03\/int\u00e9rieur-30-300x225.jpg\" alt=\"int\u00e9rieur 30\" width=\"300\" height=\"225\" srcset=\"https:\/\/pilau.fr\/wordpress\/wp-content\/uploads\/2015\/03\/int\u00e9rieur-30-300x225.jpg 300w, https:\/\/pilau.fr\/wordpress\/wp-content\/uploads\/2015\/03\/int\u00e9rieur-30-1024x768.jpg 1024w, https:\/\/pilau.fr\/wordpress\/wp-content\/uploads\/2015\/03\/int\u00e9rieur-30.jpg 1600w\" sizes=\"(max-width: 300px) 100vw, 300px\" \/><img loading=\"lazy\" decoding=\"async\" class=\"aligncenter size-medium wp-image-508\" src=\"http:\/\/pilau.fr\/wordpress\/wp-content\/uploads\/2015\/03\/alberto-ruiz-1-300x181.jpg\" alt=\"alberto ruiz 1\" width=\"300\" height=\"181\" srcset=\"https:\/\/pilau.fr\/wordpress\/wp-content\/uploads\/2015\/03\/alberto-ruiz-1-300x181.jpg 300w, https:\/\/pilau.fr\/wordpress\/wp-content\/uploads\/2015\/03\/alberto-ruiz-1-1024x619.jpg 1024w, https:\/\/pilau.fr\/wordpress\/wp-content\/uploads\/2015\/03\/alberto-ruiz-1.jpg 2045w\" sizes=\"(max-width: 300px) 100vw, 300px\" \/><\/a> <a href=\"http:\/\/pilau.fr\/wordpress\/wp-content\/uploads\/2015\/03\/int\u00e9rieur-63.jpg\"><img loading=\"lazy\" decoding=\"async\" class=\"aligncenter size-medium wp-image-517\" src=\"http:\/\/pilau.fr\/wordpress\/wp-content\/uploads\/2015\/03\/int\u00e9rieur-63-300x267.jpg\" alt=\"int\u00e9rieur 63\" width=\"300\" height=\"267\" srcset=\"https:\/\/pilau.fr\/wordpress\/wp-content\/uploads\/2015\/03\/int\u00e9rieur-63-300x267.jpg 300w, https:\/\/pilau.fr\/wordpress\/wp-content\/uploads\/2015\/03\/int\u00e9rieur-63.jpg 862w\" sizes=\"(max-width: 300px) 100vw, 300px\" \/><\/a> <a href=\"http:\/\/pilau.fr\/wordpress\/wp-content\/uploads\/2015\/03\/int\u00e9rieur-67.jpg\"><img loading=\"lazy\" decoding=\"async\" class=\"aligncenter size-medium wp-image-518\" src=\"http:\/\/pilau.fr\/wordpress\/wp-content\/uploads\/2015\/03\/int\u00e9rieur-67-300x225.jpg\" alt=\"int\u00e9rieur 67\" width=\"300\" height=\"225\" srcset=\"https:\/\/pilau.fr\/wordpress\/wp-content\/uploads\/2015\/03\/int\u00e9rieur-67-300x225.jpg 300w, https:\/\/pilau.fr\/wordpress\/wp-content\/uploads\/2015\/03\/int\u00e9rieur-67.jpg 1024w\" sizes=\"(max-width: 300px) 100vw, 300px\" \/><\/a> <a href=\"http:\/\/pilau.fr\/wordpress\/wp-content\/uploads\/2015\/03\/int\u00e9rieur-et-vitrine-68.jpg\"><img loading=\"lazy\" decoding=\"async\" class=\"aligncenter size-medium wp-image-519\" src=\"http:\/\/pilau.fr\/wordpress\/wp-content\/uploads\/2015\/03\/int\u00e9rieur-et-vitrine-68-300x225.jpg\" alt=\"int\u00e9rieur et vitrine 68\" width=\"300\" height=\"225\" srcset=\"https:\/\/pilau.fr\/wordpress\/wp-content\/uploads\/2015\/03\/int\u00e9rieur-et-vitrine-68-300x225.jpg 300w, https:\/\/pilau.fr\/wordpress\/wp-content\/uploads\/2015\/03\/int\u00e9rieur-et-vitrine-68.jpg 1024w\" sizes=\"(max-width: 300px) 100vw, 300px\" \/><\/a> <a href=\"http:\/\/pilau.fr\/wordpress\/wp-content\/uploads\/2015\/03\/int\u00e9rieur-jour-69.jpg\"><img loading=\"lazy\" decoding=\"async\" class=\"aligncenter size-medium wp-image-520\" src=\"http:\/\/pilau.fr\/wordpress\/wp-content\/uploads\/2015\/03\/int\u00e9rieur-jour-69-300x225.jpg\" alt=\"int\u00e9rieur jour 69\" width=\"300\" height=\"225\" srcset=\"https:\/\/pilau.fr\/wordpress\/wp-content\/uploads\/2015\/03\/int\u00e9rieur-jour-69-300x225.jpg 300w, https:\/\/pilau.fr\/wordpress\/wp-content\/uploads\/2015\/03\/int\u00e9rieur-jour-69.jpg 1024w\" sizes=\"(max-width: 300px) 100vw, 300px\" \/><\/a> <a href=\"http:\/\/pilau.fr\/wordpress\/wp-content\/uploads\/2015\/03\/liseur-salle-42.jpg\"><img loading=\"lazy\" decoding=\"async\" class=\"aligncenter size-medium wp-image-521\" src=\"http:\/\/pilau.fr\/wordpress\/wp-content\/uploads\/2015\/03\/liseur-salle-42-300x225.jpg\" alt=\"liseur salle 42\" width=\"300\" height=\"225\" srcset=\"https:\/\/pilau.fr\/wordpress\/wp-content\/uploads\/2015\/03\/liseur-salle-42-300x225.jpg 300w, https:\/\/pilau.fr\/wordpress\/wp-content\/uploads\/2015\/03\/liseur-salle-42-1024x768.jpg 1024w, https:\/\/pilau.fr\/wordpress\/wp-content\/uploads\/2015\/03\/liseur-salle-42.jpg 2048w\" sizes=\"(max-width: 300px) 100vw, 300px\" \/><\/a> <a href=\"http:\/\/pilau.fr\/wordpress\/wp-content\/uploads\/2015\/03\/liseurs-42.jpg\"><img loading=\"lazy\" decoding=\"async\" class=\"aligncenter size-medium wp-image-522\" src=\"http:\/\/pilau.fr\/wordpress\/wp-content\/uploads\/2015\/03\/liseurs-42-200x300.jpg\" alt=\"liseurs 42\" width=\"200\" height=\"300\" srcset=\"https:\/\/pilau.fr\/wordpress\/wp-content\/uploads\/2015\/03\/liseurs-42-200x300.jpg 200w, https:\/\/pilau.fr\/wordpress\/wp-content\/uploads\/2015\/03\/liseurs-42-684x1024.jpg 684w, https:\/\/pilau.fr\/wordpress\/wp-content\/uploads\/2015\/03\/liseurs-42.jpg 1193w\" sizes=\"(max-width: 200px) 100vw, 200px\" \/><\/a> <a href=\"http:\/\/pilau.fr\/wordpress\/wp-content\/uploads\/2015\/03\/liseurs-assis-51.jpg\"><img loading=\"lazy\" decoding=\"async\" class=\"aligncenter size-medium wp-image-530\" src=\"http:\/\/pilau.fr\/wordpress\/wp-content\/uploads\/2015\/03\/paysage-Bru-parc2-300x197.jpg\" alt=\"paysage Bru parc2\" width=\"300\" height=\"197\" srcset=\"https:\/\/pilau.fr\/wordpress\/wp-content\/uploads\/2015\/03\/paysage-Bru-parc2-300x197.jpg 300w, https:\/\/pilau.fr\/wordpress\/wp-content\/uploads\/2015\/03\/paysage-Bru-parc2.jpg 709w\" sizes=\"(max-width: 300px) 100vw, 300px\" \/><img loading=\"lazy\" decoding=\"async\" class=\"aligncenter size-medium wp-image-523\" src=\"http:\/\/pilau.fr\/wordpress\/wp-content\/uploads\/2015\/03\/liseurs-assis-51-225x300.jpg\" alt=\"liseurs assis 51\" width=\"225\" height=\"300\" srcset=\"https:\/\/pilau.fr\/wordpress\/wp-content\/uploads\/2015\/03\/liseurs-assis-51-225x300.jpg 225w, https:\/\/pilau.fr\/wordpress\/wp-content\/uploads\/2015\/03\/liseurs-assis-51-768x1024.jpg 768w, https:\/\/pilau.fr\/wordpress\/wp-content\/uploads\/2015\/03\/liseurs-assis-51.jpg 1536w\" sizes=\"(max-width: 225px) 100vw, 225px\" \/><\/a> <a href=\"http:\/\/pilau.fr\/wordpress\/wp-content\/uploads\/2015\/03\/liseurs-canap\u00e9-85.jpg\"><img loading=\"lazy\" decoding=\"async\" class=\"aligncenter size-medium wp-image-524\" src=\"http:\/\/pilau.fr\/wordpress\/wp-content\/uploads\/2015\/03\/liseurs-canap\u00e9-85-300x225.jpg\" alt=\"liseurs canap\u00e9 85\" width=\"300\" height=\"225\" srcset=\"https:\/\/pilau.fr\/wordpress\/wp-content\/uploads\/2015\/03\/liseurs-canap\u00e9-85-300x225.jpg 300w, https:\/\/pilau.fr\/wordpress\/wp-content\/uploads\/2015\/03\/liseurs-canap\u00e9-85-1024x768.jpg 1024w, https:\/\/pilau.fr\/wordpress\/wp-content\/uploads\/2015\/03\/liseurs-canap\u00e9-85.jpg 1600w\" sizes=\"(max-width: 300px) 100vw, 300px\" \/><\/a><a href=\"http:\/\/pilau.fr\/wordpress\/wp-content\/uploads\/2015\/03\/liseurs-enfant88.jpg\"><img loading=\"lazy\" decoding=\"async\" class=\"aligncenter size-medium wp-image-526\" src=\"http:\/\/pilau.fr\/wordpress\/wp-content\/uploads\/2015\/03\/liseurs-enfant88-188x300.jpg\" alt=\"liseurs enfant88\" width=\"188\" height=\"300\" srcset=\"https:\/\/pilau.fr\/wordpress\/wp-content\/uploads\/2015\/03\/liseurs-enfant88-188x300.jpg 188w, https:\/\/pilau.fr\/wordpress\/wp-content\/uploads\/2015\/03\/liseurs-enfant88-643x1024.jpg 643w, https:\/\/pilau.fr\/wordpress\/wp-content\/uploads\/2015\/03\/liseurs-enfant88.jpg 1001w\" sizes=\"(max-width: 188px) 100vw, 188px\" \/><\/a> <a href=\"http:\/\/pilau.fr\/wordpress\/wp-content\/uploads\/2015\/03\/liseurs-vitrine.jpg\"><img loading=\"lazy\" decoding=\"async\" class=\"aligncenter size-medium wp-image-528\" src=\"http:\/\/pilau.fr\/wordpress\/wp-content\/uploads\/2015\/03\/Nicoco4-300x225.jpg\" alt=\"Nicoco4\" width=\"300\" height=\"225\" srcset=\"https:\/\/pilau.fr\/wordpress\/wp-content\/uploads\/2015\/03\/Nicoco4-300x225.jpg 300w, https:\/\/pilau.fr\/wordpress\/wp-content\/uploads\/2015\/03\/Nicoco4-1024x768.jpg 1024w, https:\/\/pilau.fr\/wordpress\/wp-content\/uploads\/2015\/03\/Nicoco4.jpg 1600w\" sizes=\"(max-width: 300px) 100vw, 300px\" \/><img loading=\"lazy\" decoding=\"async\" class=\"aligncenter size-medium wp-image-525\" src=\"http:\/\/pilau.fr\/wordpress\/wp-content\/uploads\/2015\/03\/liseurs-enfant71-225x300.jpg\" alt=\"liseurs enfant71\" width=\"225\" height=\"300\" srcset=\"https:\/\/pilau.fr\/wordpress\/wp-content\/uploads\/2015\/03\/liseurs-enfant71-225x300.jpg 225w, https:\/\/pilau.fr\/wordpress\/wp-content\/uploads\/2015\/03\/liseurs-enfant71-768x1024.jpg 768w, https:\/\/pilau.fr\/wordpress\/wp-content\/uploads\/2015\/03\/liseurs-enfant71.jpg 1200w\" sizes=\"(max-width: 225px) 100vw, 225px\" \/><img loading=\"lazy\" decoding=\"async\" class=\"aligncenter size-medium wp-image-529\" src=\"http:\/\/pilau.fr\/wordpress\/wp-content\/uploads\/2015\/03\/page-carnet-morgane-parisi-300x238.jpg\" alt=\"page carnet morgane parisi\" width=\"300\" height=\"238\" srcset=\"https:\/\/pilau.fr\/wordpress\/wp-content\/uploads\/2015\/03\/page-carnet-morgane-parisi-300x238.jpg 300w, https:\/\/pilau.fr\/wordpress\/wp-content\/uploads\/2015\/03\/page-carnet-morgane-parisi.jpg 747w\" sizes=\"(max-width: 300px) 100vw, 300px\" \/><img loading=\"lazy\" decoding=\"async\" class=\"aligncenter size-medium wp-image-527\" src=\"http:\/\/pilau.fr\/wordpress\/wp-content\/uploads\/2015\/03\/liseurs-vitrine-225x300.jpg\" alt=\"liseurs vitrine\" width=\"225\" height=\"300\" srcset=\"https:\/\/pilau.fr\/wordpress\/wp-content\/uploads\/2015\/03\/liseurs-vitrine-225x300.jpg 225w, https:\/\/pilau.fr\/wordpress\/wp-content\/uploads\/2015\/03\/liseurs-vitrine-768x1024.jpg 768w, https:\/\/pilau.fr\/wordpress\/wp-content\/uploads\/2015\/03\/liseurs-vitrine.jpg 1536w\" sizes=\"(max-width: 225px) 100vw, 225px\" \/><\/a><a href=\"http:\/\/pilau.fr\/wordpress\/wp-content\/uploads\/2015\/03\/Rudi-Unbenannt-1.jpg\"><img loading=\"lazy\" decoding=\"async\" class=\"aligncenter size-medium wp-image-531\" src=\"http:\/\/pilau.fr\/wordpress\/wp-content\/uploads\/2015\/03\/Rudi-Unbenannt-1-227x300.jpg\" alt=\"Rudi Unbenannt-1\" width=\"227\" height=\"300\" srcset=\"https:\/\/pilau.fr\/wordpress\/wp-content\/uploads\/2015\/03\/Rudi-Unbenannt-1-227x300.jpg 227w, https:\/\/pilau.fr\/wordpress\/wp-content\/uploads\/2015\/03\/Rudi-Unbenannt-1.jpg 303w\" sizes=\"(max-width: 227px) 100vw, 227px\" \/><\/a> <a href=\"http:\/\/pilau.fr\/wordpress\/wp-content\/uploads\/2015\/03\/vitrine-ext\u00e9rieur-nuit-01.jpg\"><img loading=\"lazy\" decoding=\"async\" class=\"aligncenter size-medium wp-image-532\" src=\"http:\/\/pilau.fr\/wordpress\/wp-content\/uploads\/2015\/03\/vitrine-ext\u00e9rieur-nuit-01-300x225.jpg\" alt=\"vitrine ext\u00e9rieur nuit 01\" width=\"300\" height=\"225\" srcset=\"https:\/\/pilau.fr\/wordpress\/wp-content\/uploads\/2015\/03\/vitrine-ext\u00e9rieur-nuit-01-300x225.jpg 300w, https:\/\/pilau.fr\/wordpress\/wp-content\/uploads\/2015\/03\/vitrine-ext\u00e9rieur-nuit-01-1024x768.jpg 1024w, https:\/\/pilau.fr\/wordpress\/wp-content\/uploads\/2015\/03\/vitrine-ext\u00e9rieur-nuit-01.jpg 2048w\" sizes=\"(max-width: 300px) 100vw, 300px\" \/><\/a> <a href=\"http:\/\/pilau.fr\/wordpress\/wp-content\/uploads\/2015\/03\/Wei-3.jpg\"><img loading=\"lazy\" decoding=\"async\" class=\"aligncenter size-medium wp-image-533\" src=\"http:\/\/pilau.fr\/wordpress\/wp-content\/uploads\/2015\/03\/Wei-3-268x300.jpg\" alt=\"Wei 3\" width=\"268\" height=\"300\" srcset=\"https:\/\/pilau.fr\/wordpress\/wp-content\/uploads\/2015\/03\/Wei-3-268x300.jpg 268w, https:\/\/pilau.fr\/wordpress\/wp-content\/uploads\/2015\/03\/Wei-3.jpg 600w\" sizes=\"(max-width: 268px) 100vw, 268px\" \/><\/a><\/p>\n","protected":false},"excerpt":{"rendered":"<p>Une belle exposition de carnets de dessinateurs Angoul\u00eame, dans une boutique d\u00e9saffect\u00e9e de la rue Sainte Marie Durant le festival international de la bande dessin\u00e9e (FIBD) 2011 Production : Association Argh ! avec Wei Li, Alex Dantas, Nicolas Boucher, Emilie&hellip;<\/p>\n<p class=\"more-link-p\"><a class=\"more-link\" href=\"https:\/\/pilau.fr\/wordpress\/?page_id=500\">Read more &rarr;<\/a><\/p>\n","protected":false},"author":1,"featured_media":0,"parent":130,"menu_order":0,"comment_status":"open","ping_status":"open","template":"","meta":{"footnotes":""},"_links":{"self":[{"href":"https:\/\/pilau.fr\/wordpress\/index.php?rest_route=\/wp\/v2\/pages\/500"}],"collection":[{"href":"https:\/\/pilau.fr\/wordpress\/index.php?rest_route=\/wp\/v2\/pages"}],"about":[{"href":"https:\/\/pilau.fr\/wordpress\/index.php?rest_route=\/wp\/v2\/types\/page"}],"author":[{"embeddable":true,"href":"https:\/\/pilau.fr\/wordpress\/index.php?rest_route=\/wp\/v2\/users\/1"}],"replies":[{"embeddable":true,"href":"https:\/\/pilau.fr\/wordpress\/index.php?rest_route=%2Fwp%2Fv2%2Fcomments&post=500"}],"version-history":[{"count":5,"href":"https:\/\/pilau.fr\/wordpress\/index.php?rest_route=\/wp\/v2\/pages\/500\/revisions"}],"predecessor-version":[{"id":534,"href":"https:\/\/pilau.fr\/wordpress\/index.php?rest_route=\/wp\/v2\/pages\/500\/revisions\/534"}],"up":[{"embeddable":true,"href":"https:\/\/pilau.fr\/wordpress\/index.php?rest_route=\/wp\/v2\/pages\/130"}],"wp:attachment":[{"href":"https:\/\/pilau.fr\/wordpress\/index.php?rest_route=%2Fwp%2Fv2%2Fmedia&parent=500"}],"curies":[{"name":"wp","href":"https:\/\/api.w.org\/{rel}","templated":true}]}}