{"id":50,"date":"2014-10-26T14:52:59","date_gmt":"2014-10-26T13:52:59","guid":{"rendered":"http:\/\/pilau.fr\/wordpress\/?page_id=50"},"modified":"2024-01-06T21:39:25","modified_gmt":"2024-01-06T20:39:25","slug":"sur-les-tables","status":"publish","type":"page","link":"https:\/\/pilau.fr\/wordpress\/?page_id=50","title":{"rendered":"Sur les tables"},"content":{"rendered":"\n<p class=\"has-text-align-center\"><strong>Concevoir et animer des ateliers de bande dessin\u00e9e : <\/strong><br><strong>pour les enfants, les ados, les adultes, en classe ou dans la rue&#8230;<\/strong><\/p>\n\n\n\n<ul>\n<li>Des interventions<a title=\"Actions en milieu scolaire\" href=\"http:\/\/pilau.fr\/wordpress\/?page_id=60\">&nbsp;en milieu scolaire<\/a> : en coll\u00e8ge, en lyc\u00e9e&#8230; et au del\u00e0 !<\/li>\n\n\n\n<li><a title=\"Actions et \u00e9v\u00e8nements BD\" href=\"http:\/\/pilau.fr\/wordpress\/?page_id=63\">Des actions BD con\u00e7ues sp\u00e9cifiquement pour des lieux ou des \u00e9v\u00e8nements culturels <\/a>: R\u00e9union des Mus\u00e9es Nationaux, Centre Pompidou, Carreau du Temple, Centre des Monuments nationaux, Archives nationales, etc.<\/li>\n\n\n\n<li>et un <a title=\"L\u2019atelier BD de Vincennes\" href=\"http:\/\/pilau.fr\/wordpress\/?page_id=53\">atelier BD permanent \u00e0 Vincennes<\/a>, pour les ados et les adultes<\/li>\n<\/ul>\n\n\n<div class=\"wp-block-image\">\n<figure class=\"aligncenter\"><a href=\"http:\/\/pilau.fr\/wordpress\/wp-content\/uploads\/2014\/10\/ecouen-DSC03303.jpg\"><img loading=\"lazy\" decoding=\"async\" width=\"300\" height=\"225\" src=\"http:\/\/pilau.fr\/wordpress\/wp-content\/uploads\/2014\/10\/ecouen-DSC03303-300x225.jpg\" alt=\"ecouen DSC03303\" class=\"wp-image-196\" srcset=\"https:\/\/pilau.fr\/wordpress\/wp-content\/uploads\/2014\/10\/ecouen-DSC03303-300x225.jpg 300w, https:\/\/pilau.fr\/wordpress\/wp-content\/uploads\/2014\/10\/ecouen-DSC03303.jpg 850w\" sizes=\"(max-width: 300px) 100vw, 300px\" \/><\/a><\/figure><\/div>\n\n\n<hr class=\"wp-block-separator has-alpha-channel-opacity\"\/>\n\n\n\n<p><strong>Et aussi travailler avec des dessinateurs et dessinatrices en situation de handicap au sein de l&rsquo;ESAT Image-Arts graphiques<\/strong><\/p>\n\n\n<div class=\"wp-block-image\">\n<figure class=\"aligncenter is-resized\"><img loading=\"lazy\" decoding=\"async\" width=\"984\" height=\"603\" src=\"http:\/\/pilau.fr\/wordpress\/wp-content\/uploads\/2024\/01\/ESAT-logo-2-HD.png\" alt=\"\" class=\"wp-image-1170\" style=\"width:219px;height:auto\" srcset=\"https:\/\/pilau.fr\/wordpress\/wp-content\/uploads\/2024\/01\/ESAT-logo-2-HD.png 984w, https:\/\/pilau.fr\/wordpress\/wp-content\/uploads\/2024\/01\/ESAT-logo-2-HD-300x184.png 300w, https:\/\/pilau.fr\/wordpress\/wp-content\/uploads\/2024\/01\/ESAT-logo-2-HD-768x471.png 768w\" sizes=\"(max-width: 984px) 100vw, 984px\" \/><\/figure><\/div>\n\n\n<p>L\u2019association L\u2019Hippocampe organise chaque ann\u00e9e un concours de bande dessin\u00e9e pour jeunes et adultes handicap\u00e9s dans le cadre du Festival International de la Bande Dessin\u00e9e d\u2019Angoul\u00eame. De nombreux talents y sont d\u00e9couverts et certains laur\u00e9ats ont une v\u00e9ritable vocation pour la bande dessin\u00e9e et le dessin. Cependant le secteur de la cr\u00e9ation graphique est tr\u00e8s insuffisamment structur\u00e9 pour accueillir des personnes en situation de handicap.<\/p>\n\n\n\n<p><strong>L\u2019ESAT Image &#8211; Arts graphiques a \u00e9t\u00e9 cr\u00e9\u00e9 pour permettre \u00e0 ces talents \u00e9mergents de dessinateurs en situation de handicap de se d\u00e9velopper et leur offrir un d\u00e9bouch\u00e9 professionnel \u00e9panouissant&nbsp;:<\/strong><\/p>\n\n\n\n<ul>\n<li>Compl\u00e9ter leurs parcours souvent autodidactes par un dispositif leur permettant de se former par compagnonnage&nbsp;<\/li>\n\n\n\n<li>S\u2019int\u00e9grer dans un environnement professionnel correspondant \u00e0 leurs aspirations&nbsp;<\/li>\n\n\n\n<li>Acqu\u00e9rir de l\u2019autonomie dans leur vie personnelle et professionnelle&nbsp;<\/li>\n<\/ul>\n\n\n\n<p>Etablissement de l\u2019ADAPEI Charente, l\u2019ESAT Image &#8211; Arts graphiques&nbsp;&nbsp;d\u00e9livre des prestations de communication par la bande dessin\u00e9e \u00e0 des entreprises et organismes publics&nbsp;: illustration de documents de communication, de fiches pratiques, proc\u00e9dures, newsletters, plaquettes, etc.<\/p>\n\n\n\n<p>L\u2019ESAT Image-Arts graphiques accueille 5 dessinateurs en situation de handicap int\u00e9gr\u00e9s \u00e0 l\u2019Atelier du Marquis, association de dessinateurs professionnels publi\u00e9s chez les plus grands \u00e9diteurs de bande dessin\u00e9e. Pleinement int\u00e9gr\u00e9s \u00e0 cet environnement professionnel et amical, les dessinateurs de l\u2019ESAT Image-Arts graphiques b\u00e9n\u00e9ficient de l\u2019encadrement, des conseils et du soutien de ces dessinateurs professionnels.&nbsp;<\/p>\n\n\n\n<p>Int\u00e9gr\u00e9s dans ce milieu professionnel, les dessinateurs progressent rapidement dans leur pratique du dessin et leur ma\u00eetrise du medium bande dessin\u00e9e en acqu\u00e9rant de nouvelles techniques (logiciels de cr\u00e9ation graphique, techniques de colorisation, dessin vivant, caricature, etc.).<\/p>\n\n\n\n<p>Sur le plan de l\u2019autonomie, les progr\u00e8s sont aussi certains : L\u2019int\u00e9gration \u00e0 l\u2019ESAT Image- arts graphiques constitue une enjeu fort pour les dessinateurs suivis, qui trouvent l\u00e0 une motivation pour \u00e9voluer vers plus d\u2019autonomie.<\/p>\n\n\n\n<p><em>Visitez le site de&nbsp;l\u2019ESAT&nbsp;Image-arts graphiques&nbsp;:&nbsp;<\/em><a href=\"http:\/\/www.esatiag.com\/\"><em>www.esatiag.com<\/em><\/a><em><\/em><\/p>\n\n\n\n<hr class=\"wp-block-separator has-alpha-channel-opacity\"\/>\n\n\n\n<p class=\"has-text-align-center\"><strong>organiser et animer la Formation BD de L&rsquo;Hippocampe<\/strong><\/p>\n\n\n\n<figure class=\"wp-block-image size-large\"><a href=\"http:\/\/pilau.fr\/wordpress\/wp-content\/uploads\/2024\/01\/flyer-formation-HIPPOCAMPE-2023_Page_1-extrait-scaled.jpg\"><img loading=\"lazy\" decoding=\"async\" width=\"1024\" height=\"608\" src=\"http:\/\/pilau.fr\/wordpress\/wp-content\/uploads\/2024\/01\/flyer-formation-HIPPOCAMPE-2023_Page_1-extrait-1024x608.jpg\" alt=\"\" class=\"wp-image-1171\" srcset=\"https:\/\/pilau.fr\/wordpress\/wp-content\/uploads\/2024\/01\/flyer-formation-HIPPOCAMPE-2023_Page_1-extrait-1024x608.jpg 1024w, https:\/\/pilau.fr\/wordpress\/wp-content\/uploads\/2024\/01\/flyer-formation-HIPPOCAMPE-2023_Page_1-extrait-300x178.jpg 300w, https:\/\/pilau.fr\/wordpress\/wp-content\/uploads\/2024\/01\/flyer-formation-HIPPOCAMPE-2023_Page_1-extrait-768x456.jpg 768w, https:\/\/pilau.fr\/wordpress\/wp-content\/uploads\/2024\/01\/flyer-formation-HIPPOCAMPE-2023_Page_1-extrait-1536x911.jpg 1536w, https:\/\/pilau.fr\/wordpress\/wp-content\/uploads\/2024\/01\/flyer-formation-HIPPOCAMPE-2023_Page_1-extrait-2048x1215.jpg 2048w\" sizes=\"(max-width: 1024px) 100vw, 1024px\" \/><\/a><\/figure>\n\n\n\n<p>Les deux premi\u00e8res sessions (2022 et 2023) ont eu lieu \u00e0 la Cit\u00e9 internationale de la bande dessin\u00e9e et de l&rsquo;image<\/p>\n\n\n\n<p><\/p>\n\n\n\n<p><\/p>\n\n\n\n<p><\/p>\n\n\n\n<p><\/p>\n","protected":false},"excerpt":{"rendered":"<p>Concevoir et animer des ateliers de bande dessin\u00e9e : pour les enfants, les ados, les adultes, en classe ou dans la rue&#8230; Et aussi travailler avec des dessinateurs et dessinatrices en situation de handicap au sein de l&rsquo;ESAT Image-Arts graphiques&hellip;<\/p>\n<p class=\"more-link-p\"><a class=\"more-link\" href=\"https:\/\/pilau.fr\/wordpress\/?page_id=50\">Read more &rarr;<\/a><\/p>\n","protected":false},"author":1,"featured_media":0,"parent":0,"menu_order":0,"comment_status":"open","ping_status":"open","template":"","meta":{"footnotes":""},"_links":{"self":[{"href":"https:\/\/pilau.fr\/wordpress\/index.php?rest_route=\/wp\/v2\/pages\/50"}],"collection":[{"href":"https:\/\/pilau.fr\/wordpress\/index.php?rest_route=\/wp\/v2\/pages"}],"about":[{"href":"https:\/\/pilau.fr\/wordpress\/index.php?rest_route=\/wp\/v2\/types\/page"}],"author":[{"embeddable":true,"href":"https:\/\/pilau.fr\/wordpress\/index.php?rest_route=\/wp\/v2\/users\/1"}],"replies":[{"embeddable":true,"href":"https:\/\/pilau.fr\/wordpress\/index.php?rest_route=%2Fwp%2Fv2%2Fcomments&post=50"}],"version-history":[{"count":7,"href":"https:\/\/pilau.fr\/wordpress\/index.php?rest_route=\/wp\/v2\/pages\/50\/revisions"}],"predecessor-version":[{"id":1173,"href":"https:\/\/pilau.fr\/wordpress\/index.php?rest_route=\/wp\/v2\/pages\/50\/revisions\/1173"}],"wp:attachment":[{"href":"https:\/\/pilau.fr\/wordpress\/index.php?rest_route=%2Fwp%2Fv2%2Fmedia&parent=50"}],"curies":[{"name":"wp","href":"https:\/\/api.w.org\/{rel}","templated":true}]}}