{"id":481,"date":"2015-03-11T12:51:00","date_gmt":"2015-03-11T11:51:00","guid":{"rendered":"http:\/\/pilau.fr\/wordpress\/?page_id=481"},"modified":"2015-03-11T12:51:00","modified_gmt":"2015-03-11T11:51:00","slug":"des-figures-dans-la-guerre","status":"publish","type":"page","link":"https:\/\/pilau.fr\/wordpress\/?page_id=481","title":{"rendered":"Des figures dans la guerre"},"content":{"rendered":"<p><img loading=\"lazy\" decoding=\"async\" class=\"alignright wp-image-490 \" src=\"http:\/\/pilau.fr\/wordpress\/wp-content\/uploads\/2015\/03\/Affiche_bd-min-4-211x300.gif\" alt=\"Affiche_bd-min-4\" width=\"203\" height=\"282\" \/>En cette ann\u00e9e de centenaire, L\u2019Institut fran\u00e7ais de Finlande, le Goethe Institut et l\u2019Ambassade de Belgique en Finlande ont souhait\u00e9 comm\u00e9morer ensemble la premi\u00e8re guerre mondiale en choisissant le\u00a0regard de la bande dessin\u00e9e. L\u2019exposition s\u2019organise autour de treize figures repr\u00e9sentatives de la Premi\u00e8re Guerre mondiale telles que le soldat, le civil, l\u2019aviateur, l\u2019ing\u00e9nieur en armement, la femme, etc. Chaque figure est port\u00e9e par des extraits d\u2019une \u0153uvre de bande dessin\u00e9e (d\u2019auteurs fran\u00e7ais, belges, allemands, anglais) et un panneau historique th\u00e9matique r\u00e9dig\u00e9 par une historienne (Laurence prempain).<\/p>\n<p>Commis<img loading=\"lazy\" decoding=\"async\" class=\"alignleft wp-image-489 size-medium\" src=\"http:\/\/pilau.fr\/wordpress\/wp-content\/uploads\/2015\/03\/panneau-g\u00e9n\u00e9rique-212x300.jpg\" alt=\"panneau g\u00e9n\u00e9rique figures helsinki\" width=\"212\" height=\"300\" srcset=\"https:\/\/pilau.fr\/wordpress\/wp-content\/uploads\/2015\/03\/panneau-g\u00e9n\u00e9rique-212x300.jpg 212w, https:\/\/pilau.fr\/wordpress\/wp-content\/uploads\/2015\/03\/panneau-g\u00e9n\u00e9rique-724x1024.jpg 724w, https:\/\/pilau.fr\/wordpress\/wp-content\/uploads\/2015\/03\/panneau-g\u00e9n\u00e9rique.jpg 886w\" sizes=\"(max-width: 212px) 100vw, 212px\" \/>sariat artistique et sc\u00e9nographie : Pierre-Laurent Daures, <em>Entre les cases<\/em>.<\/p>\n<p>Commissariat scientifique : Laurence Prempain, <em>Anamorphosis_history<\/em>.<\/p>\n<p>Conception graphique : Charlotte Bolidum (\u00e0 partir d\u2019un dessin de Delphine Priet-Maheo)<\/p>\n<p>Coproduction <em>Institut Fran\u00e7ais<\/em> &#8211; <em>Ambassade de Belgique<\/em> &#8211; <em>Goethe Institut<\/em><\/p>\n<p>Merci aux auteurs et \u00e0 leurs \u00e9diteurs pour l\u2019autorisation de reproduire leurs \u0153uvres.<\/p>\n<p>Merci \u00e0 <em>Helsingin yliopiston p\u00e4\u00e4kirjasto<\/em> qui a\u00a0accueilli cette exposition.<\/p>\n<p>&nbsp;<\/p>\n<div id='gallery-1' class='gallery galleryid-481 gallery-columns-2 gallery-size-thumbnail'><dl class='gallery-item'>\n\t\t\t<dt class='gallery-icon portrait'>\n\t\t\t\t<a href='https:\/\/pilau.fr\/wordpress\/?attachment_id=482'><img loading=\"lazy\" decoding=\"async\" width=\"150\" height=\"150\" src=\"https:\/\/pilau.fr\/wordpress\/wp-content\/uploads\/2015\/03\/book-Sodan-Hahmoja-LLD_Page_1-150x150.jpg\" class=\"attachment-thumbnail size-thumbnail\" alt=\"\" \/><\/a>\n\t\t\t<\/dt><\/dl><dl class='gallery-item'>\n\t\t\t<dt class='gallery-icon portrait'>\n\t\t\t\t<a href='https:\/\/pilau.fr\/wordpress\/?attachment_id=486'><img loading=\"lazy\" decoding=\"async\" width=\"150\" height=\"150\" src=\"https:\/\/pilau.fr\/wordpress\/wp-content\/uploads\/2015\/03\/book-Sodan-Hahmoja-LLD_Page_5-150x150.jpg\" class=\"attachment-thumbnail size-thumbnail\" alt=\"\" \/><\/a>\n\t\t\t<\/dt><\/dl><br style=\"clear: both\" \/><dl class='gallery-item'>\n\t\t\t<dt class='gallery-icon portrait'>\n\t\t\t\t<a href='https:\/\/pilau.fr\/wordpress\/?attachment_id=485'><img loading=\"lazy\" decoding=\"async\" width=\"150\" height=\"150\" src=\"https:\/\/pilau.fr\/wordpress\/wp-content\/uploads\/2015\/03\/book-Sodan-Hahmoja-LLD_Page_4-150x150.jpg\" class=\"attachment-thumbnail size-thumbnail\" alt=\"\" \/><\/a>\n\t\t\t<\/dt><\/dl><dl class='gallery-item'>\n\t\t\t<dt class='gallery-icon portrait'>\n\t\t\t\t<a href='https:\/\/pilau.fr\/wordpress\/?attachment_id=484'><img loading=\"lazy\" decoding=\"async\" width=\"150\" height=\"150\" src=\"https:\/\/pilau.fr\/wordpress\/wp-content\/uploads\/2015\/03\/book-Sodan-Hahmoja-LLD_Page_3-150x150.jpg\" class=\"attachment-thumbnail size-thumbnail\" alt=\"\" \/><\/a>\n\t\t\t<\/dt><\/dl><br style=\"clear: both\" \/><dl class='gallery-item'>\n\t\t\t<dt class='gallery-icon portrait'>\n\t\t\t\t<a href='https:\/\/pilau.fr\/wordpress\/?attachment_id=483'><img loading=\"lazy\" decoding=\"async\" width=\"150\" height=\"150\" src=\"https:\/\/pilau.fr\/wordpress\/wp-content\/uploads\/2015\/03\/book-Sodan-Hahmoja-LLD_Page_2-150x150.jpg\" class=\"attachment-thumbnail size-thumbnail\" alt=\"\" \/><\/a>\n\t\t\t<\/dt><\/dl><dl class='gallery-item'>\n\t\t\t<dt class='gallery-icon portrait'>\n\t\t\t\t<a href='https:\/\/pilau.fr\/wordpress\/?attachment_id=488'><img loading=\"lazy\" decoding=\"async\" width=\"150\" height=\"150\" src=\"https:\/\/pilau.fr\/wordpress\/wp-content\/uploads\/2015\/03\/book-Sodan-Hahmoja-LLD_Page_7-150x150.jpg\" class=\"attachment-thumbnail size-thumbnail\" alt=\"\" \/><\/a>\n\t\t\t<\/dt><\/dl><br style=\"clear: both\" \/><dl class='gallery-item'>\n\t\t\t<dt class='gallery-icon portrait'>\n\t\t\t\t<a href='https:\/\/pilau.fr\/wordpress\/?attachment_id=487'><img loading=\"lazy\" decoding=\"async\" width=\"150\" height=\"150\" src=\"https:\/\/pilau.fr\/wordpress\/wp-content\/uploads\/2015\/03\/book-Sodan-Hahmoja-LLD_Page_6-150x150.jpg\" class=\"attachment-thumbnail size-thumbnail\" alt=\"\" \/><\/a>\n\t\t\t<\/dt><\/dl>\n\t\t\t<br style='clear: both' \/>\n\t\t<\/div>\n\n","protected":false},"excerpt":{"rendered":"<p>En cette ann\u00e9e de centenaire, L\u2019Institut fran\u00e7ais de Finlande, le Goethe Institut et l\u2019Ambassade de Belgique en Finlande ont souhait\u00e9 comm\u00e9morer ensemble la premi\u00e8re guerre mondiale en choisissant le\u00a0regard de la bande dessin\u00e9e. L\u2019exposition s\u2019organise autour de treize figures repr\u00e9sentatives&hellip;<\/p>\n<p class=\"more-link-p\"><a class=\"more-link\" href=\"https:\/\/pilau.fr\/wordpress\/?page_id=481\">Read more &rarr;<\/a><\/p>\n","protected":false},"author":1,"featured_media":0,"parent":38,"menu_order":0,"comment_status":"open","ping_status":"open","template":"","meta":{"footnotes":""},"_links":{"self":[{"href":"https:\/\/pilau.fr\/wordpress\/index.php?rest_route=\/wp\/v2\/pages\/481"}],"collection":[{"href":"https:\/\/pilau.fr\/wordpress\/index.php?rest_route=\/wp\/v2\/pages"}],"about":[{"href":"https:\/\/pilau.fr\/wordpress\/index.php?rest_route=\/wp\/v2\/types\/page"}],"author":[{"embeddable":true,"href":"https:\/\/pilau.fr\/wordpress\/index.php?rest_route=\/wp\/v2\/users\/1"}],"replies":[{"embeddable":true,"href":"https:\/\/pilau.fr\/wordpress\/index.php?rest_route=%2Fwp%2Fv2%2Fcomments&post=481"}],"version-history":[{"count":2,"href":"https:\/\/pilau.fr\/wordpress\/index.php?rest_route=\/wp\/v2\/pages\/481\/revisions"}],"predecessor-version":[{"id":492,"href":"https:\/\/pilau.fr\/wordpress\/index.php?rest_route=\/wp\/v2\/pages\/481\/revisions\/492"}],"up":[{"embeddable":true,"href":"https:\/\/pilau.fr\/wordpress\/index.php?rest_route=\/wp\/v2\/pages\/38"}],"wp:attachment":[{"href":"https:\/\/pilau.fr\/wordpress\/index.php?rest_route=%2Fwp%2Fv2%2Fmedia&parent=481"}],"curies":[{"name":"wp","href":"https:\/\/api.w.org\/{rel}","templated":true}]}}