{"id":215,"date":"2014-11-22T10:40:16","date_gmt":"2014-11-22T09:40:16","guid":{"rendered":"http:\/\/pilau.fr\/wordpress\/?page_id=215"},"modified":"2017-09-07T12:54:35","modified_gmt":"2017-09-07T11:54:35","slug":"ecritures-visuelles-de-lhistoire","status":"publish","type":"page","link":"https:\/\/pilau.fr\/wordpress\/?page_id=215","title":{"rendered":"Ecritures visuelles de l&rsquo;histoire"},"content":{"rendered":"<p>&nbsp;<\/p>\n<div class=\"page\" title=\"Page 1\">\n<div class=\"layoutArea\">\n<div class=\"column\">\n<p style=\"text-align: center;\">LES ECRITURES VISUELLES DE L\u2019HISTOIRE DANS LA BANDE DESSINEE :<br \/>\nENJEUX ET PRATIQUES<\/p>\n<div class=\"page\" title=\"Page 1\">\n<div class=\"layoutArea\">\n<div class=\"column\">\n<p>S\u00e9minaire organis\u00e9 et anim\u00e9 par Pierre-Laurent DAURES (Ma\u00eetre de Conf\u00e9rence \u00e0 Sciences Po Paris, enseignant \u00e0 l\u2019Ecole Europ\u00e9enne Sup\u00e9rieure de l\u2019Image, critique sur le site Du9.org), Adrien GENOUDET (Doctorant \u00e0 Paris VIII et doctorant-associ\u00e9 \u00e0 l\u2019IHTP) et Vincent MARIE (Docteur et agr\u00e9g\u00e9 d\u2019Histoire, chercheur associ\u00e9 \u00e0 l\u2019Universit\u00e9 de Versailles Saint Quentin en Yvelines et \u00e0 l\u2019Universit\u00e9 Paul-Val\u00e9ry Montpellier 3).<\/p>\n<p>Lieux : Institut de l\u2019Histoire du Temps Pr\u00e9sent, site Pouchet \/ Archives Nationales, site Paris (75003) \/ Biblioth\u00e8que Nationale de France<\/p>\n<p>Avec le soutien de la Cit\u00e9 Internationale de la bande dessin\u00e9e et de l&rsquo;image<\/p>\n<ul>\n<li>1<sup>er<\/sup> d\u00e9cembre 2014 &#8211; Archives nationales : S\u00e9ance<strong> introductive en pr\u00e9sence de<\/strong> <strong>Pascal Ory<\/strong>.\n<ul>\n<li><em>Invit\u00e9\u00a0: <strong>Pascal ORY<\/strong> (Professeur des Universit\u00e9s \u2013 Paris I Panth\u00e9on Sorbonne).<\/em><\/li>\n<\/ul>\n<\/li>\n<li>26 janvier 2015 &#8211;\u00a0Archives nationales : <strong>La grande figure historique<\/strong> <strong>: objet d\u2019histoire, objet b\u00e9d\u00e9istique.<\/strong>\n<ul>\n<li><em>Invit\u00e9s\u00a0: <strong>Christian AMALVI<\/strong> (Professeur d&rsquo;histoire contemporaine \u00e0 l&rsquo;Universit\u00e9 Paul-Val\u00e9ry Montpellier III) ; <strong>C\u00e9dric ILLAND<\/strong> (Editeur en charge de la collection \u00ab\u00a0Ils ont fait l\u2019Histoire\u00a0\u00bb \u2013 Gl\u00e9nat).<\/em><\/li>\n<\/ul>\n<\/li>\n<li>9 fevrier 2015 &#8211;\u00a0Archives nationales : <strong>R\u00e9cits m\u00e9moriels, repr\u00e9sentations des traumatismes historiques et constitution d\u2019un r\u00e9seau visuel.<\/strong>\n<ul>\n<li><em>Invit\u00e9e :\u00a0<strong>Isabelle Delorme\u00a0<\/strong><\/em><\/li>\n<\/ul>\n<\/li>\n<li>23 fevrier 2015 &#8211;\u00a0CNRS \u2013 Institut de l\u2019Histoire du Temps Pr\u00e9sent :\u00a0<strong>Le \u00ab\u00a0m\u00e9di\u00e9valisme\u00a0\u00bb dans la bande dessin\u00e9e am\u00e9ricaine \u2013 1929-1945<\/strong>\n<ul>\n<li><em>Invit\u00e9s\u00a0: <strong>William BLANC<\/strong> (Doctorant en histoire m\u00e9di\u00e9vale, auteur dans la revue KaBoom et de Les Historiens de garde, 2013)\u00a0; <strong>Jean-Paul GABILLIET<\/strong> (Professeur Universit\u00e9 Bordeaux III en Etudes nord-am\u00e9ricaines, auteur de Des Comics et des hommes : histoire culturelle des comic books aux Etats-Unis, 2004).<\/em><\/li>\n<\/ul>\n<\/li>\n<li>10 mars 2015 &#8211;\u00a0CNRS \u2013 Institut de l\u2019Histoire du Temps Pr\u00e9sent :\u00a0<strong>Les myst\u00e8res de l\u2019Egypte ancienne dans la bande dessin\u00e9e : petite fabrique d\u2019un imaginaire historique<\/strong>.<\/li>\n<\/ul>\n<ul>\n<li>31 mars 2015 &#8211;\u00a0CNRS \u2013 Institut de l\u2019Histoire du Temps Pr\u00e9sent :\u00a0<strong>Immigration et bande dessin\u00e9e \u2013 s\u00e9ance de projection.<\/strong>\n<ul>\n<li>Projection du film au Cin\u00e9ma des Cin\u00e9astes (date communiqu\u00e9e ult\u00e9rieurement)<\/li>\n<li><em>Invit\u00e9\u00a0: <strong>Cl\u00e9ment Baloup<\/strong> (auteur et dessinateur \u2013Quitter Sa\u00efgon, (La bo\u00eete \u00e0 bulles, 2010) et\/ou <strong>Zeina Abirached <\/strong>(auteur et dessinateur \u2013 Mourir partir revenir le jeu des hirondelles (Cambourakis, 2008).<\/em><em>\u00a0<\/em><\/li>\n<li><em>Projection du film de Vincent MARIE et Antoine CHOSSON, <\/em>Bulles d\u2019exil<em> (2013).<\/em><\/li>\n<\/ul>\n<\/li>\n<\/ul>\n<ul>\n<li>10 avril 2015 &#8211; BNF :\u00a0<strong>Appropriations des images et \u00e9critures visuelles de l\u2019Histoire\u00a0: dessiner le pass\u00e9. Rencontre avec David Vandermeulen.<\/strong>\n<ul>\n<li><em>Invit\u00e9\u00a0: <strong>David VANDERMEULEN<\/strong> (auteur et dessinateur \u2013 notamment de la s\u00e9rie Fritz Haber, chez Delcourt).<\/em><\/li>\n<\/ul>\n<\/li>\n<\/ul>\n<ul>\n<li>22 mai 2015 &#8211; BNF :\u00a0<strong>Le temps hors des cases : pratiques interm\u00e9diales et bande dessin\u00e9e \u2013 Rencontre avec S\u00e9ra.<\/strong>\n<ul>\n<li><em>Invit\u00e9\u00a0: <strong>S\u00c9RA<\/strong> (auteur et dessinateur \u2013 notamment de Impasse et Rouge (1995), L\u2019eau et la terre (2005) et Lendemains de cendres (2007)).<\/em><\/li>\n<\/ul>\n<\/li>\n<\/ul>\n<ul>\n<li>5 Juin 2015 &#8211; BNF :\u00a0<strong>L\u2019archive fiction d\u2019histoire &#8211; La premi\u00e8re guerre mondiale : Kris et Ma\u00ebl<\/strong>\n<ul>\n<li><em>Invit\u00e9s\u00a0: <strong>KRIS<\/strong> (sc\u00e9nariste de bande dessin\u00e9e et auteur de Notre m\u00e8re la guerre) et <strong>MA\u00cbL <\/strong>(dessinateur de Notre m\u00e8re la guerre).<\/em><\/li>\n<\/ul>\n<\/li>\n<\/ul>\n<\/div>\n<\/div>\n<\/div>\n<\/div>\n<\/div>\n<\/div>\n<ul>\n<li>2 octobre 2015 &#8211; BNF :\u00a0<strong>L\u2019invention d\u2019un pays sans nom : spatialit\u00e9s et temporalit\u00e9s dans l\u2019oeuvre de Shaun Tan<\/strong>\n<ul>\n<li><em>Conf\u00e9rence de Vincent Marie &#8211;\u00a0co-anim\u00e9e par Pierre-Laurent Daures<\/em><\/li>\n<\/ul>\n<\/li>\n<li>\n<p style=\"letter-spacing: 0.05em;\">10 octobre 2015 &#8211;\u00a0Rendez-vous de l\u2019Histoire \u00e0 Blois :\u00a0<strong>L\u2019\u00a0\u00ab\u00a0Empire am\u00e9ricain\u00a0\u00bb de\u00a01880 \u00e0 aujourd\u2019hui : les apports d\u2019une \u00e9criture visuelle\u00a0de l\u2019histoire<\/strong><\/p>\n<ul>\n<li><em>Conf\u00e9rences de Vincent Marie &#8211; Pierre-Laurent Daures &#8211; Adrien Genoudet<\/em><\/li>\n<\/ul>\n<\/li>\n<li>6 novembre 2015 &#8211; BNF :\u00a0<strong>Dessiner l\u2019Histoire ?<\/strong>\n<ul>\n<li style=\"letter-spacing: 0.05em;\">D\u00e9bat et signature autour de l\u2019ouvrage\u00a0<em>Dessiner l\u2019histoire. Pour une histoire visuelle<\/em><\/li>\n<li style=\"letter-spacing: 0.05em;\"><strong><em>Discussion entre Gil Bartholyens et Adrien Genoudet<\/em><\/strong><strong>\u00a0<\/strong><\/li>\n<\/ul>\n<\/li>\n<li style=\"letter-spacing: 0.05em;\">4 d\u00e9cembre 2015 &#8211; BNF :\u00a0<strong>Le g\u00e9nocide rwandais et la constitution d\u2019un r\u00e9seau visuel<\/strong>\n<ul>\n<li style=\"letter-spacing: 0.05em;\"><em>Invit\u00e9 :\u00a0<strong>Nathan R\u00c9RA\u00a0<\/strong>(Docteur en Histoire de l\u2019art, auteur, entre autres de\u00a0Rwanda, entre crise morale et malaise esth\u00e9tique \u2013 Les m\u00e9dias, la photographie et le cin\u00e9ma \u00e0 l\u2019\u00e9preuve du g\u00e9nocide des Tutsi (1994-2014), 2014<\/em><\/li>\n<\/ul>\n<\/li>\n<li style=\"letter-spacing: 0.05em;\">8 janvier 2016 &#8211; BNF :\u00a0<strong>La <em>graphiation<\/em> comme \u00e9criture visuelle de l\u2019histoire<\/strong>\n<ul>\n<li style=\"letter-spacing: 0.05em;\"><em>invit\u00e9 :\u00a0<\/em><em><strong>Philippe Marion<\/strong><\/em><\/li>\n<\/ul>\n<\/li>\n<li style=\"letter-spacing: 0.05em;\">30 Janvier &#8211; Cit\u00e9 de la bande dessin\u00e9e :\u00a0<strong>Dessiner la seconde guerre mondiale :\u00a0quels enjeux en 1944 et en 2015 ?<\/strong>\n<ul>\n<li>avec Jean-Pierre Mercier\u00a0et les cr\u00e9ateurs de la bande dessin\u00e9e\u00a0\u00ab\u00a0Les ann\u00e9es noires, Angoul\u00eame 1940-1944\u00a0\u00bb<\/li>\n<\/ul>\n<\/li>\n<li style=\"letter-spacing: 0.05em;\">5 f\u00e9vrier 2016 &#8211; BNF :\u00a0<strong>Bande dessin\u00e9e, histoire et travail de m\u00e9moire &#8211;\u00a0Autour de <em>Marzi<\/em> et <em>Les esclaves oubli\u00e9s de Tromelin<\/em><\/strong>.\n<ul>\n<li style=\"letter-spacing: 0.05em;\"><em>Table ronde avec <strong>Sylvain Savoia<\/strong>, <strong>Marzena Sowa<\/strong> et <strong>Caroline Moine <\/strong><\/em><\/li>\n<\/ul>\n<\/li>\n<li style=\"letter-spacing: 0.05em;\"><strong><em>\u00a0<\/em><\/strong><strong>\u00a0<\/strong>11 mars 2016 &#8211; BNF :\u00a0<strong>Le temps long et sa repr\u00e9sentation<\/strong>\n<ul>\n<li style=\"letter-spacing: 0.05em;\"><em>invit\u00e9 :<\/em> <em><strong>Thierry Groensteen.<\/strong><\/em><\/li>\n<\/ul>\n<\/li>\n<li style=\"letter-spacing: 0.05em;\">8 Avril 2016 -BNF :\u00a0Rencontre avec <strong>Edmond Baudoin\u00a0<\/strong>Performance et discussion<\/li>\n<li style=\"letter-spacing: 0.05em;\">20 Mai 2016 &#8211; BNF :\u00a0<strong>Pour une narratologie visuelle sp\u00e9cifique \u00e0 la bande dessin\u00e9e\u00a0:l\u2019\u0153uvre de Breccia, Jos\u00e9 Mu\u00f1oz et Thomas Ott<\/strong>\n<ul>\n<li style=\"letter-spacing: 0.05em;\"><em>avec<\/em><strong><em> Laura Caraballo <\/em><\/strong><em>et en pr\u00e9sence de<\/em><strong><em> Jos\u00e9 Mu\u00f1oz<\/em><\/strong><\/li>\n<\/ul>\n<\/li>\n<\/ul>\n<ul>\n<li style=\"letter-spacing: 0.05em;\">24 Juin 2016 &#8211; BNF :\u00a0<strong>Ouverture finale &#8211;\u00a0Dialogues crois\u00e9s avec Beno\u00eet Peeters<em>\u00a0<\/em><\/strong><\/li>\n<li style=\"list-style-type: none;\"><\/li>\n<li>\n<div class=\"page\" title=\"Page 1\"><\/div>\n<\/li>\n<\/ul>\n<p>pour une pr\u00e9sentation d\u00e9taill\u00e9e du s\u00e9minaire :\u00a0<a href=\"http:\/\/pilau.fr\/wordpress\/wp-content\/uploads\/2014\/11\/S\u00e9minaire-IHTP-annonce-courte.pdf\">Pr\u00e9sentation du s\u00e9minaire Ecritures visuelles de l&rsquo;histoire<\/a>\u00a0et <a href=\"https:\/\/mainegative.com\/2015\/09\/14\/seminaire-les-ecritures-visuelles-de-lhistoire-de-la-bande-dessinee\/\">ici<\/a><\/p>\n","protected":false},"excerpt":{"rendered":"<p>&nbsp; LES ECRITURES VISUELLES DE L\u2019HISTOIRE DANS LA BANDE DESSINEE : ENJEUX ET PRATIQUES S\u00e9minaire organis\u00e9 et anim\u00e9 par Pierre-Laurent DAURES (Ma\u00eetre de Conf\u00e9rence \u00e0 Sciences Po Paris, enseignant \u00e0 l\u2019Ecole Europ\u00e9enne Sup\u00e9rieure de l\u2019Image, critique sur le site Du9.org),&hellip;<\/p>\n<p class=\"more-link-p\"><a class=\"more-link\" href=\"https:\/\/pilau.fr\/wordpress\/?page_id=215\">Read more &rarr;<\/a><\/p>\n","protected":false},"author":1,"featured_media":0,"parent":66,"menu_order":0,"comment_status":"open","ping_status":"open","template":"","meta":{"footnotes":""},"_links":{"self":[{"href":"https:\/\/pilau.fr\/wordpress\/index.php?rest_route=\/wp\/v2\/pages\/215"}],"collection":[{"href":"https:\/\/pilau.fr\/wordpress\/index.php?rest_route=\/wp\/v2\/pages"}],"about":[{"href":"https:\/\/pilau.fr\/wordpress\/index.php?rest_route=\/wp\/v2\/types\/page"}],"author":[{"embeddable":true,"href":"https:\/\/pilau.fr\/wordpress\/index.php?rest_route=\/wp\/v2\/users\/1"}],"replies":[{"embeddable":true,"href":"https:\/\/pilau.fr\/wordpress\/index.php?rest_route=%2Fwp%2Fv2%2Fcomments&post=215"}],"version-history":[{"count":4,"href":"https:\/\/pilau.fr\/wordpress\/index.php?rest_route=\/wp\/v2\/pages\/215\/revisions"}],"predecessor-version":[{"id":958,"href":"https:\/\/pilau.fr\/wordpress\/index.php?rest_route=\/wp\/v2\/pages\/215\/revisions\/958"}],"up":[{"embeddable":true,"href":"https:\/\/pilau.fr\/wordpress\/index.php?rest_route=\/wp\/v2\/pages\/66"}],"wp:attachment":[{"href":"https:\/\/pilau.fr\/wordpress\/index.php?rest_route=%2Fwp%2Fv2%2Fmedia&parent=215"}],"curies":[{"name":"wp","href":"https:\/\/api.w.org\/{rel}","templated":true}]}}