{"id":136,"date":"2014-11-15T20:02:17","date_gmt":"2014-11-15T19:02:17","guid":{"rendered":"http:\/\/pilau.fr\/wordpress\/?page_id=136"},"modified":"2015-06-07T21:35:39","modified_gmt":"2015-06-07T20:35:39","slug":"rond-point-fibd-2014","status":"publish","type":"page","link":"https:\/\/pilau.fr\/wordpress\/?page_id=136","title":{"rendered":"Rond Point (FIBD 2014)"},"content":{"rendered":"<div class=\"page\" title=\"Page 1\">\n<div class=\"layoutArea\">\n<div class=\"column\">\n<p><strong>\u00a0<em>Rond-point<\/em> \u2013 Une exposition autour de <em>La D\u00e9viation<\/em><\/strong><\/p>\n<p>L\u2019exposition Rond Point est le r\u00e9sultat d\u2019un workshop men\u00e9 avec les \u00e9l\u00e8ves de master BD de l\u2019EESI. Le projet p\u00e9dagogique s\u2019articulait autour de 2 enjeux :<\/p>\n<ul>\n<li>Un enjeu de r\u00e9flexion sur la forme bande dessin\u00e9e, abord\u00e9e par un travail cr\u00e9atif sous contrainte formelle : R\u00e9aliser des bandes dessin\u00e9es con\u00e7ues pour l&rsquo;exposition plut\u00f4t que pour l&rsquo;impression, qui se d\u00e9ploient dans l&rsquo;espace et sur le mur plut\u00f4t que dans un livre.<\/li>\n<li>Un enjeu de sensibilisation aux responsabilit\u00e9s et aux t\u00e2ches d\u2019organisation d\u2019une exposition de bande dessin\u00e9e : Prendre en charge les diff\u00e9rents chantiers d\u2019organisation d\u2019une exposition : r\u00e9gie des locaux, sc\u00e9nographie, accrochage, communication, documents d\u2019exposition, relations avec les partenaires\u2026<\/li>\n<\/ul>\n<p>L\u2019exposition, s\u2019est tenue dans un local de 80m2 en centre ville d\u2019Angoul\u00eame pendant les 4 jours du FIBD 2014.<\/p>\n<p>Les \u00e9l\u00e8ves ont men\u00e9 une r\u00e9flexion int\u00e9ressante sur le concept d\u2019exposition collective et ont naturellement abouti \u00e0 la n\u00e9cessit\u00e9 de se doter d\u2019une contrainte suppl\u00e9mentaire conf\u00e9rant une coh\u00e9rence d\u2019ensemble \u00e0 l\u2019exposition. Ils ont fait le choix collectif de construire l\u2019exposition en r\u00e9f\u00e9rence \u00e0 une \u0153uvre de Moebius, <em>La d\u00e9viation<\/em>. L\u2019exposition serait ainsi une d\u00e9viation de <em>La D\u00e9viation<\/em>, que chacun s\u2019attacherait \u00e0 citer, d\u00e9cliner, r\u00e9interpr\u00e9ter\u2026.<\/p>\n<p>Dans ce travail cr\u00e9atif, les \u00e9l\u00e8ves ont tous men\u00e9 des recherches tr\u00e8s imaginatives faisant preuve d\u2019une r\u00e9flexion pouss\u00e9e sur la bande dessin\u00e9e comme medium et comme forme artistique. Leurs projets ont ainsi explor\u00e9 une belle vari\u00e9t\u00e9 d\u2019hypoth\u00e8ses de bande dessin\u00e9e hors les livres\u00a0: le rapport au volume d\u2019une forme traditionnellement con\u00e7ue pour la surfac du papier, la fronti\u00e8re avec l\u2019image anim\u00e9e, y compris dans ses formes les plus primitives (lanterne magique), les modes de lecture renouvel\u00e9s par la circulation du regard dans des \u0153uvres de grand format, l\u2019investissement de supports inattendus, le d\u00e9ploiement dans l\u2019espace et la contamination de l\u2019environnement\u2026 De nombreuses pistes ont ainsi \u00e9t\u00e9 explor\u00e9es, tout en relevant le d\u00e9fi de rester ancr\u00e9 dans le territoire de la bande dessin\u00e9e, c\u2019est \u00e0 dire de proposer des cr\u00e9ations que le regardeur aborde en mobilisant spontan\u00e9ment ses comp\u00e9tences et son exp\u00e9rience de lecteur de bande dessin\u00e9e.<a href=\"http:\/\/pilau.fr\/wordpress\/wp-content\/uploads\/2014\/11\/Rond_point_Flyer_72dpi.jpg\"><br \/>\n<\/a><a href=\"http:\/\/pilau.fr\/wordpress\/wp-content\/uploads\/2014\/11\/Rond_point_Flyer_72dpi.jpg\"><img loading=\"lazy\" decoding=\"async\" class=\"aligncenter  wp-image-133\" src=\"http:\/\/pilau.fr\/wordpress\/wp-content\/uploads\/2014\/11\/Rond_point_Flyer_72dpi-211x300.jpg\" alt=\"Rond_point_Flyer_72dpi\" width=\"296\" height=\"412\" \/><\/a><a href=\"http:\/\/pilau.fr\/wordpress\/wp-content\/uploads\/2014\/11\/Rond_point_Flyer_72dpi2.jpg\"><img loading=\"lazy\" decoding=\"async\" class=\"aligncenter wp-image-137\" src=\"http:\/\/pilau.fr\/wordpress\/wp-content\/uploads\/2014\/11\/Rond_point_Flyer_72dpi2.jpg\" alt=\"Rond_point_Flyer_72dpi2\" width=\"300\" height=\"425\" srcset=\"https:\/\/pilau.fr\/wordpress\/wp-content\/uploads\/2014\/11\/Rond_point_Flyer_72dpi2.jpg 420w, https:\/\/pilau.fr\/wordpress\/wp-content\/uploads\/2014\/11\/Rond_point_Flyer_72dpi2-211x300.jpg 211w\" sizes=\"(max-width: 300px) 100vw, 300px\" \/><\/a><\/p>\n<ul>\n<li><em><a href=\"http:\/\/pilau.fr\/wordpress\/wp-content\/uploads\/2014\/11\/Rond_point_06.jpg\"><img loading=\"lazy\" decoding=\"async\" class=\"alignnone wp-image-150 size-medium\" src=\"http:\/\/pilau.fr\/wordpress\/wp-content\/uploads\/2014\/11\/Rond_point_06-199x300.jpg\" alt=\"Rond_point_06\" width=\"199\" height=\"300\" srcset=\"https:\/\/pilau.fr\/wordpress\/wp-content\/uploads\/2014\/11\/Rond_point_06-199x300.jpg 199w, https:\/\/pilau.fr\/wordpress\/wp-content\/uploads\/2014\/11\/Rond_point_06-681x1024.jpg 681w, https:\/\/pilau.fr\/wordpress\/wp-content\/uploads\/2014\/11\/Rond_point_06.jpg 850w\" sizes=\"(max-width: 199px) 100vw, 199px\" \/><\/a> \u00a0<a href=\"http:\/\/pilau.fr\/wordpress\/wp-content\/uploads\/2014\/11\/Rond_point_01.jpg\"><img loading=\"lazy\" decoding=\"async\" class=\"alignnone size-medium wp-image-148\" src=\"http:\/\/pilau.fr\/wordpress\/wp-content\/uploads\/2014\/11\/Rond_point_01-223x300.jpg\" alt=\"Rond_point_01\" width=\"223\" height=\"300\" srcset=\"https:\/\/pilau.fr\/wordpress\/wp-content\/uploads\/2014\/11\/Rond_point_01-223x300.jpg 223w, https:\/\/pilau.fr\/wordpress\/wp-content\/uploads\/2014\/11\/Rond_point_01-762x1024.jpg 762w, https:\/\/pilau.fr\/wordpress\/wp-content\/uploads\/2014\/11\/Rond_point_01.jpg 850w\" sizes=\"(max-width: 223px) 100vw, 223px\" \/><\/a> <a href=\"http:\/\/pilau.fr\/wordpress\/wp-content\/uploads\/2014\/11\/2014-01-30-20.44.15.jpg\"><img loading=\"lazy\" decoding=\"async\" class=\"alignnone size-medium wp-image-147\" src=\"http:\/\/pilau.fr\/wordpress\/wp-content\/uploads\/2014\/11\/2014-01-30-20.44.15-199x300.jpg\" alt=\"rond point-01-30 20.44.15\" width=\"199\" height=\"300\" srcset=\"https:\/\/pilau.fr\/wordpress\/wp-content\/uploads\/2014\/11\/2014-01-30-20.44.15-199x300.jpg 199w, https:\/\/pilau.fr\/wordpress\/wp-content\/uploads\/2014\/11\/2014-01-30-20.44.15-682x1024.jpg 682w, https:\/\/pilau.fr\/wordpress\/wp-content\/uploads\/2014\/11\/2014-01-30-20.44.15.jpg 850w\" sizes=\"(max-width: 199px) 100vw, 199px\" \/><img loading=\"lazy\" decoding=\"async\" class=\"alignnone size-medium wp-image-149\" src=\"http:\/\/pilau.fr\/wordpress\/wp-content\/uploads\/2014\/11\/Rond_point_04-300x204.jpg\" alt=\"Rond_point_04\" width=\"300\" height=\"204\" srcset=\"https:\/\/pilau.fr\/wordpress\/wp-content\/uploads\/2014\/11\/Rond_point_04-300x204.jpg 300w, https:\/\/pilau.fr\/wordpress\/wp-content\/uploads\/2014\/11\/Rond_point_04.jpg 850w\" sizes=\"(max-width: 300px) 100vw, 300px\" \/><\/a> <a href=\"http:\/\/pilau.fr\/wordpress\/wp-content\/uploads\/2014\/11\/2014-01-30-10.24.50.jpg\"><img loading=\"lazy\" decoding=\"async\" class=\"alignnone size-medium wp-image-143\" src=\"http:\/\/pilau.fr\/wordpress\/wp-content\/uploads\/2014\/11\/2014-01-30-10.24.50-300x200.jpg\" alt=\"rond point-01-30 10.24.50\" width=\"300\" height=\"200\" srcset=\"https:\/\/pilau.fr\/wordpress\/wp-content\/uploads\/2014\/11\/2014-01-30-10.24.50-300x200.jpg 300w, https:\/\/pilau.fr\/wordpress\/wp-content\/uploads\/2014\/11\/2014-01-30-10.24.50.jpg 850w\" sizes=\"(max-width: 300px) 100vw, 300px\" \/><\/a> <a href=\"http:\/\/pilau.fr\/wordpress\/wp-content\/uploads\/2014\/11\/2014-01-30-19.33.50.jpg\"><img loading=\"lazy\" decoding=\"async\" class=\"alignnone size-medium wp-image-144\" src=\"http:\/\/pilau.fr\/wordpress\/wp-content\/uploads\/2014\/11\/2014-01-30-19.33.50-300x200.jpg\" alt=\"rond point-01-30 19.33.50\" width=\"300\" height=\"200\" srcset=\"https:\/\/pilau.fr\/wordpress\/wp-content\/uploads\/2014\/11\/2014-01-30-19.33.50-300x200.jpg 300w, https:\/\/pilau.fr\/wordpress\/wp-content\/uploads\/2014\/11\/2014-01-30-19.33.50.jpg 850w\" sizes=\"(max-width: 300px) 100vw, 300px\" \/><\/a> <a href=\"http:\/\/pilau.fr\/wordpress\/wp-content\/uploads\/2014\/11\/2014-01-30-20.10.52.jpg\"><img loading=\"lazy\" decoding=\"async\" class=\"alignnone size-medium wp-image-145\" src=\"http:\/\/pilau.fr\/wordpress\/wp-content\/uploads\/2014\/11\/2014-01-30-20.10.52-199x300.jpg\" alt=\"rond point-01-30 20.10.52\" width=\"199\" height=\"300\" srcset=\"https:\/\/pilau.fr\/wordpress\/wp-content\/uploads\/2014\/11\/2014-01-30-20.10.52-199x300.jpg 199w, https:\/\/pilau.fr\/wordpress\/wp-content\/uploads\/2014\/11\/2014-01-30-20.10.52-682x1024.jpg 682w, https:\/\/pilau.fr\/wordpress\/wp-content\/uploads\/2014\/11\/2014-01-30-20.10.52.jpg 850w\" sizes=\"(max-width: 199px) 100vw, 199px\" \/><\/a><br \/>\n<a href=\"http:\/\/pilau.fr\/wordpress\/wp-content\/uploads\/2014\/11\/2014-01-30-10.24.34.jpg\"><img loading=\"lazy\" decoding=\"async\" class=\"alignnone size-medium wp-image-142\" src=\"http:\/\/pilau.fr\/wordpress\/wp-content\/uploads\/2014\/11\/2014-01-30-10.24.34-300x200.jpg\" alt=\"rond point-01-30 10.24.34\" width=\"300\" height=\"200\" srcset=\"https:\/\/pilau.fr\/wordpress\/wp-content\/uploads\/2014\/11\/2014-01-30-10.24.34-300x200.jpg 300w, https:\/\/pilau.fr\/wordpress\/wp-content\/uploads\/2014\/11\/2014-01-30-10.24.34.jpg 850w\" sizes=\"(max-width: 300px) 100vw, 300px\" \/><\/a> <a href=\"http:\/\/pilau.fr\/wordpress\/wp-content\/uploads\/2014\/11\/2014-01-30-10.23.50.jpg\"><img loading=\"lazy\" decoding=\"async\" class=\"alignnone size-medium wp-image-141\" src=\"http:\/\/pilau.fr\/wordpress\/wp-content\/uploads\/2014\/11\/2014-01-30-10.23.50-300x200.jpg\" alt=\"rond point-01-30 10.23.50\" width=\"300\" height=\"200\" srcset=\"https:\/\/pilau.fr\/wordpress\/wp-content\/uploads\/2014\/11\/2014-01-30-10.23.50-300x200.jpg 300w, https:\/\/pilau.fr\/wordpress\/wp-content\/uploads\/2014\/11\/2014-01-30-10.23.50.jpg 850w\" sizes=\"(max-width: 300px) 100vw, 300px\" \/><\/a><a href=\"http:\/\/pilau.fr\/wordpress\/wp-content\/uploads\/2014\/11\/2014-01-30-10.19.54.jpg\"><img loading=\"lazy\" decoding=\"async\" class=\"alignnone size-medium wp-image-140\" src=\"http:\/\/pilau.fr\/wordpress\/wp-content\/uploads\/2014\/11\/2014-01-30-10.19.54-210x300.jpg\" alt=\"rond point-01-30 10.19.54\" width=\"210\" height=\"300\" srcset=\"https:\/\/pilau.fr\/wordpress\/wp-content\/uploads\/2014\/11\/2014-01-30-10.19.54-210x300.jpg 210w, https:\/\/pilau.fr\/wordpress\/wp-content\/uploads\/2014\/11\/2014-01-30-10.19.54-719x1024.jpg 719w, https:\/\/pilau.fr\/wordpress\/wp-content\/uploads\/2014\/11\/2014-01-30-10.19.54.jpg 850w\" sizes=\"(max-width: 210px) 100vw, 210px\" \/><\/a><\/em><\/li>\n<\/ul>\n<p>Le texte de pr\u00e9sentation de l&rsquo;exposition :<\/p>\n<p>\u00ab\u00a0Tourner en rond n\u2019est pas n\u00e9cessairement un mal. On peut toujours mieux tourner, en ouvrant de nouvelles voies. Ou, plus exactement, tourner autrement, comme l\u2019Arzach de Moebius sur son pt\u00e9rodactyle, et cr\u00e9er sa propre sortie du rond-point.<\/p>\n<p>C\u2019est ce que proposent les vingt jeunes auteurs r\u00e9unis pour cette exposition qui aura lieu pendant le Festival International de la Bande Dessin\u00e9e d\u2019Angoul\u00eame : suivre le chemin trac\u00e9 par un illustre ain\u00e9 pour d\u00e9vier \u00e0 leur tour. Et donc essayer d\u2019emprunter un autre chemin. Les \u0153uvres pr\u00e9sent\u00e9es seront donc tourn\u00e9es autour des sept planches de <em>La D\u00e9viation<\/em> de Moebius, nouvelle fantastique mettant l\u2019auteur et sa famille en sc\u00e8ne sur une route imaginaire. R\u00e9cup\u00e9rant et r\u00e9interpr\u00e9tant cette id\u00e9e, les auteurs pr\u00e9sentent donc une d\u00e9viation personnelle de <em>La D\u00e9viation<\/em>, clef de vo\u00fbte de cette exposition.<\/p>\n<p>Pour cela, c\u2019est la Bande dessin\u00e9e elle-m\u00eame, dans une sortie de la route du livre plus ou moins contr\u00f4l\u00e9e, qui est d\u00e9vi\u00e9e. Il s\u2019agit d\u2019extraire du livre une pratique artistique promise \u00e0 la difficult\u00e9 d\u2019\u00eatre expos\u00e9e pour en conserver son principe, s\u2019affranchir du format de la planche et chercher \u00e0 voir la Bande dessin\u00e9e en dehors du papier reli\u00e9.<\/p>\n<p>Le spectateur est invit\u00e9 \u00e0 d\u00e9couvrir des dispositifs particuliers et autant de cr\u00e9ations originales comme des variations \u00e0 diff\u00e9rents degr\u00e9s, partant soit d\u2019un d\u00e9tail qui compose la bande dessin\u00e9e de Moebius, soit d\u2019un personnage, ou, plus largement, du principe m\u00eame d\u2019une narration qui refuse sa lin\u00e9arit\u00e9.<\/p>\n<p>Finalement, le sens de cette d\u00e9viation est de chercher \u00e0 voir o\u00f9 la Bande dessin\u00e9e peut s\u2019aventurer. Or, quoi de plus normal que de repartir d\u2019une premi\u00e8re d\u00e9viation marquante pour tenter d\u2019en formuler de nouvelles ? C\u2019est sur ces ramifications et autres petits chemins que vous convient les diff\u00e9rents artistes pr\u00e9sents dans cette exposition.\u00a0\u00bb<\/p>\n<\/div>\n<\/div>\n<\/div>\n","protected":false},"excerpt":{"rendered":"<p>\u00a0Rond-point \u2013 Une exposition autour de La D\u00e9viation L\u2019exposition Rond Point est le r\u00e9sultat d\u2019un workshop men\u00e9 avec les \u00e9l\u00e8ves de master BD de l\u2019EESI. Le projet p\u00e9dagogique s\u2019articulait autour de 2 enjeux : Un enjeu de r\u00e9flexion sur la&hellip;<\/p>\n<p class=\"more-link-p\"><a class=\"more-link\" href=\"https:\/\/pilau.fr\/wordpress\/?page_id=136\">Read more &rarr;<\/a><\/p>\n","protected":false},"author":1,"featured_media":0,"parent":130,"menu_order":0,"comment_status":"open","ping_status":"open","template":"","meta":{"footnotes":""},"_links":{"self":[{"href":"https:\/\/pilau.fr\/wordpress\/index.php?rest_route=\/wp\/v2\/pages\/136"}],"collection":[{"href":"https:\/\/pilau.fr\/wordpress\/index.php?rest_route=\/wp\/v2\/pages"}],"about":[{"href":"https:\/\/pilau.fr\/wordpress\/index.php?rest_route=\/wp\/v2\/types\/page"}],"author":[{"embeddable":true,"href":"https:\/\/pilau.fr\/wordpress\/index.php?rest_route=\/wp\/v2\/users\/1"}],"replies":[{"embeddable":true,"href":"https:\/\/pilau.fr\/wordpress\/index.php?rest_route=%2Fwp%2Fv2%2Fcomments&post=136"}],"version-history":[{"count":5,"href":"https:\/\/pilau.fr\/wordpress\/index.php?rest_route=\/wp\/v2\/pages\/136\/revisions"}],"predecessor-version":[{"id":559,"href":"https:\/\/pilau.fr\/wordpress\/index.php?rest_route=\/wp\/v2\/pages\/136\/revisions\/559"}],"up":[{"embeddable":true,"href":"https:\/\/pilau.fr\/wordpress\/index.php?rest_route=\/wp\/v2\/pages\/130"}],"wp:attachment":[{"href":"https:\/\/pilau.fr\/wordpress\/index.php?rest_route=%2Fwp%2Fv2%2Fmedia&parent=136"}],"curies":[{"name":"wp","href":"https:\/\/api.w.org\/{rel}","templated":true}]}}