{"id":1034,"date":"2018-10-30T17:25:17","date_gmt":"2018-10-30T16:25:17","guid":{"rendered":"http:\/\/pilau.fr\/wordpress\/?page_id=1034"},"modified":"2018-10-30T17:29:51","modified_gmt":"2018-10-30T16:29:51","slug":"petites-et-grandes-histoires-argentines-alberto-breccia","status":"publish","type":"page","link":"https:\/\/pilau.fr\/wordpress\/?page_id=1034","title":{"rendered":"Petites et grandes histoires argentines &#8211; Alberto Breccia"},"content":{"rendered":"<h4 class=\"font_5\">Petites et grandes histoires argentines &#8211;\u00a0Alberto Breccia,\u00a0ma\u00eetre de la bande dessin\u00e9e<\/h4>\n<div id=\"comp-jlvavouf\" class=\"txtNew\" data-packed=\"false\" data-min-height=\"64\"><span class=\"color_17\">Du 12 octobre 2018 au 20 janvier 2019 dans la programmation de BD Colomiers \u00e0 la\u00a0<\/span><span class=\"color_17\">M\u00e9diath\u00e8que Jos\u00e9 Cabanis de Toulouse<\/span><\/div>\n<div id=\"comp-j6wi0xd9\" class=\"style-jlvaoti8\"><a href=\"http:\/\/pilau.fr\/wordpress\/wp-content\/uploads\/2014\/10\/breccia120x176-LD.jpg\"><img loading=\"lazy\" decoding=\"async\" class=\"wp-image-1032 aligncenter\" src=\"http:\/\/pilau.fr\/wordpress\/wp-content\/uploads\/2014\/10\/breccia120x176-LD-698x1024.jpg\" alt=\"\" width=\"318\" height=\"462\" \/><\/a><\/div>\n<div class=\"style-jlvaoti8\"><\/div>\n<div class=\"style-jlvaoti8\">\n<h4 class=\"font_5\">Communiqu\u00e9 de presse :\u00a0<a href=\"http:\/\/pilau.fr\/wordpress\/wp-content\/uploads\/2018\/10\/BibliothequeToulouse_cdp_Breccia.pdf\">BibliothequeToulouse_cdp_Breccia<\/a><\/h4>\n<h4 class=\"font_5\"><\/h4>\n<\/div>\n<div class=\"style-jlvaoti8\"><\/div>\n","protected":false},"excerpt":{"rendered":"<p>Petites et grandes histoires argentines &#8211;\u00a0Alberto Breccia,\u00a0ma\u00eetre de la bande dessin\u00e9e Du 12 octobre 2018 au 20 janvier 2019 dans la programmation de BD Colomiers \u00e0 la\u00a0M\u00e9diath\u00e8que Jos\u00e9 Cabanis de Toulouse Communiqu\u00e9 de presse :\u00a0BibliothequeToulouse_cdp_Breccia<\/p>\n","protected":false},"author":1,"featured_media":0,"parent":38,"menu_order":0,"comment_status":"closed","ping_status":"closed","template":"","meta":{"footnotes":""},"_links":{"self":[{"href":"https:\/\/pilau.fr\/wordpress\/index.php?rest_route=\/wp\/v2\/pages\/1034"}],"collection":[{"href":"https:\/\/pilau.fr\/wordpress\/index.php?rest_route=\/wp\/v2\/pages"}],"about":[{"href":"https:\/\/pilau.fr\/wordpress\/index.php?rest_route=\/wp\/v2\/types\/page"}],"author":[{"embeddable":true,"href":"https:\/\/pilau.fr\/wordpress\/index.php?rest_route=\/wp\/v2\/users\/1"}],"replies":[{"embeddable":true,"href":"https:\/\/pilau.fr\/wordpress\/index.php?rest_route=%2Fwp%2Fv2%2Fcomments&post=1034"}],"version-history":[{"count":2,"href":"https:\/\/pilau.fr\/wordpress\/index.php?rest_route=\/wp\/v2\/pages\/1034\/revisions"}],"predecessor-version":[{"id":1038,"href":"https:\/\/pilau.fr\/wordpress\/index.php?rest_route=\/wp\/v2\/pages\/1034\/revisions\/1038"}],"up":[{"embeddable":true,"href":"https:\/\/pilau.fr\/wordpress\/index.php?rest_route=\/wp\/v2\/pages\/38"}],"wp:attachment":[{"href":"https:\/\/pilau.fr\/wordpress\/index.php?rest_route=%2Fwp%2Fv2%2Fmedia&parent=1034"}],"curies":[{"name":"wp","href":"https:\/\/api.w.org\/{rel}","templated":true}]}}