{"id":927,"date":"2017-08-10T13:08:44","date_gmt":"2017-08-10T12:08:44","guid":{"rendered":"http:\/\/pilau.fr\/wordpress\/?page_id=927"},"modified":"2017-08-10T13:09:54","modified_gmt":"2017-08-10T12:09:54","slug":"5-sens-et-9eme-art","status":"publish","type":"page","link":"http:\/\/pilau.fr\/wordpress\/?page_id=927","title":{"rendered":"5 sens et 9\u00e8me art"},"content":{"rendered":"<p>L\u2019association Sans Tambour Ni Trompette, en partenariat avec le Festival international de la bande dessin\u00e9e d\u2019Angoul\u00eame, a d\u00e9cern\u00e9 le troph\u00e9e Les BD qui font la diff\u00e9r<a href=\"http:\/\/pilau.fr\/wordpress\/wp-content\/uploads\/2017\/08\/Visuel-5S9A-V2.jpg\"><img loading=\"lazy\" decoding=\"async\" class=\"alignleft wp-image-928 size-medium\" src=\"http:\/\/pilau.fr\/wordpress\/wp-content\/uploads\/2017\/08\/Visuel-5S9A-V2-185x300.jpg\" alt=\"\" width=\"185\" height=\"300\" srcset=\"http:\/\/pilau.fr\/wordpress\/wp-content\/uploads\/2017\/08\/Visuel-5S9A-V2-185x300.jpg 185w, http:\/\/pilau.fr\/wordpress\/wp-content\/uploads\/2017\/08\/Visuel-5S9A-V2-768x1248.jpg 768w, http:\/\/pilau.fr\/wordpress\/wp-content\/uploads\/2017\/08\/Visuel-5S9A-V2-630x1024.jpg 630w, http:\/\/pilau.fr\/wordpress\/wp-content\/uploads\/2017\/08\/Visuel-5S9A-V2.jpg 1063w\" sizes=\"(max-width: 185px) 100vw, 185px\" \/><\/a>ence \u00e0 Joseph Lambert pour l\u2019album <em>Annie Sullivan et Helen Keller <\/em>(\u00e7a et l\u00e0)<\/p>\n<p>Fond\u00e9e sur l\u2019histoire vraie d\u2019Helen Keller, injustement m\u00e9connue en France, cette \u0153uvre riche et g\u00e9n\u00e9reuse d\u00e9ploie des tr\u00e9sors d\u2019inventivit\u00e9 pour mettre les atouts de la bande dessin\u00e9e au service d\u2019un enjeu ambitieux : partager l\u2019exp\u00e9rience de la privation sensorielle et changer ainsi le regard sur le handicap.<\/p>\n<p>Poursuivant un travail engag\u00e9 avec le troph\u00e9e 2012, Sans Tambour Ni Trompette propose une exposition autour de <em>Annie Sullivan et Helen Keller<\/em> afin de donner \u00e0 cette \u0153uvre importante toute la r\u00e9sonnance qu\u2019elle m\u00e9rite et de changer ainsi le regard sur le handicap.<\/p>\n<p>L\u2019exposition se d\u00e9ploie en trois sections :<\/p>\n<ul>\n<li><u>Le r\u00e9cit de vie d\u2019Helen Keller et Annie Sullivan, <\/u><\/li>\n<\/ul>\n<p>L\u2019histoire d\u2019Helen Keller et d\u2019Annie Sullivan reste m\u00e9connue du public fran\u00e7ais malgr\u00e9 sa grande popularit\u00e9 aux Etats-Unis. L\u2019exposition retrace leur histoire en mettant en regard des documents d\u2019archive\u00a0(photos, manuscrits, etc.) et des extraits de la bande dessin\u00e9e.<\/p>\n<ul>\n<li><u>La repr\u00e9sentation de la privation sensorielle en bande dessin\u00e9e<\/u><\/li>\n<\/ul>\n<p>Il s\u2019agit ici de mettre en lumi\u00e8re les choix artistiques graphiques et narratifs de Joseph Lambert\u00a0pour repr\u00e9senter la privation sensorielle (c\u00e9cit\u00e9 et surdit\u00e9) en s\u2019appuyant sur des extraits de la bande dessin\u00e9e (planches, images) en originaux et en reproductions ainsi que sur une interview video de l\u2019auteur.<\/p>\n<ul>\n<li><u>Les actions engag\u00e9es contre la c\u00e9cit\u00e9 et la surdit\u00e9<\/u><\/li>\n<\/ul>\n<p>Ce volet plus didactique apportera des informations sur la langue des signes et l\u2019alphabet Braille, \u00e0 partir de documentation et d\u2019extraits de la bande dessin\u00e9e.<\/p>\n<p>L&rsquo;exposition a \u00e9t\u00e9 montr\u00e9e au Centre Ren\u00e9 Goscinny (Paris), au CNAM, \u00e0 la biblioth\u00e8que Chaptal et \u00e0 la m\u00e9diath\u00e8que Marguerite Yourcenar en 2016 et 2017<\/p>\n<p>Commissariat artistique et sc\u00e9nographie : Pierre-Laurent Daures, assist\u00e9 de Emilie Fabre<\/p>\n<p>R\u00e9alisation de l&rsquo;interview video : Juan-Camilo Morales<\/p>\n<p>Merci \u00e0 Serge (\u00e7a et l\u00e0) et \u00e0 l&rsquo;auteur.<\/p>\n<p><a href=\"http:\/\/pilau.fr\/wordpress\/wp-content\/uploads\/2017\/08\/20161019_104200.jpg\"><img loading=\"lazy\" decoding=\"async\" class=\"aligncenter size-large wp-image-929\" src=\"http:\/\/pilau.fr\/wordpress\/wp-content\/uploads\/2017\/08\/20161019_104200-1024x614.jpg\" alt=\"\" width=\"593\" height=\"356\" srcset=\"http:\/\/pilau.fr\/wordpress\/wp-content\/uploads\/2017\/08\/20161019_104200-1024x614.jpg 1024w, http:\/\/pilau.fr\/wordpress\/wp-content\/uploads\/2017\/08\/20161019_104200-300x180.jpg 300w, http:\/\/pilau.fr\/wordpress\/wp-content\/uploads\/2017\/08\/20161019_104200-768x461.jpg 768w\" sizes=\"(max-width: 593px) 100vw, 593px\" \/><\/a> <a href=\"http:\/\/pilau.fr\/wordpress\/wp-content\/uploads\/2017\/08\/20161019_104239.jpg\"><img loading=\"lazy\" decoding=\"async\" class=\"aligncenter size-large wp-image-930\" src=\"http:\/\/pilau.fr\/wordpress\/wp-content\/uploads\/2017\/08\/20161019_104239-1024x761.jpg\" alt=\"\" width=\"593\" height=\"441\" srcset=\"http:\/\/pilau.fr\/wordpress\/wp-content\/uploads\/2017\/08\/20161019_104239-1024x761.jpg 1024w, http:\/\/pilau.fr\/wordpress\/wp-content\/uploads\/2017\/08\/20161019_104239-300x223.jpg 300w, http:\/\/pilau.fr\/wordpress\/wp-content\/uploads\/2017\/08\/20161019_104239-768x570.jpg 768w\" sizes=\"(max-width: 593px) 100vw, 593px\" \/><\/a> <a href=\"http:\/\/pilau.fr\/wordpress\/wp-content\/uploads\/2017\/08\/20161019_104413.jpg\"><img loading=\"lazy\" decoding=\"async\" class=\"aligncenter size-large wp-image-931\" src=\"http:\/\/pilau.fr\/wordpress\/wp-content\/uploads\/2017\/08\/20161019_104413-1024x731.jpg\" alt=\"\" width=\"593\" height=\"423\" srcset=\"http:\/\/pilau.fr\/wordpress\/wp-content\/uploads\/2017\/08\/20161019_104413-1024x731.jpg 1024w, http:\/\/pilau.fr\/wordpress\/wp-content\/uploads\/2017\/08\/20161019_104413-300x214.jpg 300w, http:\/\/pilau.fr\/wordpress\/wp-content\/uploads\/2017\/08\/20161019_104413-768x548.jpg 768w\" sizes=\"(max-width: 593px) 100vw, 593px\" \/><\/a> <a href=\"http:\/\/pilau.fr\/wordpress\/wp-content\/uploads\/2017\/08\/20161019_104427.jpg\"><img loading=\"lazy\" decoding=\"async\" class=\"aligncenter size-large wp-image-932\" src=\"http:\/\/pilau.fr\/wordpress\/wp-content\/uploads\/2017\/08\/20161019_104427-608x1024.jpg\" alt=\"\" width=\"593\" height=\"999\" srcset=\"http:\/\/pilau.fr\/wordpress\/wp-content\/uploads\/2017\/08\/20161019_104427-608x1024.jpg 608w, http:\/\/pilau.fr\/wordpress\/wp-content\/uploads\/2017\/08\/20161019_104427-178x300.jpg 178w, http:\/\/pilau.fr\/wordpress\/wp-content\/uploads\/2017\/08\/20161019_104427-768x1294.jpg 768w, http:\/\/pilau.fr\/wordpress\/wp-content\/uploads\/2017\/08\/20161019_104427.jpg 1389w\" sizes=\"(max-width: 593px) 100vw, 593px\" \/><\/a> <a href=\"http:\/\/pilau.fr\/wordpress\/wp-content\/uploads\/2017\/08\/20160104_122526.jpg\"><img loading=\"lazy\" decoding=\"async\" class=\"aligncenter size-large wp-image-933\" src=\"http:\/\/pilau.fr\/wordpress\/wp-content\/uploads\/2017\/08\/20160104_122526-614x1024.jpg\" alt=\"\" width=\"593\" height=\"989\" srcset=\"http:\/\/pilau.fr\/wordpress\/wp-content\/uploads\/2017\/08\/20160104_122526-614x1024.jpg 614w, http:\/\/pilau.fr\/wordpress\/wp-content\/uploads\/2017\/08\/20160104_122526-180x300.jpg 180w, http:\/\/pilau.fr\/wordpress\/wp-content\/uploads\/2017\/08\/20160104_122526-768x1280.jpg 768w, http:\/\/pilau.fr\/wordpress\/wp-content\/uploads\/2017\/08\/20160104_122526.jpg 1536w\" sizes=\"(max-width: 593px) 100vw, 593px\" \/><\/a> <a href=\"http:\/\/pilau.fr\/wordpress\/wp-content\/uploads\/2017\/08\/20160104_135719.jpg\"><img loading=\"lazy\" decoding=\"async\" class=\"aligncenter size-large wp-image-934\" src=\"http:\/\/pilau.fr\/wordpress\/wp-content\/uploads\/2017\/08\/20160104_135719-1024x614.jpg\" alt=\"\" width=\"593\" height=\"356\" srcset=\"http:\/\/pilau.fr\/wordpress\/wp-content\/uploads\/2017\/08\/20160104_135719-1024x614.jpg 1024w, http:\/\/pilau.fr\/wordpress\/wp-content\/uploads\/2017\/08\/20160104_135719-300x180.jpg 300w, http:\/\/pilau.fr\/wordpress\/wp-content\/uploads\/2017\/08\/20160104_135719-768x461.jpg 768w\" sizes=\"(max-width: 593px) 100vw, 593px\" \/><\/a> <a href=\"http:\/\/pilau.fr\/wordpress\/wp-content\/uploads\/2017\/08\/IMG_5827.jpg\"><img loading=\"lazy\" decoding=\"async\" class=\"aligncenter size-large wp-image-935\" src=\"http:\/\/pilau.fr\/wordpress\/wp-content\/uploads\/2017\/08\/IMG_5827-1024x768.jpg\" alt=\"\" width=\"593\" height=\"445\" srcset=\"http:\/\/pilau.fr\/wordpress\/wp-content\/uploads\/2017\/08\/IMG_5827-1024x768.jpg 1024w, http:\/\/pilau.fr\/wordpress\/wp-content\/uploads\/2017\/08\/IMG_5827-300x225.jpg 300w, http:\/\/pilau.fr\/wordpress\/wp-content\/uploads\/2017\/08\/IMG_5827-768x576.jpg 768w\" sizes=\"(max-width: 593px) 100vw, 593px\" \/><\/a><\/p>\n<p>&nbsp;<\/p>\n","protected":false},"excerpt":{"rendered":"<p>L\u2019association Sans Tambour Ni Trompette, en partenariat avec le Festival international de la bande dessin\u00e9e d\u2019Angoul\u00eame, a d\u00e9cern\u00e9 le troph\u00e9e Les BD qui font la diff\u00e9rence \u00e0 Joseph Lambert pour l\u2019album Annie Sullivan et Helen Keller (\u00e7a et l\u00e0) Fond\u00e9e&hellip;<\/p>\n<p class=\"more-link-p\"><a class=\"more-link\" href=\"http:\/\/pilau.fr\/wordpress\/?page_id=927\">Read more &rarr;<\/a><\/p>\n","protected":false},"author":1,"featured_media":0,"parent":38,"menu_order":0,"comment_status":"closed","ping_status":"closed","template":"","meta":{"footnotes":""},"_links":{"self":[{"href":"http:\/\/pilau.fr\/wordpress\/index.php?rest_route=\/wp\/v2\/pages\/927"}],"collection":[{"href":"http:\/\/pilau.fr\/wordpress\/index.php?rest_route=\/wp\/v2\/pages"}],"about":[{"href":"http:\/\/pilau.fr\/wordpress\/index.php?rest_route=\/wp\/v2\/types\/page"}],"author":[{"embeddable":true,"href":"http:\/\/pilau.fr\/wordpress\/index.php?rest_route=\/wp\/v2\/users\/1"}],"replies":[{"embeddable":true,"href":"http:\/\/pilau.fr\/wordpress\/index.php?rest_route=%2Fwp%2Fv2%2Fcomments&post=927"}],"version-history":[{"count":1,"href":"http:\/\/pilau.fr\/wordpress\/index.php?rest_route=\/wp\/v2\/pages\/927\/revisions"}],"predecessor-version":[{"id":936,"href":"http:\/\/pilau.fr\/wordpress\/index.php?rest_route=\/wp\/v2\/pages\/927\/revisions\/936"}],"up":[{"embeddable":true,"href":"http:\/\/pilau.fr\/wordpress\/index.php?rest_route=\/wp\/v2\/pages\/38"}],"wp:attachment":[{"href":"http:\/\/pilau.fr\/wordpress\/index.php?rest_route=%2Fwp%2Fv2%2Fmedia&parent=927"}],"curies":[{"name":"wp","href":"https:\/\/api.w.org\/{rel}","templated":true}]}}