{"id":63,"date":"2014-10-26T15:38:50","date_gmt":"2014-10-26T14:38:50","guid":{"rendered":"http:\/\/pilau.fr\/wordpress\/?page_id=63"},"modified":"2021-04-01T18:13:57","modified_gmt":"2021-04-01T17:13:57","slug":"hauts-lieux-et-evenements","status":"publish","type":"page","link":"http:\/\/pilau.fr\/wordpress\/?page_id=63","title":{"rendered":"Actions et \u00e9v\u00e8nements BD"},"content":{"rendered":"<p>Entre les cases intervient aussi dans d&rsquo;autres lieux, \u00e0 l&rsquo;occasion d&rsquo;\u00e9v\u00e8nements culturels<\/p>\n<hr \/>\n<p><strong>CMN &#8211; Ch\u00e2teau de Vincennes<\/strong><\/p>\n<p>Conception et animation d\u2019un parcours \u00ab r\u00e9cits en image, du moyen-\u00e2ge \u00e0 la bande dessin\u00e9e \u00bb pour les coll\u00e9giens de 5<sup>\u00e8me<\/sup><\/p>\n<ul>\n<li><strong>\u00a0<\/strong>Visite du ch\u00e2teau de Vincennes sur le th\u00e8me de la chevalerie ou la vie quotidienne au Moyen \u00c2ge.<\/li>\n<li>Atelier\u00a0: La repr\u00e9sentation du Moyen \u00c2ge dans la BD. Reconstitution, inspiration, st\u00e9r\u00e9otypes.<\/li>\n<\/ul>\n<div id='gallery-1' class='gallery galleryid-63 gallery-columns-3 gallery-size-thumbnail'><dl class='gallery-item'>\n\t\t\t<dt class='gallery-icon portrait'>\n\t\t\t\t<a href='http:\/\/pilau.fr\/wordpress\/?attachment_id=278'><img loading=\"lazy\" decoding=\"async\" width=\"150\" height=\"150\" src=\"http:\/\/pilau.fr\/wordpress\/wp-content\/uploads\/2014\/10\/vincennes-2-150x150.jpg\" class=\"attachment-thumbnail size-thumbnail\" alt=\"\" \/><\/a>\n\t\t\t<\/dt><\/dl><dl class='gallery-item'>\n\t\t\t<dt class='gallery-icon landscape'>\n\t\t\t\t<a href='http:\/\/pilau.fr\/wordpress\/?attachment_id=276'><img loading=\"lazy\" decoding=\"async\" width=\"150\" height=\"150\" src=\"http:\/\/pilau.fr\/wordpress\/wp-content\/uploads\/2014\/10\/cantigas-de-santa-maria-3-150x150.jpg\" class=\"attachment-thumbnail size-thumbnail\" alt=\"\" \/><\/a>\n\t\t\t<\/dt><\/dl><dl class='gallery-item'>\n\t\t\t<dt class='gallery-icon portrait'>\n\t\t\t\t<a href='http:\/\/pilau.fr\/wordpress\/?attachment_id=274'><img loading=\"lazy\" decoding=\"async\" width=\"150\" height=\"150\" src=\"http:\/\/pilau.fr\/wordpress\/wp-content\/uploads\/2014\/10\/psautier-de-saint-louis-5v-High-150x150.jpg\" class=\"attachment-thumbnail size-thumbnail\" alt=\"\" \/><\/a>\n\t\t\t<\/dt><\/dl><br style=\"clear: both\" \/><dl class='gallery-item'>\n\t\t\t<dt class='gallery-icon portrait'>\n\t\t\t\t<a href='http:\/\/pilau.fr\/wordpress\/?attachment_id=275'><img loading=\"lazy\" decoding=\"async\" width=\"150\" height=\"150\" src=\"http:\/\/pilau.fr\/wordpress\/wp-content\/uploads\/2014\/10\/Psautier-de-saint-louis-7-150x150.jpg\" class=\"attachment-thumbnail size-thumbnail\" alt=\"\" \/><\/a>\n\t\t\t<\/dt><\/dl><dl class='gallery-item'>\n\t\t\t<dt class='gallery-icon landscape'>\n\t\t\t\t<a href='http:\/\/pilau.fr\/wordpress\/?attachment_id=277'><img loading=\"lazy\" decoding=\"async\" width=\"150\" height=\"150\" src=\"http:\/\/pilau.fr\/wordpress\/wp-content\/uploads\/2014\/10\/Vincennes-1-150x150.jpg\" class=\"attachment-thumbnail size-thumbnail\" alt=\"\" srcset=\"http:\/\/pilau.fr\/wordpress\/wp-content\/uploads\/2014\/10\/Vincennes-1-150x150.jpg 150w, http:\/\/pilau.fr\/wordpress\/wp-content\/uploads\/2014\/10\/Vincennes-1-300x297.jpg 300w, http:\/\/pilau.fr\/wordpress\/wp-content\/uploads\/2014\/10\/Vincennes-1-1024x1014.jpg 1024w, http:\/\/pilau.fr\/wordpress\/wp-content\/uploads\/2014\/10\/Vincennes-1.jpg 1390w\" sizes=\"(max-width: 150px) 100vw, 150px\" \/><\/a>\n\t\t\t<\/dt><\/dl><dl class='gallery-item'>\n\t\t\t<dt class='gallery-icon portrait'>\n\t\t\t\t<a href='http:\/\/pilau.fr\/wordpress\/?attachment_id=283'><img loading=\"lazy\" decoding=\"async\" width=\"150\" height=\"150\" src=\"http:\/\/pilau.fr\/wordpress\/wp-content\/uploads\/2014\/10\/vincennes3-150x150.jpg\" class=\"attachment-thumbnail size-thumbnail\" alt=\"\" \/><\/a>\n\t\t\t<\/dt><\/dl><br style=\"clear: both\" \/><dl class='gallery-item'>\n\t\t\t<dt class='gallery-icon portrait'>\n\t\t\t\t<a href='http:\/\/pilau.fr\/wordpress\/?attachment_id=282'><img loading=\"lazy\" decoding=\"async\" width=\"150\" height=\"150\" src=\"http:\/\/pilau.fr\/wordpress\/wp-content\/uploads\/2014\/10\/vincennes-7-150x150.jpg\" class=\"attachment-thumbnail size-thumbnail\" alt=\"\" \/><\/a>\n\t\t\t<\/dt><\/dl><dl class='gallery-item'>\n\t\t\t<dt class='gallery-icon portrait'>\n\t\t\t\t<a href='http:\/\/pilau.fr\/wordpress\/?attachment_id=281'><img loading=\"lazy\" decoding=\"async\" width=\"150\" height=\"150\" src=\"http:\/\/pilau.fr\/wordpress\/wp-content\/uploads\/2014\/10\/vincennes-6-150x150.jpg\" class=\"attachment-thumbnail size-thumbnail\" alt=\"\" \/><\/a>\n\t\t\t<\/dt><\/dl><dl class='gallery-item'>\n\t\t\t<dt class='gallery-icon portrait'>\n\t\t\t\t<a href='http:\/\/pilau.fr\/wordpress\/?attachment_id=279'><img loading=\"lazy\" decoding=\"async\" width=\"150\" height=\"150\" src=\"http:\/\/pilau.fr\/wordpress\/wp-content\/uploads\/2014\/10\/vincennes-4-150x150.jpg\" class=\"attachment-thumbnail size-thumbnail\" alt=\"\" \/><\/a>\n\t\t\t<\/dt><\/dl><br style=\"clear: both\" \/><dl class='gallery-item'>\n\t\t\t<dt class='gallery-icon portrait'>\n\t\t\t\t<a href='http:\/\/pilau.fr\/wordpress\/?attachment_id=280'><img loading=\"lazy\" decoding=\"async\" width=\"150\" height=\"150\" src=\"http:\/\/pilau.fr\/wordpress\/wp-content\/uploads\/2014\/10\/vincennes-5-150x150.jpg\" class=\"attachment-thumbnail size-thumbnail\" alt=\"\" \/><\/a>\n\t\t\t<\/dt><\/dl>\n\t\t\t<br style='clear: both' \/>\n\t\t<\/div>\n\n<hr \/>\n<p><strong>Le Louvre<\/strong><\/p>\n<p>Conception et animation de stages de BD pour enfants et adolescents autour de l\u2019exposition <i>L\u2019arch\u00e9ologie en bulles<\/i> \u00e0 la petite Galerie (toussaint 2018 printemps 2019)<\/p>\n<hr \/>\n<p><strong>Les Archives nationales<\/strong><\/p>\n<p>Conception et animation d&rsquo;ateliers \u00e0 l\u2019attention de groupes d\u2019enfants et adolescents dans le cadre de la manifestation \u00ab<strong>Les Portes du temps<\/strong>\u00bb (\u00ab\u00a0C&rsquo;est mon patrimoine\u00a0\u00bb) : visite dessin\u00e9es des Archives nationales et de l&rsquo;exposition temporaire carnet\u00a0en main suivie d\u2019un atelier de bande dessin\u00e9e<\/p>\n<hr \/>\n<p><strong>Le Carreau du Temple<\/strong><\/p>\n<p>Conception et animation du parcours le <strong><em>Carreau en Cases<\/em><\/strong> pour<a title=\"Le Carreau en Cases\" href=\"http:\/\/pilau.fr\/wordpress\/?page_id=357\"><img loading=\"lazy\" decoding=\"async\" class=\"alignright wp-image-362\" src=\"http:\/\/pilau.fr\/wordpress\/wp-content\/uploads\/2015\/01\/panneau-montgolfier-16-150x150.gif\" alt=\"panneau-montgolfier-16\" width=\"176\" height=\"176\" srcset=\"http:\/\/pilau.fr\/wordpress\/wp-content\/uploads\/2015\/01\/panneau-montgolfier-16-150x150.gif 150w, http:\/\/pilau.fr\/wordpress\/wp-content\/uploads\/2015\/01\/panneau-montgolfier-16-300x300.gif 300w, http:\/\/pilau.fr\/wordpress\/wp-content\/uploads\/2015\/01\/panneau-montgolfier-16-1024x1024.gif 1024w\" sizes=\"(max-width: 176px) 100vw, 176px\" \/><\/a> l\u2019ouverture du Carreau du Temple, avec des \u00e9l\u00e8ves de 3 \u00e9tablissements scolaires (2013 -2014) :<\/p>\n<p>Cr\u00e9ation de bandes dessin\u00e9es\u00a0sur la m\u00e9tamorphose du Carreau du Temple, son histoire, son chantier et son devenir&#8230;<\/p>\n<p>Pour en savoir plus, cliquez sur l&rsquo;image<\/p>\n<hr \/>\n<p><img loading=\"lazy\" decoding=\"async\" class=\"alignleft wp-image-401\" src=\"http:\/\/pilau.fr\/wordpress\/wp-content\/uploads\/2014\/10\/affiche-festiblog1-212x300.jpg\" alt=\"affiche festiblog1\" width=\"175\" height=\"241\" \/><strong>Festiblog 2012<\/strong> : Une\u00a0fresque participative \u00ab\u00a0<em>J\u00e9r\u00f4me le Neurone<\/em>\u00a0\u00bb<\/p>\n<p><img loading=\"lazy\" decoding=\"async\" class=\"alignright wp-image-402 size-thumbnail\" src=\"http:\/\/pilau.fr\/wordpress\/wp-content\/uploads\/2014\/10\/Jerome-le-neurone-150x150.jpg\" alt=\"Jerome le neurone\" width=\"150\" height=\"150\" \/>Avec l&rsquo;association Stimuli\u00a0\u00a0(J\u00e9r\u00f4me le neurone a \u00e9t\u00e9 cr\u00e9\u00e9 par Cil Vert)<\/p>\n<p>voir les <a href=\"http:\/\/www.festival-blogs-bd.com\/2012\/10\/collectif-stimuli.html\" target=\"_blank\" rel=\"noopener noreferrer\">photos<\/a><\/p>\n<p>&nbsp;<\/p>\n<p>&nbsp;<\/p>\n<hr \/>\n<p>Festival America (septembre 2012)\u00a0: Conception et animation de deux ateliers de bande dessin\u00e9e (pour des \u00e9l\u00e8ves de primaire)<\/p>\n<hr \/>\n<p><strong>RMN \u2013 Ch\u00e2teau d\u2019Ecouen, Mus\u00e9e National de la Renaissance<\/strong> :<\/p>\n<p><a title=\"RMN \u2013 Chateau d\u2019Ecouen\" href=\"http:\/\/pilau.fr\/wordpress\/?page_id=208\"><img loading=\"lazy\" decoding=\"async\" class=\"alignleft wp-image-198 size-thumbnail\" src=\"http:\/\/pilau.fr\/wordpress\/wp-content\/uploads\/2014\/10\/ecouen-DSC03328-150x150.jpg\" alt=\"ecouen DSC03328\" width=\"150\" height=\"150\" \/><\/a>Conception et animation de 5 ateliers \u00e0 l\u2019attention de groupes d\u2019enfants et adolescents dans le cadre de la manifestation \u00ab<strong>Les Portes du temps<\/strong>\u00bb\u00a0: visite du Mus\u00e9e carnet en main (focalisation sur la repr\u00e9sentation des animaux ou sur la narration dans les tapisseries) suivie d\u2019un atelier de bande dessin\u00e9e<\/p>\n<p>Pour en savoir plus, cliquez sur l&rsquo;image<\/p>\n<p>&nbsp;<\/p>\n<hr \/>\n<p>Centre Pompidou (f\u00e9vrier \u00e0 avril 2012)\u00a0: Participation \u00e0 la conception de l\u2019\u00e9v\u00e9nement <em>Plan\u00e8te Manga<\/em>,\u2013 Conception et animation de 5 ateliers, dont l&rsquo;atelier \u00ab\u00a0puzzle de manga\u00a0\u00bb et l&rsquo;atelier\u00a0\u00bbrobot Custom\u00a0\u00bb<\/p>\n<p><a href=\"http:\/\/pilau.fr\/wordpress\/wp-content\/uploads\/2014\/10\/puzzle-manga-1554.jpg\"><img loading=\"lazy\" decoding=\"async\" class=\" wp-image-575 alignleft\" src=\"http:\/\/pilau.fr\/wordpress\/wp-content\/uploads\/2014\/10\/puzzle-manga-1554-300x225.jpg\" alt=\"puzzle manga--1554\" width=\"264\" height=\"202\" \/><\/a><\/p>\n<p><img loading=\"lazy\" decoding=\"async\" class=\" wp-image-576 alignleft\" src=\"http:\/\/pilau.fr\/wordpress\/wp-content\/uploads\/2014\/10\/puzzle-manga-15541-300x225.jpg\" alt=\"puzzle manga-1554\" width=\"265\" height=\"203\" \/><\/p>\n<p><a href=\"http:\/\/pilau.fr\/wordpress\/wp-content\/uploads\/2014\/10\/puzzle-manga-218-1606.jpg\"><img loading=\"lazy\" decoding=\"async\" class=\" wp-image-572 alignleft\" src=\"http:\/\/pilau.fr\/wordpress\/wp-content\/uploads\/2014\/10\/puzzle-manga-218-1606-225x300.jpg\" alt=\"puzzle manga 218-1606\" width=\"149\" height=\"194\" \/><img loading=\"lazy\" decoding=\"async\" class=\" wp-image-581 alignleft\" src=\"http:\/\/pilau.fr\/wordpress\/wp-content\/uploads\/2014\/10\/puzzle-manga-1813-300x225.jpg\" alt=\"puzzle manga-1813\" width=\"195\" height=\"150\" \/><\/a> <a href=\"http:\/\/pilau.fr\/wordpress\/wp-content\/uploads\/2014\/10\/puzzle-manga-20218-1813.jpg\"><img loading=\"lazy\" decoding=\"async\" class=\" wp-image-573 alignleft\" src=\"http:\/\/pilau.fr\/wordpress\/wp-content\/uploads\/2014\/10\/puzzle-manga-20218-1813-225x300.jpg\" alt=\"puzzle manga 20218-1813\" width=\"147\" height=\"192\" \/><\/a> <a href=\"http:\/\/pilau.fr\/wordpress\/wp-content\/uploads\/2014\/10\/puzzle-manga-120218-1614.jpg\"><img loading=\"lazy\" decoding=\"async\" class=\" wp-image-574 alignleft\" src=\"http:\/\/pilau.fr\/wordpress\/wp-content\/uploads\/2014\/10\/puzzle-manga-120218-1614-225x300.jpg\" alt=\"puzzle manga 120218-1614\" width=\"187\" height=\"244\" \/><\/a><br \/>\n<a href=\"http:\/\/pilau.fr\/wordpress\/wp-content\/uploads\/2014\/10\/puzzle-manga-1626.jpg\"><img loading=\"lazy\" decoding=\"async\" class=\" wp-image-577 alignleft\" src=\"http:\/\/pilau.fr\/wordpress\/wp-content\/uploads\/2014\/10\/puzzle-manga-1626-300x225.jpg\" alt=\"puzzle manga-1626\" width=\"249\" height=\"191\" \/><\/a> <a href=\"http:\/\/pilau.fr\/wordpress\/wp-content\/uploads\/2014\/10\/puzzle-manga-1733.jpg\"><img loading=\"lazy\" decoding=\"async\" class=\" wp-image-578 alignleft\" src=\"http:\/\/pilau.fr\/wordpress\/wp-content\/uploads\/2014\/10\/puzzle-manga-1733-225x300.jpg\" alt=\"puzzle manga-1733\" width=\"112\" height=\"146\" \/><\/a> <a href=\"http:\/\/pilau.fr\/wordpress\/wp-content\/uploads\/2014\/10\/puzzle-manga-1740.jpg\"><img loading=\"lazy\" decoding=\"async\" class=\" wp-image-579 alignleft\" src=\"http:\/\/pilau.fr\/wordpress\/wp-content\/uploads\/2014\/10\/puzzle-manga-1740-300x225.jpg\" alt=\"puzzle manga-1740\" width=\"244\" height=\"187\" \/><\/a><a href=\"http:\/\/pilau.fr\/wordpress\/wp-content\/uploads\/2014\/10\/puzzle-manga-1743.jpg\"><img loading=\"lazy\" decoding=\"async\" class=\" wp-image-580 alignleft\" src=\"http:\/\/pilau.fr\/wordpress\/wp-content\/uploads\/2014\/10\/puzzle-manga-1743-225x300.jpg\" alt=\"puzzle manga-1743\" width=\"201\" height=\"263\" \/><\/a><\/p>\n<p><a href=\"http:\/\/pilau.fr\/wordpress\/wp-content\/uploads\/2014\/10\/robot-20120414-1711.jpg\"><img loading=\"lazy\" decoding=\"async\" class=\" wp-image-585 alignleft\" src=\"http:\/\/pilau.fr\/wordpress\/wp-content\/uploads\/2014\/10\/robot-20120414-1711-300x225.jpg\" alt=\"robot-20120414-1711\" width=\"275\" height=\"213\" \/><\/a><a href=\"http:\/\/pilau.fr\/wordpress\/wp-content\/uploads\/2014\/10\/robot-1728.jpg\"><img loading=\"lazy\" decoding=\"async\" class=\" wp-image-584 alignleft\" src=\"http:\/\/pilau.fr\/wordpress\/wp-content\/uploads\/2014\/10\/robot-1728-225x300.jpg\" alt=\"robot-1728\" width=\"218\" height=\"282\" \/><\/a><a href=\"http:\/\/pilau.fr\/wordpress\/wp-content\/uploads\/2014\/10\/robot-20415-1657.jpg\"><img loading=\"lazy\" decoding=\"async\" class=\" wp-image-583 alignleft\" src=\"http:\/\/pilau.fr\/wordpress\/wp-content\/uploads\/2014\/10\/robot-20415-1657-225x300.jpg\" alt=\"robot 20415-1657\" width=\"178\" height=\"232\" \/><\/a><a href=\"http:\/\/pilau.fr\/wordpress\/wp-content\/uploads\/2014\/10\/robot-20414-1808.jpg\"><img loading=\"lazy\" decoding=\"async\" class=\" size-medium wp-image-582 alignleft\" src=\"http:\/\/pilau.fr\/wordpress\/wp-content\/uploads\/2014\/10\/robot-20414-1808-225x300.jpg\" alt=\"robot 20414-1808\" width=\"225\" height=\"300\" srcset=\"http:\/\/pilau.fr\/wordpress\/wp-content\/uploads\/2014\/10\/robot-20414-1808-225x300.jpg 225w, http:\/\/pilau.fr\/wordpress\/wp-content\/uploads\/2014\/10\/robot-20414-1808-768x1024.jpg 768w, http:\/\/pilau.fr\/wordpress\/wp-content\/uploads\/2014\/10\/robot-20414-1808.jpg 1536w\" sizes=\"(max-width: 225px) 100vw, 225px\" \/><\/a><a href=\"http:\/\/pilau.fr\/wordpress\/wp-content\/uploads\/2014\/10\/puzzle-manga-1743.jpg\"><br \/>\n<\/a><\/p>\n<p>&nbsp;<\/p>\n","protected":false},"excerpt":{"rendered":"<p>Entre les cases intervient aussi dans d&rsquo;autres lieux, \u00e0 l&rsquo;occasion d&rsquo;\u00e9v\u00e8nements culturels CMN &#8211; Ch\u00e2teau de Vincennes Conception et animation d\u2019un parcours \u00ab r\u00e9cits en image, du moyen-\u00e2ge \u00e0 la bande dessin\u00e9e \u00bb pour les coll\u00e9giens de 5\u00e8me \u00a0Visite du&hellip;<\/p>\n<p class=\"more-link-p\"><a class=\"more-link\" href=\"http:\/\/pilau.fr\/wordpress\/?page_id=63\">Read more &rarr;<\/a><\/p>\n","protected":false},"author":1,"featured_media":0,"parent":50,"menu_order":0,"comment_status":"open","ping_status":"open","template":"","meta":{"footnotes":""},"_links":{"self":[{"href":"http:\/\/pilau.fr\/wordpress\/index.php?rest_route=\/wp\/v2\/pages\/63"}],"collection":[{"href":"http:\/\/pilau.fr\/wordpress\/index.php?rest_route=\/wp\/v2\/pages"}],"about":[{"href":"http:\/\/pilau.fr\/wordpress\/index.php?rest_route=\/wp\/v2\/types\/page"}],"author":[{"embeddable":true,"href":"http:\/\/pilau.fr\/wordpress\/index.php?rest_route=\/wp\/v2\/users\/1"}],"replies":[{"embeddable":true,"href":"http:\/\/pilau.fr\/wordpress\/index.php?rest_route=%2Fwp%2Fv2%2Fcomments&post=63"}],"version-history":[{"count":16,"href":"http:\/\/pilau.fr\/wordpress\/index.php?rest_route=\/wp\/v2\/pages\/63\/revisions"}],"predecessor-version":[{"id":1096,"href":"http:\/\/pilau.fr\/wordpress\/index.php?rest_route=\/wp\/v2\/pages\/63\/revisions\/1096"}],"up":[{"embeddable":true,"href":"http:\/\/pilau.fr\/wordpress\/index.php?rest_route=\/wp\/v2\/pages\/50"}],"wp:attachment":[{"href":"http:\/\/pilau.fr\/wordpress\/index.php?rest_route=%2Fwp%2Fv2%2Fmedia&parent=63"}],"curies":[{"name":"wp","href":"https:\/\/api.w.org\/{rel}","templated":true}]}}