{"id":60,"date":"2014-10-26T15:31:51","date_gmt":"2014-10-26T14:31:51","guid":{"rendered":"http:\/\/pilau.fr\/wordpress\/?page_id=60"},"modified":"2017-04-24T07:29:41","modified_gmt":"2017-04-24T06:29:41","slug":"actions-en-milieu-scolaire","status":"publish","type":"page","link":"http:\/\/pilau.fr\/wordpress\/?page_id=60","title":{"rendered":"Actions en milieu scolaire"},"content":{"rendered":"<p>Entre les cases intervient r\u00e9guli\u00e8rement en milieu scolaire : coll\u00e8ge, lyc\u00e9e&#8230;<\/p>\n<p>L&rsquo;enjeu ? d\u00e9couvrir la bande dessin\u00e9e en la pratiquant\u00a0!<\/p>\n<p>Les interventions en classe se d\u00e9roulent g\u00e9n\u00e9ralement en plusieurs s\u00e9ances au cours desquelles alternent des s\u00e9quences didactiques (les \u00e9tapes de cr\u00e9ation d&rsquo;une bande dessin\u00e9e, les techniques de dessin et de narration, etc.) et des s\u00e9quences cr\u00e9atives au cours desquelles les \u00e9l\u00e8ves cr\u00e9ent leurs propres bandes dessin\u00e9es.<\/p>\n<p>Bien s\u00fbr, l&rsquo;id\u00e9al est de pouvoir publier ces cr\u00e9ations \u00e0 l&rsquo;issue du projet, en les imprimant dans un livret ou en les mettant en ligne sur un blog.<\/p>\n<p>Voici quelques exemples de r\u00e9alisation :<\/p>\n<hr \/>\n<p><strong>Ateliers cr\u00e9atifs \u00e0 Science-po<\/strong><\/p>\n<p>Depuis janvier 2013, chaque semestre, un groupe de 10 \u00e0 18 \u00e9l\u00e8ves de 1\u00e8re ann\u00e9e ou de 2\u00e8me ann\u00e9e planche sur un th\u00e8me : \u00ab\u00a0de la contestation au militantisme : \u00ab\u00a0<em>l&rsquo;engagement en bande dessin\u00e9e<\/em>\u00ab\u00a0, \u00ab\u00a0<em>dessiner la guerre, raconter l&rsquo;histoire en bande dessin\u00e9e<\/em>\u00ab\u00a0, \u00ab\u00a0<em>de rues en cases, la ville en bande dessin\u00e9e<\/em>\u00ab\u00a0&#8230;<\/p>\n<p>Pendant 12 s\u00e9ances, chacun r\u00e9alise 2 planches de bande dessin\u00e9e et produit une \u00e9tude\u00a0\u00e9crite\u00a0sur une oeuvre du corpus propos\u00e9 (Crumb, Tardi, Davodeau, Sacco, Schuitten, Eisner, Seth&#8230;)<\/p>\n<div id='gallery-1' class='gallery galleryid-60 gallery-columns-4 gallery-size-thumbnail'><dl class='gallery-item'>\n\t\t\t<dt class='gallery-icon portrait'>\n\t\t\t\t<a href='http:\/\/pilau.fr\/wordpress\/?attachment_id=438'><img loading=\"lazy\" decoding=\"async\" width=\"150\" height=\"150\" src=\"http:\/\/pilau.fr\/wordpress\/wp-content\/uploads\/2014\/10\/Justine-1-150x150.gif\" class=\"attachment-thumbnail size-thumbnail\" alt=\"\" \/><\/a>\n\t\t\t<\/dt><\/dl><dl class='gallery-item'>\n\t\t\t<dt class='gallery-icon portrait'>\n\t\t\t\t<a href='http:\/\/pilau.fr\/wordpress\/?attachment_id=434'><img loading=\"lazy\" decoding=\"async\" width=\"150\" height=\"150\" src=\"http:\/\/pilau.fr\/wordpress\/wp-content\/uploads\/2014\/10\/marguerite-1-150x150.gif\" class=\"attachment-thumbnail size-thumbnail\" alt=\"\" \/><\/a>\n\t\t\t<\/dt><\/dl><dl class='gallery-item'>\n\t\t\t<dt class='gallery-icon portrait'>\n\t\t\t\t<a href='http:\/\/pilau.fr\/wordpress\/?attachment_id=439'><img loading=\"lazy\" decoding=\"async\" width=\"150\" height=\"150\" src=\"http:\/\/pilau.fr\/wordpress\/wp-content\/uploads\/2014\/10\/Emilie-1-150x150.gif\" class=\"attachment-thumbnail size-thumbnail\" alt=\"\" \/><\/a>\n\t\t\t<\/dt><\/dl><dl class='gallery-item'>\n\t\t\t<dt class='gallery-icon portrait'>\n\t\t\t\t<a href='http:\/\/pilau.fr\/wordpress\/?attachment_id=427'><img loading=\"lazy\" decoding=\"async\" width=\"150\" height=\"150\" src=\"http:\/\/pilau.fr\/wordpress\/wp-content\/uploads\/2014\/10\/elliot-1-150x150.gif\" class=\"attachment-thumbnail size-thumbnail\" alt=\"\" \/><\/a>\n\t\t\t<\/dt><\/dl><br style=\"clear: both\" \/><dl class='gallery-item'>\n\t\t\t<dt class='gallery-icon portrait'>\n\t\t\t\t<a href='http:\/\/pilau.fr\/wordpress\/?attachment_id=436'><img loading=\"lazy\" decoding=\"async\" width=\"150\" height=\"150\" src=\"http:\/\/pilau.fr\/wordpress\/wp-content\/uploads\/2014\/10\/camille-C-1-150x150.gif\" class=\"attachment-thumbnail size-thumbnail\" alt=\"\" \/><\/a>\n\t\t\t<\/dt><\/dl><dl class='gallery-item'>\n\t\t\t<dt class='gallery-icon landscape'>\n\t\t\t\t<a href='http:\/\/pilau.fr\/wordpress\/?attachment_id=429'><img loading=\"lazy\" decoding=\"async\" width=\"150\" height=\"150\" src=\"http:\/\/pilau.fr\/wordpress\/wp-content\/uploads\/2014\/10\/lilian-2-aplati-150x150.gif\" class=\"attachment-thumbnail size-thumbnail\" alt=\"\" \/><\/a>\n\t\t\t<\/dt><\/dl><dl class='gallery-item'>\n\t\t\t<dt class='gallery-icon portrait'>\n\t\t\t\t<a href='http:\/\/pilau.fr\/wordpress\/?attachment_id=437'><img loading=\"lazy\" decoding=\"async\" width=\"150\" height=\"150\" src=\"http:\/\/pilau.fr\/wordpress\/wp-content\/uploads\/2014\/10\/Constance-11-150x150.gif\" class=\"attachment-thumbnail size-thumbnail\" alt=\"\" \/><\/a>\n\t\t\t<\/dt><\/dl><dl class='gallery-item'>\n\t\t\t<dt class='gallery-icon portrait'>\n\t\t\t\t<a href='http:\/\/pilau.fr\/wordpress\/?attachment_id=432'><img loading=\"lazy\" decoding=\"async\" width=\"150\" height=\"150\" src=\"http:\/\/pilau.fr\/wordpress\/wp-content\/uploads\/2014\/10\/Constance-1-150x150.gif\" class=\"attachment-thumbnail size-thumbnail\" alt=\"\" \/><\/a>\n\t\t\t<\/dt><\/dl><br style=\"clear: both\" \/><dl class='gallery-item'>\n\t\t\t<dt class='gallery-icon portrait'>\n\t\t\t\t<a href='http:\/\/pilau.fr\/wordpress\/?attachment_id=428'><img loading=\"lazy\" decoding=\"async\" width=\"150\" height=\"150\" src=\"http:\/\/pilau.fr\/wordpress\/wp-content\/uploads\/2014\/10\/Julie-1-150x150.gif\" class=\"attachment-thumbnail size-thumbnail\" alt=\"\" \/><\/a>\n\t\t\t<\/dt><\/dl><dl class='gallery-item'>\n\t\t\t<dt class='gallery-icon portrait'>\n\t\t\t\t<a href='http:\/\/pilau.fr\/wordpress\/?attachment_id=430'><img loading=\"lazy\" decoding=\"async\" width=\"150\" height=\"150\" src=\"http:\/\/pilau.fr\/wordpress\/wp-content\/uploads\/2014\/10\/pierre-1-150x150.gif\" class=\"attachment-thumbnail size-thumbnail\" alt=\"\" \/><\/a>\n\t\t\t<\/dt><\/dl><dl class='gallery-item'>\n\t\t\t<dt class='gallery-icon portrait'>\n\t\t\t\t<a href='http:\/\/pilau.fr\/wordpress\/?attachment_id=426'><img loading=\"lazy\" decoding=\"async\" width=\"150\" height=\"150\" src=\"http:\/\/pilau.fr\/wordpress\/wp-content\/uploads\/2014\/10\/diane-1-150x150.gif\" class=\"attachment-thumbnail size-thumbnail\" alt=\"\" \/><\/a>\n\t\t\t<\/dt><\/dl><dl class='gallery-item'>\n\t\t\t<dt class='gallery-icon portrait'>\n\t\t\t\t<a href='http:\/\/pilau.fr\/wordpress\/?attachment_id=433'><img loading=\"lazy\" decoding=\"async\" width=\"150\" height=\"150\" src=\"http:\/\/pilau.fr\/wordpress\/wp-content\/uploads\/2014\/10\/Gabriel-2-couleur-150x150.gif\" class=\"attachment-thumbnail size-thumbnail\" alt=\"\" \/><\/a>\n\t\t\t<\/dt><\/dl><br style=\"clear: both\" \/><dl class='gallery-item'>\n\t\t\t<dt class='gallery-icon portrait'>\n\t\t\t\t<a href='http:\/\/pilau.fr\/wordpress\/?attachment_id=425'><img loading=\"lazy\" decoding=\"async\" width=\"150\" height=\"150\" src=\"http:\/\/pilau.fr\/wordpress\/wp-content\/uploads\/2014\/10\/Chlo\u00e9-1-aplati-150x150.gif\" class=\"attachment-thumbnail size-thumbnail\" alt=\"\" \/><\/a>\n\t\t\t<\/dt><\/dl><dl class='gallery-item'>\n\t\t\t<dt class='gallery-icon portrait'>\n\t\t\t\t<a href='http:\/\/pilau.fr\/wordpress\/?attachment_id=435'><img loading=\"lazy\" decoding=\"async\" width=\"150\" height=\"150\" src=\"http:\/\/pilau.fr\/wordpress\/wp-content\/uploads\/2014\/10\/alice-I-150x150.gif\" class=\"attachment-thumbnail size-thumbnail\" alt=\"\" \/><\/a>\n\t\t\t<\/dt><\/dl><dl class='gallery-item'>\n\t\t\t<dt class='gallery-icon landscape'>\n\t\t\t\t<a href='http:\/\/pilau.fr\/wordpress\/?attachment_id=431'><img loading=\"lazy\" decoding=\"async\" width=\"150\" height=\"150\" src=\"http:\/\/pilau.fr\/wordpress\/wp-content\/uploads\/2014\/10\/Sarah-1-aplati-150x150.gif\" class=\"attachment-thumbnail size-thumbnail\" alt=\"\" \/><\/a>\n\t\t\t<\/dt><\/dl>\n\t\t\t<br style='clear: both' \/>\n\t\t<\/div>\n\n<p>Et une interview \u00e0 la TV de Sciences-po :<\/p>\n<p><iframe loading=\"lazy\" width=\"593\" height=\"334\" src=\"https:\/\/www.youtube.com\/embed\/WbuWcU2wjb0?start=967&#038;feature=oembed\" frameborder=\"0\" allowfullscreen><\/iframe><\/p>\n<hr \/>\n<p><strong>Atelier BD-science sur la couleur<\/strong> avec une classe de premi\u00e8re du lyc\u00e9e G. Coullomb d&rsquo;Angoul\u00eame, jumel\u00e9e avec une classe de r\u00e9publique tch\u00e8que : en 3 s\u00e9ances, r\u00e9aliser une planche de BD sur une ph\u00e9nom\u00e8ne physique impliquant la couleur<\/p>\n<hr \/>\n<p>R<strong>\u00e9alisation d\u2019une bande dessin\u00e9e en anglais\u00a0<\/strong>avec une classe de premi\u00e8re du\u00a0Lyc\u00e9e Adolphe Ch\u00e9rioux de Vitry sur Seine (Classe \u00e0 Projet Artistique et Culturel \u2013 \u00a0janvier \u00e0 mai 2013)\u00a0&#8211; et en prime, une visite au festival d&rsquo;Angoul\u00eame !<\/p>\n<div id='gallery-2' class='gallery galleryid-60 gallery-columns-3 gallery-size-thumbnail'><dl class='gallery-item'>\n\t\t\t<dt class='gallery-icon portrait'>\n\t\t\t\t<a href='http:\/\/pilau.fr\/wordpress\/?attachment_id=182'><img loading=\"lazy\" decoding=\"async\" width=\"150\" height=\"150\" src=\"http:\/\/pilau.fr\/wordpress\/wp-content\/uploads\/2014\/10\/20130602_183608-150x150.jpg\" class=\"attachment-thumbnail size-thumbnail\" alt=\"\" \/><\/a>\n\t\t\t<\/dt><\/dl><dl class='gallery-item'>\n\t\t\t<dt class='gallery-icon landscape'>\n\t\t\t\t<a href='http:\/\/pilau.fr\/wordpress\/?attachment_id=181'><img loading=\"lazy\" decoding=\"async\" width=\"150\" height=\"150\" src=\"http:\/\/pilau.fr\/wordpress\/wp-content\/uploads\/2014\/10\/20130602_183549-150x150.jpg\" class=\"attachment-thumbnail size-thumbnail\" alt=\"\" \/><\/a>\n\t\t\t<\/dt><\/dl><dl class='gallery-item'>\n\t\t\t<dt class='gallery-icon landscape'>\n\t\t\t\t<a href='http:\/\/pilau.fr\/wordpress\/?attachment_id=180'><img loading=\"lazy\" decoding=\"async\" width=\"150\" height=\"150\" src=\"http:\/\/pilau.fr\/wordpress\/wp-content\/uploads\/2014\/10\/20130602_183356-150x150.jpg\" class=\"attachment-thumbnail size-thumbnail\" alt=\"\" \/><\/a>\n\t\t\t<\/dt><\/dl><br style=\"clear: both\" \/>\n\t\t<\/div>\n\n<hr \/>\n<p><strong>Accompagnement de\u00a0projets arts appliqu\u00e9s<\/strong> avec\u00a0une classe de premi\u00e8re du\u00a0Lyc\u00e9e Adolphe Ch\u00e9rioux de Vitry sur Seine (Classe \u00e0 Projet Artistique et Culturel \u2013 \u00a0mars avril 2014)<\/p>\n<hr \/>\n<p><strong>Atelier<\/strong> <strong><em>Ecouter l\u2019image \/ Dessiner le son <\/em><\/strong>(avec un professeur d\u2019\u00e9ducation musicale et un professeur d\u2019art plastique) au Coll\u00e8ge Nelson Mandela d\u2019Elbeuf (mars 2012)\u00a0: lire des onomatop\u00e9es, d\u00e9couvrir comment elles sont con\u00e7ues, puis en inventer soit m\u00eame ! Quel bruit fait la sonnerie d&rsquo;un t\u00e9l\u00e9phone plong\u00e9 dans un bocal ?<\/p>\n<div id='gallery-3' class='gallery galleryid-60 gallery-columns-3 gallery-size-thumbnail'><dl class='gallery-item'>\n\t\t\t<dt class='gallery-icon landscape'>\n\t\t\t\t<a href='http:\/\/pilau.fr\/wordpress\/?attachment_id=268'><img loading=\"lazy\" decoding=\"async\" width=\"150\" height=\"150\" src=\"http:\/\/pilau.fr\/wordpress\/wp-content\/uploads\/2014\/10\/franquin-gaffophone-150x150.jpg\" class=\"attachment-thumbnail size-thumbnail\" alt=\"\" \/><\/a>\n\t\t\t<\/dt><\/dl><dl class='gallery-item'>\n\t\t\t<dt class='gallery-icon landscape'>\n\t\t\t\t<a href='http:\/\/pilau.fr\/wordpress\/?attachment_id=270'><img loading=\"lazy\" decoding=\"async\" width=\"150\" height=\"150\" src=\"http:\/\/pilau.fr\/wordpress\/wp-content\/uploads\/2014\/10\/IMG_0407-150x150.jpeg\" class=\"attachment-thumbnail size-thumbnail\" alt=\"\" \/><\/a>\n\t\t\t<\/dt><\/dl><dl class='gallery-item'>\n\t\t\t<dt class='gallery-icon landscape'>\n\t\t\t\t<a href='http:\/\/pilau.fr\/wordpress\/?attachment_id=271'><img loading=\"lazy\" decoding=\"async\" width=\"150\" height=\"150\" src=\"http:\/\/pilau.fr\/wordpress\/wp-content\/uploads\/2014\/10\/IMG_0413-150x150.jpeg\" class=\"attachment-thumbnail size-thumbnail\" alt=\"\" \/><\/a>\n\t\t\t<\/dt><\/dl><br style=\"clear: both\" \/><dl class='gallery-item'>\n\t\t\t<dt class='gallery-icon landscape'>\n\t\t\t\t<a href='http:\/\/pilau.fr\/wordpress\/?attachment_id=272'><img loading=\"lazy\" decoding=\"async\" width=\"150\" height=\"150\" src=\"http:\/\/pilau.fr\/wordpress\/wp-content\/uploads\/2014\/10\/IMG_0418-150x150.jpeg\" class=\"attachment-thumbnail size-thumbnail\" alt=\"\" \/><\/a>\n\t\t\t<\/dt><\/dl>\n\t\t\t<br style='clear: both' \/>\n\t\t<\/div>\n\n<hr \/>\n<p>Lyc\u00e9e Joachim du Bellay d\u2019Angers (janvier 2012)\u00a0: Atelier <em>Utopies urbaines<\/em><\/p>\n<p><a href=\"http:\/\/pilau.fr\/wordpress\/wp-content\/uploads\/2014\/10\/Joach-autrement.jpg\"><img loading=\"lazy\" decoding=\"async\" class=\"alignnone size-medium wp-image-353\" src=\"http:\/\/pilau.fr\/wordpress\/wp-content\/uploads\/2014\/10\/Joach-autrement-300x225.jpg\" alt=\"Joach autrement\" width=\"300\" height=\"225\" srcset=\"http:\/\/pilau.fr\/wordpress\/wp-content\/uploads\/2014\/10\/Joach-autrement-300x225.jpg 300w, http:\/\/pilau.fr\/wordpress\/wp-content\/uploads\/2014\/10\/Joach-autrement.jpg 850w\" sizes=\"(max-width: 300px) 100vw, 300px\" \/><\/a> <a href=\"http:\/\/pilau.fr\/wordpress\/wp-content\/uploads\/2014\/10\/Joach-autrement2.jpg\"><img loading=\"lazy\" decoding=\"async\" class=\"alignnone size-medium wp-image-354\" src=\"http:\/\/pilau.fr\/wordpress\/wp-content\/uploads\/2014\/10\/Joach-autrement2-300x225.jpg\" alt=\"Joach autrement2\" width=\"300\" height=\"225\" srcset=\"http:\/\/pilau.fr\/wordpress\/wp-content\/uploads\/2014\/10\/Joach-autrement2-300x225.jpg 300w, http:\/\/pilau.fr\/wordpress\/wp-content\/uploads\/2014\/10\/Joach-autrement2.jpg 850w\" sizes=\"(max-width: 300px) 100vw, 300px\" \/><\/a><\/p>\n<p>&nbsp;<\/p>\n<p><a href=\"http:\/\/pilau.fr\/wordpress\/?page_id=357\"><img loading=\"lazy\" decoding=\"async\" class=\"alignleft wp-image-362 size-thumbnail\" src=\"http:\/\/pilau.fr\/wordpress\/wp-content\/uploads\/2015\/01\/panneau-montgolfier-16-150x150.gif\" alt=\"panneau-montgolfier-16\" width=\"150\" height=\"150\" srcset=\"http:\/\/pilau.fr\/wordpress\/wp-content\/uploads\/2015\/01\/panneau-montgolfier-16-150x150.gif 150w, http:\/\/pilau.fr\/wordpress\/wp-content\/uploads\/2015\/01\/panneau-montgolfier-16-300x300.gif 300w, http:\/\/pilau.fr\/wordpress\/wp-content\/uploads\/2015\/01\/panneau-montgolfier-16-1024x1024.gif 1024w\" sizes=\"(max-width: 150px) 100vw, 150px\" \/><\/a><\/p>\n<hr \/>\n<p>&nbsp;<\/p>\n<p><span style=\"letter-spacing: 0.05em; line-height: 1.6875;\">Une action avec 3 \u00e9tablissements scolaires parisiens\u00a0(2013-2014)\u00a0:\u00a0<\/span><\/p>\n<p><span style=\"letter-spacing: 0.05em; line-height: 1.6875;\"><a title=\"Le Carreau en Cases\" href=\"http:\/\/pilau.fr\/wordpress\/?page_id=357\"><em><strong>Le carreau en cases<\/strong><\/em><\/a><\/span><\/p>\n","protected":false},"excerpt":{"rendered":"<p>Entre les cases intervient r\u00e9guli\u00e8rement en milieu scolaire : coll\u00e8ge, lyc\u00e9e&#8230; L&rsquo;enjeu ? d\u00e9couvrir la bande dessin\u00e9e en la pratiquant\u00a0! Les interventions en classe se d\u00e9roulent g\u00e9n\u00e9ralement en plusieurs s\u00e9ances au cours desquelles alternent des s\u00e9quences didactiques (les \u00e9tapes de&hellip;<\/p>\n<p class=\"more-link-p\"><a class=\"more-link\" href=\"http:\/\/pilau.fr\/wordpress\/?page_id=60\">Read more &rarr;<\/a><\/p>\n","protected":false},"author":1,"featured_media":0,"parent":50,"menu_order":0,"comment_status":"open","ping_status":"open","template":"","meta":{"footnotes":""},"_links":{"self":[{"href":"http:\/\/pilau.fr\/wordpress\/index.php?rest_route=\/wp\/v2\/pages\/60"}],"collection":[{"href":"http:\/\/pilau.fr\/wordpress\/index.php?rest_route=\/wp\/v2\/pages"}],"about":[{"href":"http:\/\/pilau.fr\/wordpress\/index.php?rest_route=\/wp\/v2\/types\/page"}],"author":[{"embeddable":true,"href":"http:\/\/pilau.fr\/wordpress\/index.php?rest_route=\/wp\/v2\/users\/1"}],"replies":[{"embeddable":true,"href":"http:\/\/pilau.fr\/wordpress\/index.php?rest_route=%2Fwp%2Fv2%2Fcomments&post=60"}],"version-history":[{"count":12,"href":"http:\/\/pilau.fr\/wordpress\/index.php?rest_route=\/wp\/v2\/pages\/60\/revisions"}],"predecessor-version":[{"id":179,"href":"http:\/\/pilau.fr\/wordpress\/index.php?rest_route=\/wp\/v2\/pages\/60\/revisions\/179"}],"up":[{"embeddable":true,"href":"http:\/\/pilau.fr\/wordpress\/index.php?rest_route=\/wp\/v2\/pages\/50"}],"wp:attachment":[{"href":"http:\/\/pilau.fr\/wordpress\/index.php?rest_route=%2Fwp%2Fv2%2Fmedia&parent=60"}],"curies":[{"name":"wp","href":"https:\/\/api.w.org\/{rel}","templated":true}]}}