{"id":30,"date":"2014-10-26T14:22:15","date_gmt":"2014-10-26T13:22:15","guid":{"rendered":"http:\/\/pilau.fr\/wordpress\/?page_id=30"},"modified":"2016-08-07T12:12:32","modified_gmt":"2016-08-07T11:12:32","slug":"mon-genial-fanzine-le-cirque","status":"publish","type":"page","link":"http:\/\/pilau.fr\/wordpress\/?page_id=30","title":{"rendered":"Mon G\u00e9nial Fanzine"},"content":{"rendered":"<p>Le Cirque, Mon G\u00e9nial Fanzine para\u00eet depuis 199&#8230; (je ne sais plus).\u00a0Il ne para\u00eet plus depuis 2009.\u00a0Mais il pourrait bien repara\u00eetre un jour.<\/p>\n<p>C&rsquo;est ce qu&rsquo;on appelle de la Small Press : Il est fait enti\u00e8rement \u00e0 la main, tir\u00e9 \u00e0 50 exemplaires et contient, tenez vous bien, des bandes dessin\u00e9es.<\/p>\n<p>&nbsp;<\/p>\n<hr \/>\n<div id=\"attachment_775\" style=\"width: 215px\" class=\"wp-caption alignnone\"><img loading=\"lazy\" decoding=\"async\" aria-describedby=\"caption-attachment-775\" class=\"size-medium wp-image-775\" src=\"http:\/\/pilau.fr\/wordpress\/wp-content\/uploads\/2014\/10\/Epouvante-V2-page-1-light-205x300.jpg\" alt=\"Epouvante - Le Cirque 17 (qui n'est pas sorti...)\" width=\"205\" height=\"300\" srcset=\"http:\/\/pilau.fr\/wordpress\/wp-content\/uploads\/2014\/10\/Epouvante-V2-page-1-light-205x300.jpg 205w, http:\/\/pilau.fr\/wordpress\/wp-content\/uploads\/2014\/10\/Epouvante-V2-page-1-light-768x1126.jpg 768w, http:\/\/pilau.fr\/wordpress\/wp-content\/uploads\/2014\/10\/Epouvante-V2-page-1-light-698x1024.jpg 698w\" sizes=\"(max-width: 205px) 100vw, 205px\" \/><p id=\"caption-attachment-775\" class=\"wp-caption-text\">Epouvante &#8211; Le Cirque 17 (qui n&rsquo;est pas sorti&#8230;)<\/p><\/div>\n<p><img loading=\"lazy\" decoding=\"async\" class=\"size-medium wp-image-776 alignnone\" src=\"http:\/\/pilau.fr\/wordpress\/wp-content\/uploads\/2014\/10\/Epouvante-V2-page-2-light-205x300.jpg\" alt=\"Epouvante V2 page 2 light\" width=\"205\" height=\"300\" srcset=\"http:\/\/pilau.fr\/wordpress\/wp-content\/uploads\/2014\/10\/Epouvante-V2-page-2-light-205x300.jpg 205w, http:\/\/pilau.fr\/wordpress\/wp-content\/uploads\/2014\/10\/Epouvante-V2-page-2-light-768x1126.jpg 768w, http:\/\/pilau.fr\/wordpress\/wp-content\/uploads\/2014\/10\/Epouvante-V2-page-2-light-698x1024.jpg 698w\" sizes=\"(max-width: 205px) 100vw, 205px\" \/> <img loading=\"lazy\" decoding=\"async\" class=\"size-medium wp-image-777 alignnone\" src=\"http:\/\/pilau.fr\/wordpress\/wp-content\/uploads\/2014\/10\/Epouvante-V2-page-3-light-205x300.jpg\" alt=\"Epouvante V2 page 3 light\" width=\"205\" height=\"300\" srcset=\"http:\/\/pilau.fr\/wordpress\/wp-content\/uploads\/2014\/10\/Epouvante-V2-page-3-light-205x300.jpg 205w, http:\/\/pilau.fr\/wordpress\/wp-content\/uploads\/2014\/10\/Epouvante-V2-page-3-light-768x1126.jpg 768w, http:\/\/pilau.fr\/wordpress\/wp-content\/uploads\/2014\/10\/Epouvante-V2-page-3-light-698x1024.jpg 698w\" sizes=\"(max-width: 205px) 100vw, 205px\" \/> <img loading=\"lazy\" decoding=\"async\" class=\"size-medium wp-image-778 alignnone\" src=\"http:\/\/pilau.fr\/wordpress\/wp-content\/uploads\/2014\/10\/Epouvante-V2-page-4-light-205x300.jpg\" alt=\"Epouvante V2 page 4 light\" width=\"205\" height=\"300\" srcset=\"http:\/\/pilau.fr\/wordpress\/wp-content\/uploads\/2014\/10\/Epouvante-V2-page-4-light-205x300.jpg 205w, http:\/\/pilau.fr\/wordpress\/wp-content\/uploads\/2014\/10\/Epouvante-V2-page-4-light-768x1126.jpg 768w, http:\/\/pilau.fr\/wordpress\/wp-content\/uploads\/2014\/10\/Epouvante-V2-page-4-light-698x1024.jpg 698w\" sizes=\"(max-width: 205px) 100vw, 205px\" \/> <img loading=\"lazy\" decoding=\"async\" class=\"size-medium wp-image-779 alignnone\" src=\"http:\/\/pilau.fr\/wordpress\/wp-content\/uploads\/2014\/10\/Epouvante-V2-page-5-light-1-205x300.jpg\" alt=\"Epouvante V2 page 5 light\" width=\"205\" height=\"300\" srcset=\"http:\/\/pilau.fr\/wordpress\/wp-content\/uploads\/2014\/10\/Epouvante-V2-page-5-light-1-205x300.jpg 205w, http:\/\/pilau.fr\/wordpress\/wp-content\/uploads\/2014\/10\/Epouvante-V2-page-5-light-1-768x1126.jpg 768w, http:\/\/pilau.fr\/wordpress\/wp-content\/uploads\/2014\/10\/Epouvante-V2-page-5-light-1-698x1024.jpg 698w\" sizes=\"(max-width: 205px) 100vw, 205px\" \/><\/p>\n<p>&nbsp;<\/p>\n<hr \/>\n<p>&nbsp;<\/p>\n<div id=\"attachment_716\" style=\"width: 310px\" class=\"wp-caption aligncenter\"><a href=\"http:\/\/pilau.fr\/wordpress\/wp-content\/uploads\/2014\/10\/page-1autre-version.gif\"><img loading=\"lazy\" decoding=\"async\" aria-describedby=\"caption-attachment-716\" class=\"wp-image-716 size-medium\" src=\"http:\/\/pilau.fr\/wordpress\/wp-content\/uploads\/2014\/10\/page-1autre-version-300x300.gif\" alt=\"page 1 -metro\" width=\"300\" height=\"300\" srcset=\"http:\/\/pilau.fr\/wordpress\/wp-content\/uploads\/2014\/10\/page-1autre-version-300x300.gif 300w, http:\/\/pilau.fr\/wordpress\/wp-content\/uploads\/2014\/10\/page-1autre-version-150x150.gif 150w, http:\/\/pilau.fr\/wordpress\/wp-content\/uploads\/2014\/10\/page-1autre-version-768x768.gif 768w, http:\/\/pilau.fr\/wordpress\/wp-content\/uploads\/2014\/10\/page-1autre-version-1024x1024.gif 1024w\" sizes=\"(max-width: 300px) 100vw, 300px\" \/><\/a><p id=\"caption-attachment-716\" class=\"wp-caption-text\">La lutte des classes prend le m\u00e9tro<\/p><\/div>\n<div id=\"attachment_717\" style=\"width: 310px\" class=\"wp-caption aligncenter\"><a href=\"http:\/\/pilau.fr\/wordpress\/wp-content\/uploads\/2014\/10\/page-2autre-version.gif\"><img loading=\"lazy\" decoding=\"async\" aria-describedby=\"caption-attachment-717\" class=\"wp-image-717 size-medium\" src=\"http:\/\/pilau.fr\/wordpress\/wp-content\/uploads\/2014\/10\/page-2autre-version-300x300.gif\" alt=\"page-2 metro\" width=\"300\" height=\"300\" srcset=\"http:\/\/pilau.fr\/wordpress\/wp-content\/uploads\/2014\/10\/page-2autre-version-300x300.gif 300w, http:\/\/pilau.fr\/wordpress\/wp-content\/uploads\/2014\/10\/page-2autre-version-150x150.gif 150w, http:\/\/pilau.fr\/wordpress\/wp-content\/uploads\/2014\/10\/page-2autre-version-768x768.gif 768w, http:\/\/pilau.fr\/wordpress\/wp-content\/uploads\/2014\/10\/page-2autre-version-1024x1024.gif 1024w\" sizes=\"(max-width: 300px) 100vw, 300px\" \/><\/a><p id=\"caption-attachment-717\" class=\"wp-caption-text\">Paru dans Le Cirque 16 2009<\/p><\/div>\n<p><a href=\"http:\/\/pilau.fr\/wordpress\/wp-content\/uploads\/2014\/10\/page-3autre-version.gif\"><img loading=\"lazy\" decoding=\"async\" class=\"wp-image-718 size-medium aligncenter\" src=\"http:\/\/pilau.fr\/wordpress\/wp-content\/uploads\/2014\/10\/page-3autre-version-300x300.gif\" alt=\"page-3 metro\" width=\"300\" height=\"300\" srcset=\"http:\/\/pilau.fr\/wordpress\/wp-content\/uploads\/2014\/10\/page-3autre-version-300x300.gif 300w, http:\/\/pilau.fr\/wordpress\/wp-content\/uploads\/2014\/10\/page-3autre-version-150x150.gif 150w, http:\/\/pilau.fr\/wordpress\/wp-content\/uploads\/2014\/10\/page-3autre-version-768x768.gif 768w, http:\/\/pilau.fr\/wordpress\/wp-content\/uploads\/2014\/10\/page-3autre-version-1024x1024.gif 1024w\" sizes=\"(max-width: 300px) 100vw, 300px\" \/><\/a> <a href=\"http:\/\/pilau.fr\/wordpress\/wp-content\/uploads\/2014\/10\/page-4autre-version.gif\"><img loading=\"lazy\" decoding=\"async\" class=\"wp-image-719 size-medium aligncenter\" src=\"http:\/\/pilau.fr\/wordpress\/wp-content\/uploads\/2014\/10\/page-4autre-version-300x300.gif\" alt=\"page-4 metro\" width=\"300\" height=\"300\" srcset=\"http:\/\/pilau.fr\/wordpress\/wp-content\/uploads\/2014\/10\/page-4autre-version-300x300.gif 300w, http:\/\/pilau.fr\/wordpress\/wp-content\/uploads\/2014\/10\/page-4autre-version-150x150.gif 150w, http:\/\/pilau.fr\/wordpress\/wp-content\/uploads\/2014\/10\/page-4autre-version-768x768.gif 768w, http:\/\/pilau.fr\/wordpress\/wp-content\/uploads\/2014\/10\/page-4autre-version-1024x1024.gif 1024w\" sizes=\"(max-width: 300px) 100vw, 300px\" \/><\/a><\/p>\n<p>&nbsp;<\/p>\n<hr \/>\n<p>&nbsp;<\/p>\n<div id=\"attachment_285\" style=\"width: 603px\" class=\"wp-caption aligncenter\"><a href=\"http:\/\/pilau.fr\/wordpress\/wp-content\/uploads\/2014\/10\/Duel.gif\"><img loading=\"lazy\" decoding=\"async\" aria-describedby=\"caption-attachment-285\" class=\"wp-image-285 size-large\" src=\"http:\/\/pilau.fr\/wordpress\/wp-content\/uploads\/2014\/10\/Duel-1024x310.gif\" alt=\"Duel\" width=\"593\" height=\"179\" srcset=\"http:\/\/pilau.fr\/wordpress\/wp-content\/uploads\/2014\/10\/Duel-1024x310.gif 1024w, http:\/\/pilau.fr\/wordpress\/wp-content\/uploads\/2014\/10\/Duel-300x90.gif 300w\" sizes=\"(max-width: 593px) 100vw, 593px\" \/><\/a><p id=\"caption-attachment-285\" class=\"wp-caption-text\">DUEL Paru dans le Cirque 13, seulement 4 cases, pas un gros investissement !<\/p><\/div>\n<hr \/>\n<div id='gallery-1' class='gallery galleryid-30 gallery-columns-3 gallery-size-thumbnail'><dl class='gallery-item'>\n\t\t\t<dt class='gallery-icon landscape'>\n\t\t\t\t<a href='http:\/\/pilau.fr\/wordpress\/?attachment_id=461'><img loading=\"lazy\" decoding=\"async\" width=\"150\" height=\"150\" src=\"http:\/\/pilau.fr\/wordpress\/wp-content\/uploads\/2014\/10\/concert-2-strips-1-low-150x150.gif\" class=\"attachment-thumbnail size-thumbnail\" alt=\"\" aria-describedby=\"gallery-1-461\" \/><\/a>\n\t\t\t<\/dt>\n\t\t\t\t<dd class='wp-caption-text gallery-caption' id='gallery-1-461'>\n\t\t\t\tCONCERT &#8211; paru dans Le Cirque n\u00b017 qui n&rsquo;est pas paru.\n\t\t\t\t<\/dd><\/dl><dl class='gallery-item'>\n\t\t\t<dt class='gallery-icon landscape'>\n\t\t\t\t<a href='http:\/\/pilau.fr\/wordpress\/?attachment_id=462'><img loading=\"lazy\" decoding=\"async\" width=\"150\" height=\"150\" src=\"http:\/\/pilau.fr\/wordpress\/wp-content\/uploads\/2014\/10\/concert-2-strips-2-low-150x150.gif\" class=\"attachment-thumbnail size-thumbnail\" alt=\"\" \/><\/a>\n\t\t\t<\/dt><\/dl><dl class='gallery-item'>\n\t\t\t<dt class='gallery-icon landscape'>\n\t\t\t\t<a href='http:\/\/pilau.fr\/wordpress\/?attachment_id=463'><img loading=\"lazy\" decoding=\"async\" width=\"150\" height=\"150\" src=\"http:\/\/pilau.fr\/wordpress\/wp-content\/uploads\/2014\/10\/concert-2-strips-3-low-150x150.gif\" class=\"attachment-thumbnail size-thumbnail\" alt=\"\" \/><\/a>\n\t\t\t<\/dt><\/dl><br style=\"clear: both\" \/><dl class='gallery-item'>\n\t\t\t<dt class='gallery-icon landscape'>\n\t\t\t\t<a href='http:\/\/pilau.fr\/wordpress\/?attachment_id=464'><img loading=\"lazy\" decoding=\"async\" width=\"150\" height=\"150\" src=\"http:\/\/pilau.fr\/wordpress\/wp-content\/uploads\/2014\/10\/concert-2-strips-4-low-150x150.gif\" class=\"attachment-thumbnail size-thumbnail\" alt=\"\" \/><\/a>\n\t\t\t<\/dt><\/dl><dl class='gallery-item'>\n\t\t\t<dt class='gallery-icon landscape'>\n\t\t\t\t<a href='http:\/\/pilau.fr\/wordpress\/?attachment_id=465'><img loading=\"lazy\" decoding=\"async\" width=\"150\" height=\"150\" src=\"http:\/\/pilau.fr\/wordpress\/wp-content\/uploads\/2014\/10\/concert-2-strips-5-low-150x150.gif\" class=\"attachment-thumbnail size-thumbnail\" alt=\"\" \/><\/a>\n\t\t\t<\/dt><\/dl><dl class='gallery-item'>\n\t\t\t<dt class='gallery-icon landscape'>\n\t\t\t\t<a href='http:\/\/pilau.fr\/wordpress\/?attachment_id=466'><img loading=\"lazy\" decoding=\"async\" width=\"150\" height=\"150\" src=\"http:\/\/pilau.fr\/wordpress\/wp-content\/uploads\/2014\/10\/concert-2-strips-6-low-150x150.gif\" class=\"attachment-thumbnail size-thumbnail\" alt=\"\" \/><\/a>\n\t\t\t<\/dt><\/dl><br style=\"clear: both\" \/>\n\t\t<\/div>\n\n<hr \/>\n<div id=\"attachment_604\" style=\"width: 310px\" class=\"wp-caption aligncenter\"><a href=\"http:\/\/pilau.fr\/wordpress\/wp-content\/uploads\/2014\/10\/bilbao-page-enti\u00e8re.gif\"><img loading=\"lazy\" decoding=\"async\" aria-describedby=\"caption-attachment-604\" class=\"wp-image-604 size-medium\" src=\"http:\/\/pilau.fr\/wordpress\/wp-content\/uploads\/2014\/10\/bilbao-page-enti\u00e8re-300x200.gif\" alt=\"bilbao-page-enti\u00e8re\" width=\"300\" height=\"200\" srcset=\"http:\/\/pilau.fr\/wordpress\/wp-content\/uploads\/2014\/10\/bilbao-page-enti\u00e8re-300x200.gif 300w, http:\/\/pilau.fr\/wordpress\/wp-content\/uploads\/2014\/10\/bilbao-page-enti\u00e8re-1024x683.gif 1024w\" sizes=\"(max-width: 300px) 100vw, 300px\" \/><\/a><p id=\"caption-attachment-604\" class=\"wp-caption-text\">BILBAO paru dans Le Cirque n\u00b016<\/p><\/div>\n<hr \/>\n<p>&nbsp;<\/p>\n<div id='gallery-2' class='gallery galleryid-30 gallery-columns-2 gallery-size-thumbnail'><dl class='gallery-item'>\n\t\t\t<dt class='gallery-icon landscape'>\n\t\t\t\t<a href='http:\/\/pilau.fr\/wordpress\/?attachment_id=288'><img loading=\"lazy\" decoding=\"async\" width=\"150\" height=\"150\" src=\"http:\/\/pilau.fr\/wordpress\/wp-content\/uploads\/2014\/10\/topo-page-1-150x150.gif\" class=\"attachment-thumbnail size-thumbnail\" alt=\"\" aria-describedby=\"gallery-2-288\" \/><\/a>\n\t\t\t<\/dt>\n\t\t\t\t<dd class='wp-caption-text gallery-caption' id='gallery-2-288'>\n\t\t\t\tTOPOGRAPHIE DU SOMMEIL\n\t\t\t\t<\/dd><\/dl><dl class='gallery-item'>\n\t\t\t<dt class='gallery-icon landscape'>\n\t\t\t\t<a href='http:\/\/pilau.fr\/wordpress\/?attachment_id=289'><img loading=\"lazy\" decoding=\"async\" width=\"150\" height=\"150\" src=\"http:\/\/pilau.fr\/wordpress\/wp-content\/uploads\/2014\/10\/topo-page-2-150x150.gif\" class=\"attachment-thumbnail size-thumbnail\" alt=\"\" aria-describedby=\"gallery-2-289\" \/><\/a>\n\t\t\t<\/dt>\n\t\t\t\t<dd class='wp-caption-text gallery-caption' id='gallery-2-289'>\n\t\t\t\tParu dans La Corde \u00e0 Linge et dans Periferica.\n\t\t\t\t<\/dd><\/dl><br style=\"clear: both\" \/><dl class='gallery-item'>\n\t\t\t<dt class='gallery-icon landscape'>\n\t\t\t\t<a href='http:\/\/pilau.fr\/wordpress\/?attachment_id=290'><img loading=\"lazy\" decoding=\"async\" width=\"150\" height=\"150\" src=\"http:\/\/pilau.fr\/wordpress\/wp-content\/uploads\/2014\/10\/topo-page-3-150x150.gif\" class=\"attachment-thumbnail size-thumbnail\" alt=\"\" aria-describedby=\"gallery-2-290\" \/><\/a>\n\t\t\t<\/dt>\n\t\t\t\t<dd class='wp-caption-text gallery-caption' id='gallery-2-290'>\n\t\t\t\tDans la version mat\u00e9rielle, texte et dessin sont en vis \u00e0 vis sur papier et les plans sont imprim\u00e9s sur des calques ins\u00e9r\u00e9s au milieu.\n\t\t\t\t<\/dd><\/dl><dl class='gallery-item'>\n\t\t\t<dt class='gallery-icon landscape'>\n\t\t\t\t<a href='http:\/\/pilau.fr\/wordpress\/?attachment_id=291'><img loading=\"lazy\" decoding=\"async\" width=\"150\" height=\"150\" src=\"http:\/\/pilau.fr\/wordpress\/wp-content\/uploads\/2014\/10\/topo-page-4-150x150.gif\" class=\"attachment-thumbnail size-thumbnail\" alt=\"\" \/><\/a>\n\t\t\t<\/dt><\/dl><br style=\"clear: both\" \/><dl class='gallery-item'>\n\t\t\t<dt class='gallery-icon landscape'>\n\t\t\t\t<a href='http:\/\/pilau.fr\/wordpress\/?attachment_id=292'><img loading=\"lazy\" decoding=\"async\" width=\"150\" height=\"150\" src=\"http:\/\/pilau.fr\/wordpress\/wp-content\/uploads\/2014\/10\/topo-page-5-150x150.gif\" class=\"attachment-thumbnail size-thumbnail\" alt=\"\" \/><\/a>\n\t\t\t<\/dt><\/dl>\n\t\t\t<br style='clear: both' \/>\n\t\t<\/div>\n\n<p>&nbsp;<\/p>\n<hr \/>\n<p>&nbsp;<\/p>\n<div id=\"attachment_664\" style=\"width: 310px\" class=\"wp-caption aligncenter\"><a href=\"http:\/\/pilau.fr\/wordpress\/wp-content\/uploads\/2014\/10\/rocknroll1.gif\"><img loading=\"lazy\" decoding=\"async\" aria-describedby=\"caption-attachment-664\" class=\"size-medium wp-image-664\" src=\"http:\/\/pilau.fr\/wordpress\/wp-content\/uploads\/2014\/10\/rocknroll1-300x217.gif\" alt=\"LE GRAND CIRQUE DU ROCK'n ROLL \" width=\"300\" height=\"217\" srcset=\"http:\/\/pilau.fr\/wordpress\/wp-content\/uploads\/2014\/10\/rocknroll1-300x217.gif 300w, http:\/\/pilau.fr\/wordpress\/wp-content\/uploads\/2014\/10\/rocknroll1-1024x740.gif 1024w\" sizes=\"(max-width: 300px) 100vw, 300px\" \/><\/a><p id=\"caption-attachment-664\" class=\"wp-caption-text\">LE GRAND CIRQUE DU ROCK&rsquo;n ROLL<\/p><\/div>\n<div id=\"attachment_665\" style=\"width: 310px\" class=\"wp-caption aligncenter\"><a href=\"http:\/\/pilau.fr\/wordpress\/wp-content\/uploads\/2014\/10\/rocknroll2.gif\"><img loading=\"lazy\" decoding=\"async\" aria-describedby=\"caption-attachment-665\" class=\"wp-image-665 size-medium\" src=\"http:\/\/pilau.fr\/wordpress\/wp-content\/uploads\/2014\/10\/rocknroll2-300x217.gif\" alt=\"rocknroll2\" width=\"300\" height=\"217\" srcset=\"http:\/\/pilau.fr\/wordpress\/wp-content\/uploads\/2014\/10\/rocknroll2-300x217.gif 300w, http:\/\/pilau.fr\/wordpress\/wp-content\/uploads\/2014\/10\/rocknroll2-1024x740.gif 1024w\" sizes=\"(max-width: 300px) 100vw, 300px\" \/><\/a><p id=\"caption-attachment-665\" class=\"wp-caption-text\">paru dans le Cirque n\u00b05<\/p><\/div>\n<p><a href=\"http:\/\/pilau.fr\/wordpress\/wp-content\/uploads\/2014\/10\/rocknroll3.gif\"><img loading=\"lazy\" decoding=\"async\" class=\"aligncenter size-medium wp-image-666\" src=\"http:\/\/pilau.fr\/wordpress\/wp-content\/uploads\/2014\/10\/rocknroll3-300x217.gif\" alt=\"rocknroll3\" width=\"300\" height=\"217\" srcset=\"http:\/\/pilau.fr\/wordpress\/wp-content\/uploads\/2014\/10\/rocknroll3-300x217.gif 300w, http:\/\/pilau.fr\/wordpress\/wp-content\/uploads\/2014\/10\/rocknroll3-1024x740.gif 1024w\" sizes=\"(max-width: 300px) 100vw, 300px\" \/><\/a> <a href=\"http:\/\/pilau.fr\/wordpress\/wp-content\/uploads\/2014\/10\/Rocknroll4.gif\"><img loading=\"lazy\" decoding=\"async\" class=\"aligncenter size-medium wp-image-667\" src=\"http:\/\/pilau.fr\/wordpress\/wp-content\/uploads\/2014\/10\/Rocknroll4-300x217.gif\" alt=\"Rocknroll4\" width=\"300\" height=\"217\" srcset=\"http:\/\/pilau.fr\/wordpress\/wp-content\/uploads\/2014\/10\/Rocknroll4-300x217.gif 300w, http:\/\/pilau.fr\/wordpress\/wp-content\/uploads\/2014\/10\/Rocknroll4-1024x740.gif 1024w\" sizes=\"(max-width: 300px) 100vw, 300px\" \/><\/a> <a href=\"http:\/\/pilau.fr\/wordpress\/wp-content\/uploads\/2014\/10\/Rocknroll5.gif\"><img loading=\"lazy\" decoding=\"async\" class=\"aligncenter size-medium wp-image-668\" src=\"http:\/\/pilau.fr\/wordpress\/wp-content\/uploads\/2014\/10\/Rocknroll5-300x217.gif\" alt=\"Rocknroll5\" width=\"300\" height=\"217\" srcset=\"http:\/\/pilau.fr\/wordpress\/wp-content\/uploads\/2014\/10\/Rocknroll5-300x217.gif 300w, http:\/\/pilau.fr\/wordpress\/wp-content\/uploads\/2014\/10\/Rocknroll5-1024x740.gif 1024w\" sizes=\"(max-width: 300px) 100vw, 300px\" \/><\/a> <a href=\"http:\/\/pilau.fr\/wordpress\/wp-content\/uploads\/2014\/10\/Rocknroll6.gif\"><img loading=\"lazy\" decoding=\"async\" class=\"aligncenter size-medium wp-image-669\" src=\"http:\/\/pilau.fr\/wordpress\/wp-content\/uploads\/2014\/10\/Rocknroll6-300x217.gif\" alt=\"Rocknroll6\" width=\"300\" height=\"217\" srcset=\"http:\/\/pilau.fr\/wordpress\/wp-content\/uploads\/2014\/10\/Rocknroll6-300x217.gif 300w, http:\/\/pilau.fr\/wordpress\/wp-content\/uploads\/2014\/10\/Rocknroll6-1024x740.gif 1024w\" sizes=\"(max-width: 300px) 100vw, 300px\" \/><\/a><\/p>\n<hr \/>\n<p>&nbsp;<\/p>\n<div id=\"attachment_416\" style=\"width: 310px\" class=\"wp-caption aligncenter\"><a href=\"http:\/\/pilau.fr\/wordpress\/wp-content\/uploads\/2014\/10\/Autoroute-p1-et-2.gif\"><img loading=\"lazy\" decoding=\"async\" aria-describedby=\"caption-attachment-416\" class=\"wp-image-416 size-medium\" src=\"http:\/\/pilau.fr\/wordpress\/wp-content\/uploads\/2014\/10\/Autoroute-p1-et-2-300x207.gif\" alt=\"AUTOROUTE - paru dans Le cirque 13\" width=\"300\" height=\"207\" srcset=\"http:\/\/pilau.fr\/wordpress\/wp-content\/uploads\/2014\/10\/Autoroute-p1-et-2-300x207.gif 300w, http:\/\/pilau.fr\/wordpress\/wp-content\/uploads\/2014\/10\/Autoroute-p1-et-2-1024x707.gif 1024w\" sizes=\"(max-width: 300px) 100vw, 300px\" \/><\/a><p id=\"caption-attachment-416\" class=\"wp-caption-text\">AUTOROUTE &#8211; paru dans Le cirque 13<\/p><\/div>\n<hr \/>\n<p>&nbsp;<\/p>\n<div id=\"attachment_388\" style=\"width: 231px\" class=\"wp-caption aligncenter\"><a href=\"http:\/\/pilau.fr\/wordpress\/wp-content\/uploads\/2014\/10\/chor\u00e9-complet.gif\"><img loading=\"lazy\" decoding=\"async\" aria-describedby=\"caption-attachment-388\" class=\"wp-image-388 size-medium\" src=\"http:\/\/pilau.fr\/wordpress\/wp-content\/uploads\/2014\/10\/chor\u00e9-complet-221x300.gif\" alt=\"chor\u00e9-complet\" width=\"221\" height=\"300\" srcset=\"http:\/\/pilau.fr\/wordpress\/wp-content\/uploads\/2014\/10\/chor\u00e9-complet-221x300.gif 221w, http:\/\/pilau.fr\/wordpress\/wp-content\/uploads\/2014\/10\/chor\u00e9-complet-755x1024.gif 755w\" sizes=\"(max-width: 221px) 100vw, 221px\" \/><\/a><p id=\"caption-attachment-388\" class=\"wp-caption-text\">CHOREGRAPHIE DU SOMMEIL (Paru dans Le Cirque 16)<\/p><\/div>\n<hr \/>\n<p>&nbsp;<\/p>\n<p>&nbsp;<\/p>\n<p>LA NEGOCIATION (Paru dans Le Cirque 13)<\/p>\n<p><a href=\"http:\/\/pilau.fr\/wordpress\/wp-content\/uploads\/2014\/10\/N\u00e9go-1.gif\"><img loading=\"lazy\" decoding=\"async\" class=\" size-medium wp-image-592 alignnone\" src=\"http:\/\/pilau.fr\/wordpress\/wp-content\/uploads\/2014\/10\/N\u00e9go-1-300x211.gif\" alt=\"N\u00e9go-1\" width=\"300\" height=\"211\" srcset=\"http:\/\/pilau.fr\/wordpress\/wp-content\/uploads\/2014\/10\/N\u00e9go-1-300x211.gif 300w, http:\/\/pilau.fr\/wordpress\/wp-content\/uploads\/2014\/10\/N\u00e9go-1-1024x720.gif 1024w\" sizes=\"(max-width: 300px) 100vw, 300px\" \/><\/a> <a href=\"http:\/\/pilau.fr\/wordpress\/wp-content\/uploads\/2014\/10\/N\u00e9go-2.gif\"><img loading=\"lazy\" decoding=\"async\" class=\" size-medium wp-image-593 alignnone\" src=\"http:\/\/pilau.fr\/wordpress\/wp-content\/uploads\/2014\/10\/N\u00e9go-2-300x211.gif\" alt=\"N\u00e9go-2\" width=\"300\" height=\"211\" srcset=\"http:\/\/pilau.fr\/wordpress\/wp-content\/uploads\/2014\/10\/N\u00e9go-2-300x211.gif 300w, http:\/\/pilau.fr\/wordpress\/wp-content\/uploads\/2014\/10\/N\u00e9go-2-1024x720.gif 1024w\" sizes=\"(max-width: 300px) 100vw, 300px\" \/><\/a><\/p>\n<p><a href=\"http:\/\/pilau.fr\/wordpress\/wp-content\/uploads\/2014\/10\/N\u00e9go-3.gif\"><img loading=\"lazy\" decoding=\"async\" class=\" size-medium wp-image-594 alignnone\" src=\"http:\/\/pilau.fr\/wordpress\/wp-content\/uploads\/2014\/10\/N\u00e9go-3-300x211.gif\" alt=\"N\u00e9go-3\" width=\"300\" height=\"211\" srcset=\"http:\/\/pilau.fr\/wordpress\/wp-content\/uploads\/2014\/10\/N\u00e9go-3-300x211.gif 300w, http:\/\/pilau.fr\/wordpress\/wp-content\/uploads\/2014\/10\/N\u00e9go-3-1024x720.gif 1024w\" sizes=\"(max-width: 300px) 100vw, 300px\" \/><\/a> <a href=\"http:\/\/pilau.fr\/wordpress\/wp-content\/uploads\/2014\/10\/N\u00e9go-4.gif\"><img loading=\"lazy\" decoding=\"async\" class=\" size-medium wp-image-595 alignnone\" src=\"http:\/\/pilau.fr\/wordpress\/wp-content\/uploads\/2014\/10\/N\u00e9go-4-300x211.gif\" alt=\"N\u00e9go-4\" width=\"300\" height=\"211\" srcset=\"http:\/\/pilau.fr\/wordpress\/wp-content\/uploads\/2014\/10\/N\u00e9go-4-300x211.gif 300w, http:\/\/pilau.fr\/wordpress\/wp-content\/uploads\/2014\/10\/N\u00e9go-4-1024x720.gif 1024w\" sizes=\"(max-width: 300px) 100vw, 300px\" \/><\/a> <a href=\"http:\/\/pilau.fr\/wordpress\/wp-content\/uploads\/2014\/10\/N\u00e9go-5.gif\"><img loading=\"lazy\" decoding=\"async\" class=\" size-medium wp-image-596 alignnone\" src=\"http:\/\/pilau.fr\/wordpress\/wp-content\/uploads\/2014\/10\/N\u00e9go-5-300x211.gif\" alt=\"N\u00e9go-5\" width=\"300\" height=\"211\" srcset=\"http:\/\/pilau.fr\/wordpress\/wp-content\/uploads\/2014\/10\/N\u00e9go-5-300x211.gif 300w, http:\/\/pilau.fr\/wordpress\/wp-content\/uploads\/2014\/10\/N\u00e9go-5-1024x720.gif 1024w\" sizes=\"(max-width: 300px) 100vw, 300px\" \/><\/a> <a href=\"http:\/\/pilau.fr\/wordpress\/wp-content\/uploads\/2014\/10\/N\u00e9go-6.gif\"><img loading=\"lazy\" decoding=\"async\" class=\" size-medium wp-image-597 alignnone\" src=\"http:\/\/pilau.fr\/wordpress\/wp-content\/uploads\/2014\/10\/N\u00e9go-6-300x211.gif\" alt=\"N\u00e9go-6\" width=\"300\" height=\"211\" srcset=\"http:\/\/pilau.fr\/wordpress\/wp-content\/uploads\/2014\/10\/N\u00e9go-6-300x211.gif 300w, http:\/\/pilau.fr\/wordpress\/wp-content\/uploads\/2014\/10\/N\u00e9go-6-1024x720.gif 1024w\" sizes=\"(max-width: 300px) 100vw, 300px\" \/><\/a> <a href=\"http:\/\/pilau.fr\/wordpress\/wp-content\/uploads\/2014\/10\/N\u00e9go-7.gif\"><img loading=\"lazy\" decoding=\"async\" class=\" size-medium wp-image-598 alignnone\" src=\"http:\/\/pilau.fr\/wordpress\/wp-content\/uploads\/2014\/10\/N\u00e9go-7-300x211.gif\" alt=\"N\u00e9go-7\" width=\"300\" height=\"211\" srcset=\"http:\/\/pilau.fr\/wordpress\/wp-content\/uploads\/2014\/10\/N\u00e9go-7-300x211.gif 300w, http:\/\/pilau.fr\/wordpress\/wp-content\/uploads\/2014\/10\/N\u00e9go-7-1024x720.gif 1024w\" sizes=\"(max-width: 300px) 100vw, 300px\" \/><\/a> <a href=\"http:\/\/pilau.fr\/wordpress\/wp-content\/uploads\/2014\/10\/N\u00e9go-8.gif\"><img loading=\"lazy\" decoding=\"async\" class=\" size-medium wp-image-599 alignnone\" src=\"http:\/\/pilau.fr\/wordpress\/wp-content\/uploads\/2014\/10\/N\u00e9go-8-300x211.gif\" alt=\"N\u00e9go-8\" width=\"300\" height=\"211\" srcset=\"http:\/\/pilau.fr\/wordpress\/wp-content\/uploads\/2014\/10\/N\u00e9go-8-300x211.gif 300w, http:\/\/pilau.fr\/wordpress\/wp-content\/uploads\/2014\/10\/N\u00e9go-8-1024x720.gif 1024w\" sizes=\"(max-width: 300px) 100vw, 300px\" \/><\/a><\/p>\n<hr \/>\n<p>&nbsp;<\/p>\n<div id=\"attachment_448\" style=\"width: 74px\" class=\"wp-caption aligncenter\"><a href=\"http:\/\/pilau.fr\/wordpress\/wp-content\/uploads\/2014\/10\/Soap2-complettxt.gif\"><img loading=\"lazy\" decoding=\"async\" aria-describedby=\"caption-attachment-448\" class=\"size-medium wp-image-448\" src=\"http:\/\/pilau.fr\/wordpress\/wp-content\/uploads\/2014\/10\/Soap2-complettxt-64x300.gif\" alt=\"paru dans le Cirque 14 (2004)\" width=\"64\" height=\"300\" srcset=\"http:\/\/pilau.fr\/wordpress\/wp-content\/uploads\/2014\/10\/Soap2-complettxt-64x300.gif 64w, http:\/\/pilau.fr\/wordpress\/wp-content\/uploads\/2014\/10\/Soap2-complettxt-218x1024.gif 218w\" sizes=\"(max-width: 64px) 100vw, 64px\" \/><\/a><p id=\"caption-attachment-448\" class=\"wp-caption-text\">SOAP #2 paru dans le Cirque 14 (2004)<\/p><\/div>\n","protected":false},"excerpt":{"rendered":"<p>Le Cirque, Mon G\u00e9nial Fanzine para\u00eet depuis 199&#8230; (je ne sais plus).\u00a0Il ne para\u00eet plus depuis 2009.\u00a0Mais il pourrait bien repara\u00eetre un jour. C&rsquo;est ce qu&rsquo;on appelle de la Small Press : Il est fait enti\u00e8rement \u00e0 la main, tir\u00e9&hellip;<\/p>\n<p class=\"more-link-p\"><a class=\"more-link\" href=\"http:\/\/pilau.fr\/wordpress\/?page_id=30\">Read more &rarr;<\/a><\/p>\n","protected":false},"author":1,"featured_media":31,"parent":15,"menu_order":0,"comment_status":"open","ping_status":"open","template":"","meta":{"footnotes":""},"_links":{"self":[{"href":"http:\/\/pilau.fr\/wordpress\/index.php?rest_route=\/wp\/v2\/pages\/30"}],"collection":[{"href":"http:\/\/pilau.fr\/wordpress\/index.php?rest_route=\/wp\/v2\/pages"}],"about":[{"href":"http:\/\/pilau.fr\/wordpress\/index.php?rest_route=\/wp\/v2\/types\/page"}],"author":[{"embeddable":true,"href":"http:\/\/pilau.fr\/wordpress\/index.php?rest_route=\/wp\/v2\/users\/1"}],"replies":[{"embeddable":true,"href":"http:\/\/pilau.fr\/wordpress\/index.php?rest_route=%2Fwp%2Fv2%2Fcomments&post=30"}],"version-history":[{"count":26,"href":"http:\/\/pilau.fr\/wordpress\/index.php?rest_route=\/wp\/v2\/pages\/30\/revisions"}],"predecessor-version":[{"id":780,"href":"http:\/\/pilau.fr\/wordpress\/index.php?rest_route=\/wp\/v2\/pages\/30\/revisions\/780"}],"up":[{"embeddable":true,"href":"http:\/\/pilau.fr\/wordpress\/index.php?rest_route=\/wp\/v2\/pages\/15"}],"wp:featuredmedia":[{"embeddable":true,"href":"http:\/\/pilau.fr\/wordpress\/index.php?rest_route=\/wp\/v2\/media\/31"}],"wp:attachment":[{"href":"http:\/\/pilau.fr\/wordpress\/index.php?rest_route=%2Fwp%2Fv2%2Fmedia&parent=30"}],"curies":[{"name":"wp","href":"https:\/\/api.w.org\/{rel}","templated":true}]}}