{"id":239,"date":"2014-12-30T09:23:18","date_gmt":"2014-12-30T08:23:18","guid":{"rendered":"http:\/\/pilau.fr\/wordpress\/?page_id=239"},"modified":"2014-12-30T09:23:18","modified_gmt":"2014-12-30T08:23:18","slug":"migrant-e-s-quand-la-bd-sengage","status":"publish","type":"page","link":"http:\/\/pilau.fr\/wordpress\/?page_id=239","title":{"rendered":"Migrant-e-s, quand la BD s\u2019engage"},"content":{"rendered":"<div id=\"id17\" class=\"style_SkipStroke_7 shape-with-text\">\n<div class=\"text-content Normal_External_356_104\">\n<div class=\"Normal\">\n<p class=\"paragraph_style_14\"><a href=\"http:\/\/pilau.fr\/wordpress\/wp-content\/uploads\/2014\/12\/Affiche-migrants-LD.jpg\"><img loading=\"lazy\" decoding=\"async\" class=\"alignleft wp-image-243 size-medium\" src=\"http:\/\/pilau.fr\/wordpress\/wp-content\/uploads\/2014\/12\/Affiche-migrants-LD-212x300.jpg\" alt=\"Affiche migrants LD\" width=\"212\" height=\"300\" srcset=\"http:\/\/pilau.fr\/wordpress\/wp-content\/uploads\/2014\/12\/Affiche-migrants-LD-212x300.jpg 212w, http:\/\/pilau.fr\/wordpress\/wp-content\/uploads\/2014\/12\/Affiche-migrants-LD-723x1024.jpg 723w, http:\/\/pilau.fr\/wordpress\/wp-content\/uploads\/2014\/12\/Affiche-migrants-LD.jpg 1753w\" sizes=\"(max-width: 212px) 100vw, 212px\" \/><\/a>Une exposition pr\u00e9sent\u00e9e \u00e0 l\u2019Institut Fran\u00e7ais d\u2019Helsinki, du 19 mars au 6 avril 2013, avec des extraits de Malamine, un africain \u00e0 paris (Mbumbo et Edimo) et de Immigrants (collectif coordonn\u00e9 par Christophe Dabitch).<\/p>\n<p class=\"paragraph_style_1\">Il faisait bien froid en Finlande en mars, mais l\u2019expo \u00e9tait belle !<\/p>\n<p class=\"paragraph_style_2\">Merci \u00e0 Laurence, de l\u2019Institut Fran\u00e7ais, \u00e0 BdBoum, \u00e0 Futuropolis et aux Enfants Rouges d\u2019avoir rendu cette exposition possible<\/p>\n<\/div>\n<\/div>\n<\/div>\n<div id=\"id18\" class=\"style_SkipStroke_9 shape-with-text\">\n<div id='gallery-1' class='gallery galleryid-239 gallery-columns-3 gallery-size-thumbnail'><dl class='gallery-item'>\n\t\t\t<dt class='gallery-icon landscape'>\n\t\t\t\t<a href='http:\/\/pilau.fr\/wordpress\/?attachment_id=244'><img loading=\"lazy\" decoding=\"async\" width=\"150\" height=\"150\" src=\"http:\/\/pilau.fr\/wordpress\/wp-content\/uploads\/2014\/12\/migrants-1-150x150.jpg\" class=\"attachment-thumbnail size-thumbnail\" alt=\"\" \/><\/a>\n\t\t\t<\/dt><\/dl><dl class='gallery-item'>\n\t\t\t<dt class='gallery-icon landscape'>\n\t\t\t\t<a href='http:\/\/pilau.fr\/wordpress\/?attachment_id=245'><img loading=\"lazy\" decoding=\"async\" width=\"150\" height=\"150\" src=\"http:\/\/pilau.fr\/wordpress\/wp-content\/uploads\/2014\/12\/migrants-2-150x150.jpg\" class=\"attachment-thumbnail size-thumbnail\" alt=\"\" \/><\/a>\n\t\t\t<\/dt><\/dl><dl class='gallery-item'>\n\t\t\t<dt class='gallery-icon landscape'>\n\t\t\t\t<a href='http:\/\/pilau.fr\/wordpress\/?attachment_id=246'><img loading=\"lazy\" decoding=\"async\" width=\"150\" height=\"150\" src=\"http:\/\/pilau.fr\/wordpress\/wp-content\/uploads\/2014\/12\/migrants-3-150x150.jpg\" class=\"attachment-thumbnail size-thumbnail\" alt=\"\" \/><\/a>\n\t\t\t<\/dt><\/dl><br style=\"clear: both\" \/><dl class='gallery-item'>\n\t\t\t<dt class='gallery-icon landscape'>\n\t\t\t\t<a href='http:\/\/pilau.fr\/wordpress\/?attachment_id=247'><img loading=\"lazy\" decoding=\"async\" width=\"150\" height=\"150\" src=\"http:\/\/pilau.fr\/wordpress\/wp-content\/uploads\/2014\/12\/migrants-4-150x150.jpg\" class=\"attachment-thumbnail size-thumbnail\" alt=\"\" \/><\/a>\n\t\t\t<\/dt><\/dl><dl class='gallery-item'>\n\t\t\t<dt class='gallery-icon landscape'>\n\t\t\t\t<a href='http:\/\/pilau.fr\/wordpress\/?attachment_id=248'><img loading=\"lazy\" decoding=\"async\" width=\"150\" height=\"150\" src=\"http:\/\/pilau.fr\/wordpress\/wp-content\/uploads\/2014\/12\/migrants-5-150x150.jpg\" class=\"attachment-thumbnail size-thumbnail\" alt=\"\" \/><\/a>\n\t\t\t<\/dt><\/dl><dl class='gallery-item'>\n\t\t\t<dt class='gallery-icon landscape'>\n\t\t\t\t<a href='http:\/\/pilau.fr\/wordpress\/?attachment_id=249'><img loading=\"lazy\" decoding=\"async\" width=\"150\" height=\"150\" src=\"http:\/\/pilau.fr\/wordpress\/wp-content\/uploads\/2014\/12\/migrants-6-150x150.jpg\" class=\"attachment-thumbnail size-thumbnail\" alt=\"\" \/><\/a>\n\t\t\t<\/dt><\/dl><br style=\"clear: both\" \/><dl class='gallery-item'>\n\t\t\t<dt class='gallery-icon landscape'>\n\t\t\t\t<a href='http:\/\/pilau.fr\/wordpress\/?attachment_id=250'><img loading=\"lazy\" decoding=\"async\" width=\"150\" height=\"150\" src=\"http:\/\/pilau.fr\/wordpress\/wp-content\/uploads\/2014\/12\/migrants-7-150x150.jpg\" class=\"attachment-thumbnail size-thumbnail\" alt=\"\" \/><\/a>\n\t\t\t<\/dt><\/dl><dl class='gallery-item'>\n\t\t\t<dt class='gallery-icon landscape'>\n\t\t\t\t<a href='http:\/\/pilau.fr\/wordpress\/?attachment_id=251'><img loading=\"lazy\" decoding=\"async\" width=\"150\" height=\"150\" src=\"http:\/\/pilau.fr\/wordpress\/wp-content\/uploads\/2014\/12\/migrants-8-150x150.jpg\" class=\"attachment-thumbnail size-thumbnail\" alt=\"\" \/><\/a>\n\t\t\t<\/dt><\/dl><dl class='gallery-item'>\n\t\t\t<dt class='gallery-icon landscape'>\n\t\t\t\t<a href='http:\/\/pilau.fr\/wordpress\/?attachment_id=252'><img loading=\"lazy\" decoding=\"async\" width=\"150\" height=\"150\" src=\"http:\/\/pilau.fr\/wordpress\/wp-content\/uploads\/2014\/12\/migrants-9-150x150.jpg\" class=\"attachment-thumbnail size-thumbnail\" alt=\"\" \/><\/a>\n\t\t\t<\/dt><\/dl><br style=\"clear: both\" \/>\n\t\t<\/div>\n\n<\/div>\n","protected":false},"excerpt":{"rendered":"<p>Une exposition pr\u00e9sent\u00e9e \u00e0 l\u2019Institut Fran\u00e7ais d\u2019Helsinki, du 19 mars au 6 avril 2013, avec des extraits de Malamine, un africain \u00e0 paris (Mbumbo et Edimo) et de Immigrants (collectif coordonn\u00e9 par Christophe Dabitch). Il faisait bien froid en Finlande&hellip;<\/p>\n<p class=\"more-link-p\"><a class=\"more-link\" href=\"http:\/\/pilau.fr\/wordpress\/?page_id=239\">Read more &rarr;<\/a><\/p>\n","protected":false},"author":1,"featured_media":0,"parent":38,"menu_order":0,"comment_status":"open","ping_status":"open","template":"","meta":{"footnotes":""},"_links":{"self":[{"href":"http:\/\/pilau.fr\/wordpress\/index.php?rest_route=\/wp\/v2\/pages\/239"}],"collection":[{"href":"http:\/\/pilau.fr\/wordpress\/index.php?rest_route=\/wp\/v2\/pages"}],"about":[{"href":"http:\/\/pilau.fr\/wordpress\/index.php?rest_route=\/wp\/v2\/types\/page"}],"author":[{"embeddable":true,"href":"http:\/\/pilau.fr\/wordpress\/index.php?rest_route=\/wp\/v2\/users\/1"}],"replies":[{"embeddable":true,"href":"http:\/\/pilau.fr\/wordpress\/index.php?rest_route=%2Fwp%2Fv2%2Fcomments&post=239"}],"version-history":[{"count":3,"href":"http:\/\/pilau.fr\/wordpress\/index.php?rest_route=\/wp\/v2\/pages\/239\/revisions"}],"predecessor-version":[{"id":253,"href":"http:\/\/pilau.fr\/wordpress\/index.php?rest_route=\/wp\/v2\/pages\/239\/revisions\/253"}],"up":[{"embeddable":true,"href":"http:\/\/pilau.fr\/wordpress\/index.php?rest_route=\/wp\/v2\/pages\/38"}],"wp:attachment":[{"href":"http:\/\/pilau.fr\/wordpress\/index.php?rest_route=%2Fwp%2Fv2%2Fmedia&parent=239"}],"curies":[{"name":"wp","href":"https:\/\/api.w.org\/{rel}","templated":true}]}}