{"id":154,"date":"2014-11-15T22:01:52","date_gmt":"2014-11-15T21:01:52","guid":{"rendered":"http:\/\/pilau.fr\/wordpress\/?page_id=154"},"modified":"2014-11-15T22:20:34","modified_gmt":"2014-11-15T21:20:34","slug":"ligne-07-lors-du-fibd-2013","status":"publish","type":"page","link":"http:\/\/pilau.fr\/wordpress\/?page_id=154","title":{"rendered":"\u00ab\u00a0Ligne 07\u00a0\u00bb lors du FIBD 2013"},"content":{"rendered":"<p>Ligne 07, c&rsquo;est d&rsquo;abord un livre du collectif Encre s\u00e8che, rassemblant des bandes dessin\u00e9es de sept jeunes auteurs de bande dessin\u00e9e angoumoisins de diff\u00e9rentes nationalit\u00e9s (Wei Li, Guillaume Maroncle, Sarah Bouvier, Junik Shin, Saalomeh\u00a0Sayah, Alex Dantas et Jooa Chung). Chacun a con\u00e7u et r\u00e9alis\u00e9 une bande dessin\u00e9e sur un th\u00e8me commun\u00a0: une ligne de bus. Il ne s\u2019agit pas seulement d\u2019un recueil d\u2019histoires ind\u00e9pendantes puisqu\u2019il a aussi \u00e9t\u00e9 demand\u00e9 aux auteurs de travailler ensemble afin de cr\u00e9er des connexions entre leurs r\u00e9cits\u00a0: les histoires se croisent, des correspondances apparaissent, des personnages r\u00e9apparaissent\u2026 Chaque histoire peut ainsi \u00eatre lue isol\u00e9ment ou comme partie d&rsquo;un ensemble plus large.<\/p>\n<p>Avec l&rsquo;aimable\u00a0partenariat de la STGA, nous avons mont\u00e9 une exposition dans un bus gar\u00e9 place du Palet pendant le festival d&rsquo;Angoul\u00eame 2013.<\/p>\n<p>&nbsp;<\/p>\n<p><a href=\"http:\/\/pilau.fr\/wordpress\/wp-content\/uploads\/2014\/11\/Bus-Guillaume-extrait-1.jpg\"><img loading=\"lazy\" decoding=\"async\" class=\"alignnone size-medium wp-image-160\" src=\"http:\/\/pilau.fr\/wordpress\/wp-content\/uploads\/2014\/11\/Bus-Guillaume-extrait-1-300x263.jpg\" alt=\"Bus Guillaume extrait 1\" width=\"300\" height=\"263\" srcset=\"http:\/\/pilau.fr\/wordpress\/wp-content\/uploads\/2014\/11\/Bus-Guillaume-extrait-1-300x263.jpg 300w, http:\/\/pilau.fr\/wordpress\/wp-content\/uploads\/2014\/11\/Bus-Guillaume-extrait-1-1024x898.jpg 1024w, http:\/\/pilau.fr\/wordpress\/wp-content\/uploads\/2014\/11\/Bus-Guillaume-extrait-1.jpg 1146w\" sizes=\"(max-width: 300px) 100vw, 300px\" \/><\/a> <a href=\"http:\/\/pilau.fr\/wordpress\/wp-content\/uploads\/2014\/11\/Bus-Guillaume-extrait-2.jpg\"><img loading=\"lazy\" decoding=\"async\" class=\"alignnone size-medium wp-image-161\" src=\"http:\/\/pilau.fr\/wordpress\/wp-content\/uploads\/2014\/11\/Bus-Guillaume-extrait-2-300x263.jpg\" alt=\"Bus Guillaume extrait 2\" width=\"300\" height=\"263\" srcset=\"http:\/\/pilau.fr\/wordpress\/wp-content\/uploads\/2014\/11\/Bus-Guillaume-extrait-2-300x263.jpg 300w, http:\/\/pilau.fr\/wordpress\/wp-content\/uploads\/2014\/11\/Bus-Guillaume-extrait-2-1024x897.jpg 1024w, http:\/\/pilau.fr\/wordpress\/wp-content\/uploads\/2014\/11\/Bus-Guillaume-extrait-2.jpg 1145w\" sizes=\"(max-width: 300px) 100vw, 300px\" \/><\/a> <a href=\"http:\/\/pilau.fr\/wordpress\/wp-content\/uploads\/2014\/11\/bus-junik-extrait.jpg\"><img loading=\"lazy\" decoding=\"async\" class=\"alignnone size-medium wp-image-162\" src=\"http:\/\/pilau.fr\/wordpress\/wp-content\/uploads\/2014\/11\/bus-junik-extrait-300x172.jpg\" alt=\"bus junik extrait\" width=\"300\" height=\"172\" srcset=\"http:\/\/pilau.fr\/wordpress\/wp-content\/uploads\/2014\/11\/bus-junik-extrait-300x172.jpg 300w, http:\/\/pilau.fr\/wordpress\/wp-content\/uploads\/2014\/11\/bus-junik-extrait.jpg 467w\" sizes=\"(max-width: 300px) 100vw, 300px\" \/><\/a> <a href=\"http:\/\/pilau.fr\/wordpress\/wp-content\/uploads\/2014\/11\/Bus-Saloomeh-extrait.jpg\"><img loading=\"lazy\" decoding=\"async\" class=\"alignnone size-medium wp-image-163\" src=\"http:\/\/pilau.fr\/wordpress\/wp-content\/uploads\/2014\/11\/Bus-Saloomeh-extrait-235x300.jpg\" alt=\"Bus Saloomeh extrait\" width=\"235\" height=\"300\" srcset=\"http:\/\/pilau.fr\/wordpress\/wp-content\/uploads\/2014\/11\/Bus-Saloomeh-extrait-235x300.jpg 235w, http:\/\/pilau.fr\/wordpress\/wp-content\/uploads\/2014\/11\/Bus-Saloomeh-extrait.jpg 769w\" sizes=\"(max-width: 235px) 100vw, 235px\" \/><\/a> <a href=\"http:\/\/pilau.fr\/wordpress\/wp-content\/uploads\/2014\/11\/BUS-sarah-extrait.jpg\"><img loading=\"lazy\" decoding=\"async\" class=\"alignnone size-medium wp-image-164\" src=\"http:\/\/pilau.fr\/wordpress\/wp-content\/uploads\/2014\/11\/BUS-sarah-extrait-300x300.jpg\" alt=\"BUS sarah extrait\" width=\"300\" height=\"300\" srcset=\"http:\/\/pilau.fr\/wordpress\/wp-content\/uploads\/2014\/11\/BUS-sarah-extrait-300x300.jpg 300w, http:\/\/pilau.fr\/wordpress\/wp-content\/uploads\/2014\/11\/BUS-sarah-extrait-150x150.jpg 150w, http:\/\/pilau.fr\/wordpress\/wp-content\/uploads\/2014\/11\/BUS-sarah-extrait-1024x1024.jpg 1024w\" sizes=\"(max-width: 300px) 100vw, 300px\" \/><\/a> <a href=\"http:\/\/pilau.fr\/wordpress\/wp-content\/uploads\/2014\/11\/Bus-Wei-extrait.jpg\"><img loading=\"lazy\" decoding=\"async\" class=\"alignnone size-medium wp-image-165\" src=\"http:\/\/pilau.fr\/wordpress\/wp-content\/uploads\/2014\/11\/Bus-Wei-extrait-300x210.jpg\" alt=\"Bus Wei extrait\" width=\"300\" height=\"210\" srcset=\"http:\/\/pilau.fr\/wordpress\/wp-content\/uploads\/2014\/11\/Bus-Wei-extrait-300x210.jpg 300w, http:\/\/pilau.fr\/wordpress\/wp-content\/uploads\/2014\/11\/Bus-Wei-extrait-1024x719.jpg 1024w, http:\/\/pilau.fr\/wordpress\/wp-content\/uploads\/2014\/11\/Bus-Wei-extrait.jpg 1728w\" sizes=\"(max-width: 300px) 100vw, 300px\" \/><br \/>\n<\/a><\/p>\n<p><a href=\"http:\/\/pilau.fr\/wordpress\/wp-content\/uploads\/2014\/11\/rendu-du-expo03e.jpg\"><img loading=\"lazy\" decoding=\"async\" class=\"alignnone size-medium wp-image-177\" src=\"http:\/\/pilau.fr\/wordpress\/wp-content\/uploads\/2014\/11\/rendu-du-expo03e-192x300.jpg\" alt=\"rendu du expo03e\" width=\"192\" height=\"300\" srcset=\"http:\/\/pilau.fr\/wordpress\/wp-content\/uploads\/2014\/11\/rendu-du-expo03e-192x300.jpg 192w, http:\/\/pilau.fr\/wordpress\/wp-content\/uploads\/2014\/11\/rendu-du-expo03e-657x1024.jpg 657w, http:\/\/pilau.fr\/wordpress\/wp-content\/uploads\/2014\/11\/rendu-du-expo03e.jpg 1060w\" sizes=\"(max-width: 192px) 100vw, 192px\" \/><\/a> <a href=\"http:\/\/pilau.fr\/wordpress\/wp-content\/uploads\/2014\/11\/rendu-du-expo02d.jpg\"><img loading=\"lazy\" decoding=\"async\" class=\"alignnone size-medium wp-image-176\" src=\"http:\/\/pilau.fr\/wordpress\/wp-content\/uploads\/2014\/11\/rendu-du-expo02d-300x228.jpg\" alt=\"rendu du expo02d\" width=\"300\" height=\"228\" srcset=\"http:\/\/pilau.fr\/wordpress\/wp-content\/uploads\/2014\/11\/rendu-du-expo02d-300x228.jpg 300w, http:\/\/pilau.fr\/wordpress\/wp-content\/uploads\/2014\/11\/rendu-du-expo02d-1024x779.jpg 1024w, http:\/\/pilau.fr\/wordpress\/wp-content\/uploads\/2014\/11\/rendu-du-expo02d.jpg 1073w\" sizes=\"(max-width: 300px) 100vw, 300px\" \/><\/a> <a href=\"http:\/\/pilau.fr\/wordpress\/wp-content\/uploads\/2014\/11\/rendu-du-expo02a.jpg\"><img loading=\"lazy\" decoding=\"async\" class=\"alignnone size-medium wp-image-175\" src=\"http:\/\/pilau.fr\/wordpress\/wp-content\/uploads\/2014\/11\/rendu-du-expo02a-300x228.jpg\" alt=\"rendu du expo02a\" width=\"300\" height=\"228\" srcset=\"http:\/\/pilau.fr\/wordpress\/wp-content\/uploads\/2014\/11\/rendu-du-expo02a-300x228.jpg 300w, http:\/\/pilau.fr\/wordpress\/wp-content\/uploads\/2014\/11\/rendu-du-expo02a-1024x779.jpg 1024w, http:\/\/pilau.fr\/wordpress\/wp-content\/uploads\/2014\/11\/rendu-du-expo02a.jpg 1062w\" sizes=\"(max-width: 300px) 100vw, 300px\" \/><\/a> <a href=\"http:\/\/pilau.fr\/wordpress\/wp-content\/uploads\/2014\/11\/rendu-du-expo02e.jpg\"><img loading=\"lazy\" decoding=\"async\" class=\"alignnone size-medium wp-image-174\" src=\"http:\/\/pilau.fr\/wordpress\/wp-content\/uploads\/2014\/11\/rendu-du-expo02e-300x227.jpg\" alt=\"rendu du expo02e\" width=\"300\" height=\"227\" srcset=\"http:\/\/pilau.fr\/wordpress\/wp-content\/uploads\/2014\/11\/rendu-du-expo02e-300x227.jpg 300w, http:\/\/pilau.fr\/wordpress\/wp-content\/uploads\/2014\/11\/rendu-du-expo02e-1024x775.jpg 1024w, http:\/\/pilau.fr\/wordpress\/wp-content\/uploads\/2014\/11\/rendu-du-expo02e.jpg 1056w\" sizes=\"(max-width: 300px) 100vw, 300px\" \/><\/a> <a href=\"http:\/\/pilau.fr\/wordpress\/wp-content\/uploads\/2014\/11\/rendu-du-expo01b.jpg\"><img loading=\"lazy\" decoding=\"async\" class=\"alignnone size-medium wp-image-173\" src=\"http:\/\/pilau.fr\/wordpress\/wp-content\/uploads\/2014\/11\/rendu-du-expo01b-300x228.jpg\" alt=\"rendu du expo01b\" width=\"300\" height=\"228\" srcset=\"http:\/\/pilau.fr\/wordpress\/wp-content\/uploads\/2014\/11\/rendu-du-expo01b-300x228.jpg 300w, http:\/\/pilau.fr\/wordpress\/wp-content\/uploads\/2014\/11\/rendu-du-expo01b-1024x780.jpg 1024w, http:\/\/pilau.fr\/wordpress\/wp-content\/uploads\/2014\/11\/rendu-du-expo01b.jpg 1055w\" sizes=\"(max-width: 300px) 100vw, 300px\" \/><\/a> <a href=\"http:\/\/pilau.fr\/wordpress\/wp-content\/uploads\/2014\/11\/rendu-du-expo03d.jpg\"><img loading=\"lazy\" decoding=\"async\" class=\"alignnone size-medium wp-image-172\" src=\"http:\/\/pilau.fr\/wordpress\/wp-content\/uploads\/2014\/11\/rendu-du-expo03d-300x226.jpg\" alt=\"rendu du expo03d\" width=\"300\" height=\"226\" srcset=\"http:\/\/pilau.fr\/wordpress\/wp-content\/uploads\/2014\/11\/rendu-du-expo03d-300x226.jpg 300w, http:\/\/pilau.fr\/wordpress\/wp-content\/uploads\/2014\/11\/rendu-du-expo03d-1024x773.jpg 1024w, http:\/\/pilau.fr\/wordpress\/wp-content\/uploads\/2014\/11\/rendu-du-expo03d.jpg 1066w\" sizes=\"(max-width: 300px) 100vw, 300px\" \/><\/a> <a href=\"http:\/\/pilau.fr\/wordpress\/wp-content\/uploads\/2014\/11\/rendu-du-expo02g.jpg\"><img loading=\"lazy\" decoding=\"async\" class=\"alignnone size-medium wp-image-171\" src=\"http:\/\/pilau.fr\/wordpress\/wp-content\/uploads\/2014\/11\/rendu-du-expo02g-300x227.jpg\" alt=\"rendu du expo02g\" width=\"300\" height=\"227\" srcset=\"http:\/\/pilau.fr\/wordpress\/wp-content\/uploads\/2014\/11\/rendu-du-expo02g-300x227.jpg 300w, http:\/\/pilau.fr\/wordpress\/wp-content\/uploads\/2014\/11\/rendu-du-expo02g-1024x777.jpg 1024w, http:\/\/pilau.fr\/wordpress\/wp-content\/uploads\/2014\/11\/rendu-du-expo02g.jpg 1048w\" sizes=\"(max-width: 300px) 100vw, 300px\" \/><\/a> <a href=\"http:\/\/pilau.fr\/wordpress\/wp-content\/uploads\/2014\/11\/rendu-du-expo02c.jpg\"><img loading=\"lazy\" decoding=\"async\" class=\"alignnone size-medium wp-image-170\" src=\"http:\/\/pilau.fr\/wordpress\/wp-content\/uploads\/2014\/11\/rendu-du-expo02c-300x227.jpg\" alt=\"rendu du expo02c\" width=\"300\" height=\"227\" srcset=\"http:\/\/pilau.fr\/wordpress\/wp-content\/uploads\/2014\/11\/rendu-du-expo02c-300x227.jpg 300w, http:\/\/pilau.fr\/wordpress\/wp-content\/uploads\/2014\/11\/rendu-du-expo02c-1024x777.jpg 1024w, http:\/\/pilau.fr\/wordpress\/wp-content\/uploads\/2014\/11\/rendu-du-expo02c.jpg 1064w\" sizes=\"(max-width: 300px) 100vw, 300px\" \/><\/a> <a href=\"http:\/\/pilau.fr\/wordpress\/wp-content\/uploads\/2014\/11\/rendu-du-expo03c.jpg\"><img loading=\"lazy\" decoding=\"async\" class=\"alignnone size-medium wp-image-169\" src=\"http:\/\/pilau.fr\/wordpress\/wp-content\/uploads\/2014\/11\/rendu-du-expo03c-300x226.jpg\" alt=\"rendu du expo03c\" width=\"300\" height=\"226\" srcset=\"http:\/\/pilau.fr\/wordpress\/wp-content\/uploads\/2014\/11\/rendu-du-expo03c-300x226.jpg 300w, http:\/\/pilau.fr\/wordpress\/wp-content\/uploads\/2014\/11\/rendu-du-expo03c-1024x774.jpg 1024w, http:\/\/pilau.fr\/wordpress\/wp-content\/uploads\/2014\/11\/rendu-du-expo03c.jpg 1050w\" sizes=\"(max-width: 300px) 100vw, 300px\" \/><\/a> <a href=\"http:\/\/pilau.fr\/wordpress\/wp-content\/uploads\/2014\/11\/rendu-du-expo04b.jpg\"><img loading=\"lazy\" decoding=\"async\" class=\"alignnone size-medium wp-image-168\" src=\"http:\/\/pilau.fr\/wordpress\/wp-content\/uploads\/2014\/11\/rendu-du-expo04b-300x226.jpg\" alt=\"rendu du expo04b\" width=\"300\" height=\"226\" srcset=\"http:\/\/pilau.fr\/wordpress\/wp-content\/uploads\/2014\/11\/rendu-du-expo04b-300x226.jpg 300w, http:\/\/pilau.fr\/wordpress\/wp-content\/uploads\/2014\/11\/rendu-du-expo04b-1024x774.jpg 1024w, http:\/\/pilau.fr\/wordpress\/wp-content\/uploads\/2014\/11\/rendu-du-expo04b.jpg 1046w\" sizes=\"(max-width: 300px) 100vw, 300px\" \/><\/a> <a href=\"http:\/\/pilau.fr\/wordpress\/wp-content\/uploads\/2014\/11\/rendu-du-expo03b.jpg\"><img loading=\"lazy\" decoding=\"async\" class=\"alignnone size-medium wp-image-167\" src=\"http:\/\/pilau.fr\/wordpress\/wp-content\/uploads\/2014\/11\/rendu-du-expo03b-300x227.jpg\" alt=\"rendu du expo03b\" width=\"300\" height=\"227\" srcset=\"http:\/\/pilau.fr\/wordpress\/wp-content\/uploads\/2014\/11\/rendu-du-expo03b-300x227.jpg 300w, http:\/\/pilau.fr\/wordpress\/wp-content\/uploads\/2014\/11\/rendu-du-expo03b-1024x776.jpg 1024w, http:\/\/pilau.fr\/wordpress\/wp-content\/uploads\/2014\/11\/rendu-du-expo03b.jpg 1054w\" sizes=\"(max-width: 300px) 100vw, 300px\" \/><\/a> <a href=\"http:\/\/pilau.fr\/wordpress\/wp-content\/uploads\/2014\/11\/rendu-du-expo02f.jpg\"><img loading=\"lazy\" decoding=\"async\" class=\"alignnone size-medium wp-image-166\" src=\"http:\/\/pilau.fr\/wordpress\/wp-content\/uploads\/2014\/11\/rendu-du-expo02f-300x225.jpg\" alt=\"rendu du expo02f\" width=\"300\" height=\"225\" srcset=\"http:\/\/pilau.fr\/wordpress\/wp-content\/uploads\/2014\/11\/rendu-du-expo02f-300x225.jpg 300w, http:\/\/pilau.fr\/wordpress\/wp-content\/uploads\/2014\/11\/rendu-du-expo02f-1024x770.jpg 1024w, http:\/\/pilau.fr\/wordpress\/wp-content\/uploads\/2014\/11\/rendu-du-expo02f.jpg 1054w\" sizes=\"(max-width: 300px) 100vw, 300px\" \/><\/a><\/p>\n","protected":false},"excerpt":{"rendered":"<p>Ligne 07, c&rsquo;est d&rsquo;abord un livre du collectif Encre s\u00e8che, rassemblant des bandes dessin\u00e9es de sept jeunes auteurs de bande dessin\u00e9e angoumoisins de diff\u00e9rentes nationalit\u00e9s (Wei Li, Guillaume Maroncle, Sarah Bouvier, Junik Shin, Saalomeh\u00a0Sayah, Alex Dantas et Jooa Chung). Chacun&hellip;<\/p>\n<p class=\"more-link-p\"><a class=\"more-link\" href=\"http:\/\/pilau.fr\/wordpress\/?page_id=154\">Read more &rarr;<\/a><\/p>\n","protected":false},"author":1,"featured_media":0,"parent":130,"menu_order":0,"comment_status":"open","ping_status":"open","template":"","meta":{"footnotes":""},"_links":{"self":[{"href":"http:\/\/pilau.fr\/wordpress\/index.php?rest_route=\/wp\/v2\/pages\/154"}],"collection":[{"href":"http:\/\/pilau.fr\/wordpress\/index.php?rest_route=\/wp\/v2\/pages"}],"about":[{"href":"http:\/\/pilau.fr\/wordpress\/index.php?rest_route=\/wp\/v2\/types\/page"}],"author":[{"embeddable":true,"href":"http:\/\/pilau.fr\/wordpress\/index.php?rest_route=\/wp\/v2\/users\/1"}],"replies":[{"embeddable":true,"href":"http:\/\/pilau.fr\/wordpress\/index.php?rest_route=%2Fwp%2Fv2%2Fcomments&post=154"}],"version-history":[{"count":3,"href":"http:\/\/pilau.fr\/wordpress\/index.php?rest_route=\/wp\/v2\/pages\/154\/revisions"}],"predecessor-version":[{"id":178,"href":"http:\/\/pilau.fr\/wordpress\/index.php?rest_route=\/wp\/v2\/pages\/154\/revisions\/178"}],"up":[{"embeddable":true,"href":"http:\/\/pilau.fr\/wordpress\/index.php?rest_route=\/wp\/v2\/pages\/130"}],"wp:attachment":[{"href":"http:\/\/pilau.fr\/wordpress\/index.php?rest_route=%2Fwp%2Fv2%2Fmedia&parent=154"}],"curies":[{"name":"wp","href":"https:\/\/api.w.org\/{rel}","templated":true}]}}